{"id":10,"date":"2014-09-11T19:59:44","date_gmt":"2014-09-11T19:59:44","guid":{"rendered":"\/?page_id=10"},"modified":"2019-02-07T10:23:52","modified_gmt":"2019-02-07T09:23:52","slug":"koho-u-nas-potkate","status":"publish","type":"page","link":"https:\/\/www.vidum.cz\/index.php\/koho-u-nas-potkate\/","title":{"rendered":"N\u00e1\u0161 t\u00fdm"},"content":{"rendered":"<div class=\"wpb-content-wrapper\"><p>[vc_row][vc_column width=&#8220;2\/3&#8243;]<div class=\"prk_shortcode-title\"><div class=\"header_font sizer_medium bd_headings_text_shadow zero_color prk_vc_title\">Profesion\u00e1ln\u00ed t\u00fdm o\u010dn\u00edch specialist\u016f se star\u00e1 o va\u0161i maxim\u00e1ln\u00ed spokojenost.T\u011b\u0161\u00edme se na Va\u0161i n\u00e1v\u0161t\u011bvu<\/div><\/div>[\/vc_column][vc_column width=&#8220;1\/3&#8243;]<div class='wpb_content_element'><div class=\"samba_bquote_wrapper\"><div class=\"prk_blockquote \"><div class=\"in_quote\"><strong>Nev\u00e1hejte se na n\u00e1s obr\u00e1tit s jak\u00fdmkoli dotazem. Jde n\u00e1m o to, abyste se u n\u00e1s c\u00edtili dob\u0159e a dostali profesion\u00e1ln\u00ed slu\u017eby a servis<\/strong>.<\/div><\/div><\/div><\/div>[\/vc_column][\/vc_row][vc_row][vc_column width=&#8220;1\/1&#8243;][vc_separator][\/vc_column][\/vc_row][vc_row][vc_column width=&#8220;1\/1&#8243;]\t<div class=\"row prk_row\">\n\t\t<ul class=\"member_ul\"><li class=\"four columns sh_member_wrapper\" data-color=\"default\"><a href=\"https:\/\/www.vidum.cz\/index.php\/member\/john-doe\/\" class=\"sh_member_link fade_anchor\"><div class=\"member_colored_block boxed_shadow\"><div class=\"member_colored_block_in\"><div class=\"navicon-plus sh_member_link_icon body_bk_color\"><\/div><\/div><img src=https:\/\/www.vidum.cz\/wp-content\/uploads\/2014\/09\/radim-prymus.jpg alt=\"vidum ocni centrum\" class=\"mb_in_img\" \/><\/div> <\/a><div class=\"sh_member_name zero_color header_font bd_headings_text_shadow\"><h3 class=\"small fade_anchor\"><a href=\"https:\/\/www.vidum.cz\/index.php\/member\/john-doe\/\" class=\"fade_anchor\">Radim Prymus <\/a><\/h3><\/div><div class=\"sh_member_function zero_color bd_headings_text_shadow header_font\">jednatel spole\u010dnosti <br>o\u010dn\u00ed optik<br> vedouc\u00ed prodejny<\/div><div class=\"tiny_line\"><\/div><div class=\"sh_member_email default_color\"><a href=\"mailto:o&#112;&#116;&#105;&#107;&#97;&#64;&#118;id&#117;&#109;.&#99;&#122;\">opt&#105;&#107;&#97;&#64;&#118;idum&#46;&#99;&#122; <\/a><\/div><div class=\"clearfix\"><\/div><\/li><li class=\"four columns sh_member_wrapper\" data-color=\"default\"><a href=\"https:\/\/www.vidum.cz\/index.php\/member\/mgr-pavlina-prymusova\/\" class=\"sh_member_link fade_anchor\"><div class=\"member_colored_block boxed_shadow\"><div class=\"member_colored_block_in\"><div class=\"navicon-plus sh_member_link_icon body_bk_color\"><\/div><\/div><img src=https:\/\/www.vidum.cz\/wp-content\/uploads\/2014\/09\/pavlina-prymusova.jpg alt=\"pavlina prymusova\" class=\"mb_in_img\" \/><\/div> <\/a><div class=\"sh_member_name zero_color header_font bd_headings_text_shadow\"><h3 class=\"small fade_anchor\"><a href=\"https:\/\/www.vidum.cz\/index.php\/member\/mgr-pavlina-prymusova\/\" class=\"fade_anchor\">Mgr. Pavl\u00edna Prymusov\u00e1 <\/a><\/h3><\/div><div class=\"sh_member_function zero_color bd_headings_text_shadow header_font\">zrakov\u00fd terapeut<\/div><div class=\"tiny_line\"><\/div><div class=\"sh_member_email default_color\"><a href=\"mailto:op&#116;&#105;&#107;a&#64;&#118;&#105;d&#117;m.&#99;z\">op&#116;&#105;&#107;a&#64;v&#105;&#100;u&#109;&#46;c&#122; <\/a><\/div><div class=\"clearfix\"><\/div><\/li><li class=\"four columns sh_member_wrapper\" data-color=\"default\"><a href=\"https:\/\/www.vidum.cz\/index.php\/member\/mgr-gabriela-cvancigerova\/\" class=\"sh_member_link fade_anchor\"><div class=\"member_colored_block boxed_shadow\"><div class=\"member_colored_block_in\"><div class=\"navicon-plus sh_member_link_icon body_bk_color\"><\/div><\/div><img src=https:\/\/www.vidum.cz\/wp-content\/uploads\/2014\/11\/IMG_8570.jpg alt=\"IMG_8570\" class=\"mb_in_img\" \/><\/div> <\/a><div class=\"sh_member_name zero_color header_font bd_headings_text_shadow\"><h3 class=\"small fade_anchor\"><a href=\"https:\/\/www.vidum.cz\/index.php\/member\/mgr-gabriela-cvancigerova\/\" class=\"fade_anchor\">Mgr.Gabriela Cvancigerov\u00e1 <\/a><\/h3><\/div><div class=\"sh_member_function zero_color bd_headings_text_shadow header_font\">optometrista<\/div><div class=\"tiny_line\"><\/div><div class=\"sh_member_email default_color\"><a href=\"mailto:o&#112;tik&#97;&#64;&#118;&#105;&#100;&#117;m&#46;&#99;z\">o&#112;&#116;i&#107;&#97;&#64;v&#105;dum&#46;cz <\/a><\/div><div class=\"clearfix\"><\/div><\/li><li class=\"clearfix\"><\/li><li class=\"four columns sh_member_wrapper\" data-color=\"default\"><a href=\"https:\/\/www.vidum.cz\/index.php\/member\/jarmila-barankova\/\" class=\"sh_member_link fade_anchor\"><div class=\"member_colored_block boxed_shadow\"><div class=\"member_colored_block_in\"><div class=\"navicon-plus sh_member_link_icon body_bk_color\"><\/div><\/div><img src=https:\/\/www.vidum.cz\/wp-content\/uploads\/2014\/11\/prazak.jpg alt=\"Jarmila Bar\u00e1nkov\u00e1\" class=\"mb_in_img\" \/><\/div> <\/a><div class=\"sh_member_name zero_color header_font bd_headings_text_shadow\"><h3 class=\"small fade_anchor\"><a href=\"https:\/\/www.vidum.cz\/index.php\/member\/jarmila-barankova\/\" class=\"fade_anchor\">Jarmila Bar\u00e1nkov\u00e1 <\/a><\/h3><\/div><div class=\"sh_member_function zero_color bd_headings_text_shadow header_font\">asistentka prodeje<\/div><div class=\"tiny_line\"><\/div><div class=\"sh_member_email default_color\"><a href=\"mailto:&#111;&#112;t&#105;k&#97;&#64;&#118;i&#100;&#117;&#109;.&#99;z\">&#111;ptika&#64;vidu&#109;&#46;&#99;&#122; <\/a><\/div><div class=\"clearfix\"><\/div><\/li><li class=\"four columns sh_member_wrapper\" data-color=\"default\"><a href=\"https:\/\/www.vidum.cz\/index.php\/member\/mgr-hana-klicperova\/\" class=\"sh_member_link fade_anchor\"><div class=\"member_colored_block boxed_shadow\"><div class=\"member_colored_block_in\"><div class=\"navicon-plus sh_member_link_icon body_bk_color\"><\/div><\/div><img src=https:\/\/www.vidum.cz\/wp-content\/uploads\/2016\/03\/Hanka.jpg alt=\"Hanka\" class=\"mb_in_img\" \/><\/div> <\/a><div class=\"sh_member_name zero_color header_font bd_headings_text_shadow\"><h3 class=\"small fade_anchor\"><a href=\"https:\/\/www.vidum.cz\/index.php\/member\/mgr-hana-klicperova\/\" class=\"fade_anchor\">Mgr. Hana Klicperov\u00e1 <\/a><\/h3><\/div><div class=\"sh_member_function zero_color bd_headings_text_shadow header_font\">zrakov\u00fd terapeut<\/div><div class=\"tiny_line\"><\/div><div class=\"sh_member_email default_color\"><a href=\"mailto:&#111;&#112;ti&#107;&#97;&#64;&#118;&#105;du&#109;&#46;&#99;z\">&#111;&#112;t&#105;k&#97;&#64;&#118;i&#100;u&#109;.&#99;z <\/a><\/div><div class=\"clearfix\"><\/div><\/li><\/ul><\/div>[\/vc_column][\/vc_row][vc_row][vc_column width=&#8220;1\/1&#8243;]<div class=\"prk_shortcode-title alignify_center\"><div class=\"prk_titlify_father ft_large alignify_center\"><div class=\"header_font alignify_center sizer_large zero_color prk_vc_title\" style=\"color:#eaeaea;text-shadow:0px 0px 1px rgba(234, 234, 234,0.3);\">... jsme tady pro V\u00e1s<\/div><\/div><\/div>[\/vc_column][\/vc_row]<\/p>\n<\/div>","protected":false},"excerpt":{"rendered":"<p>[vc_row][vc_column width=&#8220;2\/3&#8243;][\/vc_column][vc_column width=&#8220;1\/3&#8243;][\/vc_column][\/vc_row][vc_row][vc_column width=&#8220;1\/1&#8243;][vc_separator][\/vc_column][\/vc_row][vc_row][vc_column width=&#8220;1\/1&#8243;][\/vc_column][\/vc_row][vc_row][vc_column width=&#8220;1\/1&#8243;][\/vc_column][\/vc_row]<\/p>\n","protected":false},"author":1,"featured_media":0,"parent":0,"menu_order":0,"comment_status":"open","ping_status":"closed","template":"page-sections.php","meta":{"_monsterinsights_skip_tracking":false,"_monsterinsights_sitenote_active":false,"_monsterinsights_sitenote_note":"","_monsterinsights_sitenote_category":0,"footnotes":""},"class_list":["post-10","page","type-page","status-publish","hentry"],"yoast_head":"<!-- This site is optimized with the Yoast SEO plugin v27.3 - https:\/\/yoast.com\/product\/yoast-seo-wordpress\/ -->\n<title>N\u00e1\u0161 T\u00fdm | O\u010dn\u00ed Centrum Vidum, Opava<\/title>\n<meta name=\"description\" content=\"Seznamte se s na\u0161\u00edm t\u00fdmem profesion\u00e1l\u016f a specialist\u016f v O\u010dn\u00edm Centru Vidum v Opav\u011b, kter\u00fd se star\u00e1 o va\u0161i maxim\u00e1ln\u00ed spokojenost.\" \/>\n<meta name=\"robots\" content=\"index, follow, max-snippet:-1, max-image-preview:large, max-video-preview:-1\" \/>\n<link rel=\"canonical\" href=\"https:\/\/www.vidum.cz\/index.php\/koho-u-nas-potkate\/\" \/>\n<meta property=\"og:locale\" content=\"cs_CZ\" \/>\n<meta property=\"og:type\" content=\"article\" \/>\n<meta property=\"og:title\" content=\"N\u00e1\u0161 T\u00fdm | O\u010dn\u00ed Centrum Vidum, Opava\" \/>\n<meta property=\"og:description\" content=\"Seznamte se s na\u0161\u00edm t\u00fdmem profesion\u00e1l\u016f a specialist\u016f v O\u010dn\u00edm Centru Vidum v Opav\u011b, kter\u00fd se star\u00e1 o va\u0161i maxim\u00e1ln\u00ed spokojenost.\" \/>\n<meta property=\"og:url\" content=\"https:\/\/www.vidum.cz\/index.php\/koho-u-nas-potkate\/\" \/>\n<meta property=\"og:site_name\" content=\"Vidum\" \/>\n<meta property=\"article:modified_time\" content=\"2019-02-07T09:23:52+00:00\" \/>\n<meta name=\"twitter:label1\" content=\"Odhadovan\u00e1 doba \u010dten\u00ed\" \/>\n\t<meta name=\"twitter:data1\" content=\"1 minuta\" \/>\n<script type=\"application\/ld+json\" class=\"yoast-schema-graph\">{\"@context\":\"https:\\\/\\\/schema.org\",\"@graph\":[{\"@type\":\"WebPage\",\"@id\":\"https:\\\/\\\/www.vidum.cz\\\/index.php\\\/koho-u-nas-potkate\\\/\",\"url\":\"https:\\\/\\\/www.vidum.cz\\\/index.php\\\/koho-u-nas-potkate\\\/\",\"name\":\"N\u00e1\u0161 T\u00fdm | O\u010dn\u00ed Centrum Vidum, Opava\",\"isPartOf\":{\"@id\":\"https:\\\/\\\/www.vidum.cz\\\/#website\"},\"datePublished\":\"2014-09-11T19:59:44+00:00\",\"dateModified\":\"2019-02-07T09:23:52+00:00\",\"description\":\"Seznamte se s na\u0161\u00edm t\u00fdmem profesion\u00e1l\u016f a specialist\u016f v O\u010dn\u00edm Centru Vidum v Opav\u011b, kter\u00fd se star\u00e1 o va\u0161i maxim\u00e1ln\u00ed spokojenost.\",\"breadcrumb\":{\"@id\":\"https:\\\/\\\/www.vidum.cz\\\/index.php\\\/koho-u-nas-potkate\\\/#breadcrumb\"},\"inLanguage\":\"cs\",\"potentialAction\":[{\"@type\":\"ReadAction\",\"target\":[\"https:\\\/\\\/www.vidum.cz\\\/index.php\\\/koho-u-nas-potkate\\\/\"]}]},{\"@type\":\"BreadcrumbList\",\"@id\":\"https:\\\/\\\/www.vidum.cz\\\/index.php\\\/koho-u-nas-potkate\\\/#breadcrumb\",\"itemListElement\":[{\"@type\":\"ListItem\",\"position\":1,\"name\":\"Dom\u016f\",\"item\":\"https:\\\/\\\/www.vidum.cz\\\/\"},{\"@type\":\"ListItem\",\"position\":2,\"name\":\"N\u00e1\u0161 t\u00fdm\"}]},{\"@type\":\"WebSite\",\"@id\":\"https:\\\/\\\/www.vidum.cz\\\/#website\",\"url\":\"https:\\\/\\\/www.vidum.cz\\\/\",\"name\":\"Vidum\",\"description\":\"O\u010dn\u00ed centrum Vidum\",\"potentialAction\":[{\"@type\":\"SearchAction\",\"target\":{\"@type\":\"EntryPoint\",\"urlTemplate\":\"https:\\\/\\\/www.vidum.cz\\\/?s={search_term_string}\"},\"query-input\":{\"@type\":\"PropertyValueSpecification\",\"valueRequired\":true,\"valueName\":\"search_term_string\"}}],\"inLanguage\":\"cs\"}]}<\/script>\n<!-- \/ Yoast SEO plugin. -->","yoast_head_json":{"title":"N\u00e1\u0161 T\u00fdm | O\u010dn\u00ed Centrum Vidum, Opava","description":"Seznamte se s na\u0161\u00edm t\u00fdmem profesion\u00e1l\u016f a specialist\u016f v O\u010dn\u00edm Centru Vidum v Opav\u011b, kter\u00fd se star\u00e1 o va\u0161i maxim\u00e1ln\u00ed spokojenost.","robots":{"index":"index","follow":"follow","max-snippet":"max-snippet:-1","max-image-preview":"max-image-preview:large","max-video-preview":"max-video-preview:-1"},"canonical":"https:\/\/www.vidum.cz\/index.php\/koho-u-nas-potkate\/","og_locale":"cs_CZ","og_type":"article","og_title":"N\u00e1\u0161 T\u00fdm | O\u010dn\u00ed Centrum Vidum, Opava","og_description":"Seznamte se s na\u0161\u00edm t\u00fdmem profesion\u00e1l\u016f a specialist\u016f v O\u010dn\u00edm Centru Vidum v Opav\u011b, kter\u00fd se star\u00e1 o va\u0161i maxim\u00e1ln\u00ed spokojenost.","og_url":"https:\/\/www.vidum.cz\/index.php\/koho-u-nas-potkate\/","og_site_name":"Vidum","article_modified_time":"2019-02-07T09:23:52+00:00","twitter_misc":{"Odhadovan\u00e1 doba \u010dten\u00ed":"1 minuta"},"schema":{"@context":"https:\/\/schema.org","@graph":[{"@type":"WebPage","@id":"https:\/\/www.vidum.cz\/index.php\/koho-u-nas-potkate\/","url":"https:\/\/www.vidum.cz\/index.php\/koho-u-nas-potkate\/","name":"N\u00e1\u0161 T\u00fdm | O\u010dn\u00ed Centrum Vidum, Opava","isPartOf":{"@id":"https:\/\/www.vidum.cz\/#website"},"datePublished":"2014-09-11T19:59:44+00:00","dateModified":"2019-02-07T09:23:52+00:00","description":"Seznamte se s na\u0161\u00edm t\u00fdmem profesion\u00e1l\u016f a specialist\u016f v O\u010dn\u00edm Centru Vidum v Opav\u011b, kter\u00fd se star\u00e1 o va\u0161i maxim\u00e1ln\u00ed spokojenost.","breadcrumb":{"@id":"https:\/\/www.vidum.cz\/index.php\/koho-u-nas-potkate\/#breadcrumb"},"inLanguage":"cs","potentialAction":[{"@type":"ReadAction","target":["https:\/\/www.vidum.cz\/index.php\/koho-u-nas-potkate\/"]}]},{"@type":"BreadcrumbList","@id":"https:\/\/www.vidum.cz\/index.php\/koho-u-nas-potkate\/#breadcrumb","itemListElement":[{"@type":"ListItem","position":1,"name":"Dom\u016f","item":"https:\/\/www.vidum.cz\/"},{"@type":"ListItem","position":2,"name":"N\u00e1\u0161 t\u00fdm"}]},{"@type":"WebSite","@id":"https:\/\/www.vidum.cz\/#website","url":"https:\/\/www.vidum.cz\/","name":"Vidum","description":"O\u010dn\u00ed centrum Vidum","potentialAction":[{"@type":"SearchAction","target":{"@type":"EntryPoint","urlTemplate":"https:\/\/www.vidum.cz\/?s={search_term_string}"},"query-input":{"@type":"PropertyValueSpecification","valueRequired":true,"valueName":"search_term_string"}}],"inLanguage":"cs"}]}},"_links":{"self":[{"href":"https:\/\/www.vidum.cz\/index.php\/wp-json\/wp\/v2\/pages\/10","targetHints":{"allow":["GET"]}}],"collection":[{"href":"https:\/\/www.vidum.cz\/index.php\/wp-json\/wp\/v2\/pages"}],"about":[{"href":"https:\/\/www.vidum.cz\/index.php\/wp-json\/wp\/v2\/types\/page"}],"author":[{"embeddable":true,"href":"https:\/\/www.vidum.cz\/index.php\/wp-json\/wp\/v2\/users\/1"}],"replies":[{"embeddable":true,"href":"https:\/\/www.vidum.cz\/index.php\/wp-json\/wp\/v2\/comments?post=10"}],"version-history":[{"count":19,"href":"https:\/\/www.vidum.cz\/index.php\/wp-json\/wp\/v2\/pages\/10\/revisions"}],"predecessor-version":[{"id":1033,"href":"https:\/\/www.vidum.cz\/index.php\/wp-json\/wp\/v2\/pages\/10\/revisions\/1033"}],"wp:attachment":[{"href":"https:\/\/www.vidum.cz\/index.php\/wp-json\/wp\/v2\/media?parent=10"}],"curies":[{"name":"wp","href":"https:\/\/api.w.org\/{rel}","templated":true}]}}