{"id":14,"date":"2014-09-11T19:59:44","date_gmt":"2014-09-11T19:59:44","guid":{"rendered":"\/?page_id=14"},"modified":"2019-02-19T11:53:01","modified_gmt":"2019-02-19T10:53:01","slug":"novinky","status":"publish","type":"page","link":"https:\/\/www.vidum.cz\/index.php\/novinky\/","title":{"rendered":"Novinky"},"content":{"rendered":"","protected":false},"excerpt":{"rendered":"","protected":false},"author":1,"featured_media":0,"parent":0,"menu_order":0,"comment_status":"open","ping_status":"closed","template":"template_blog_masonry.php","meta":{"_monsterinsights_skip_tracking":false,"_monsterinsights_sitenote_active":false,"_monsterinsights_sitenote_note":"","_monsterinsights_sitenote_category":0,"footnotes":""},"class_list":["post-14","page","type-page","status-publish","hentry"],"yoast_head":"<!-- This site is optimized with the Yoast SEO plugin v27.3 - https:\/\/yoast.com\/product\/yoast-seo-wordpress\/ -->\n<title>Novinky | O\u010dn\u00ed Centrum Vidum, Opava<\/title>\n<meta name=\"description\" content=\"P\u0159e\u010dt\u011bte si aktu\u00e1ln\u00ed novinky. O\u010dn\u00ed Centrum Vidum.\" \/>\n<meta name=\"robots\" content=\"index, follow, max-snippet:-1, max-image-preview:large, max-video-preview:-1\" \/>\n<link rel=\"canonical\" href=\"https:\/\/www.vidum.cz\/index.php\/novinky\/\" \/>\n<meta property=\"og:locale\" content=\"cs_CZ\" \/>\n<meta property=\"og:type\" content=\"article\" \/>\n<meta property=\"og:title\" content=\"Novinky | O\u010dn\u00ed Centrum Vidum, Opava\" \/>\n<meta property=\"og:description\" content=\"P\u0159e\u010dt\u011bte si aktu\u00e1ln\u00ed novinky. O\u010dn\u00ed Centrum Vidum.\" \/>\n<meta property=\"og:url\" content=\"https:\/\/www.vidum.cz\/index.php\/novinky\/\" \/>\n<meta property=\"og:site_name\" content=\"Vidum\" \/>\n<meta property=\"article:modified_time\" content=\"2019-02-19T10:53:01+00:00\" \/>\n<script type=\"application\/ld+json\" class=\"yoast-schema-graph\">{\"@context\":\"https:\\\/\\\/schema.org\",\"@graph\":[{\"@type\":\"WebPage\",\"@id\":\"https:\\\/\\\/www.vidum.cz\\\/index.php\\\/novinky\\\/\",\"url\":\"https:\\\/\\\/www.vidum.cz\\\/index.php\\\/novinky\\\/\",\"name\":\"Novinky | O\u010dn\u00ed Centrum Vidum, Opava\",\"isPartOf\":{\"@id\":\"https:\\\/\\\/www.vidum.cz\\\/#website\"},\"datePublished\":\"2014-09-11T19:59:44+00:00\",\"dateModified\":\"2019-02-19T10:53:01+00:00\",\"description\":\"P\u0159e\u010dt\u011bte si aktu\u00e1ln\u00ed novinky. O\u010dn\u00ed Centrum Vidum.\",\"breadcrumb\":{\"@id\":\"https:\\\/\\\/www.vidum.cz\\\/index.php\\\/novinky\\\/#breadcrumb\"},\"inLanguage\":\"cs\",\"potentialAction\":[{\"@type\":\"ReadAction\",\"target\":[\"https:\\\/\\\/www.vidum.cz\\\/index.php\\\/novinky\\\/\"]}]},{\"@type\":\"BreadcrumbList\",\"@id\":\"https:\\\/\\\/www.vidum.cz\\\/index.php\\\/novinky\\\/#breadcrumb\",\"itemListElement\":[{\"@type\":\"ListItem\",\"position\":1,\"name\":\"Dom\u016f\",\"item\":\"https:\\\/\\\/www.vidum.cz\\\/\"},{\"@type\":\"ListItem\",\"position\":2,\"name\":\"Novinky\"}]},{\"@type\":\"WebSite\",\"@id\":\"https:\\\/\\\/www.vidum.cz\\\/#website\",\"url\":\"https:\\\/\\\/www.vidum.cz\\\/\",\"name\":\"Vidum\",\"description\":\"O\u010dn\u00ed centrum Vidum\",\"potentialAction\":[{\"@type\":\"SearchAction\",\"target\":{\"@type\":\"EntryPoint\",\"urlTemplate\":\"https:\\\/\\\/www.vidum.cz\\\/?s={search_term_string}\"},\"query-input\":{\"@type\":\"PropertyValueSpecification\",\"valueRequired\":true,\"valueName\":\"search_term_string\"}}],\"inLanguage\":\"cs\"}]}<\/script>\n<!-- \/ Yoast SEO plugin. -->","yoast_head_json":{"title":"Novinky | O\u010dn\u00ed Centrum Vidum, Opava","description":"P\u0159e\u010dt\u011bte si aktu\u00e1ln\u00ed novinky. O\u010dn\u00ed Centrum Vidum.","robots":{"index":"index","follow":"follow","max-snippet":"max-snippet:-1","max-image-preview":"max-image-preview:large","max-video-preview":"max-video-preview:-1"},"canonical":"https:\/\/www.vidum.cz\/index.php\/novinky\/","og_locale":"cs_CZ","og_type":"article","og_title":"Novinky | O\u010dn\u00ed Centrum Vidum, Opava","og_description":"P\u0159e\u010dt\u011bte si aktu\u00e1ln\u00ed novinky. O\u010dn\u00ed Centrum Vidum.","og_url":"https:\/\/www.vidum.cz\/index.php\/novinky\/","og_site_name":"Vidum","article_modified_time":"2019-02-19T10:53:01+00:00","schema":{"@context":"https:\/\/schema.org","@graph":[{"@type":"WebPage","@id":"https:\/\/www.vidum.cz\/index.php\/novinky\/","url":"https:\/\/www.vidum.cz\/index.php\/novinky\/","name":"Novinky | O\u010dn\u00ed Centrum Vidum, Opava","isPartOf":{"@id":"https:\/\/www.vidum.cz\/#website"},"datePublished":"2014-09-11T19:59:44+00:00","dateModified":"2019-02-19T10:53:01+00:00","description":"P\u0159e\u010dt\u011bte si aktu\u00e1ln\u00ed novinky. O\u010dn\u00ed Centrum Vidum.","breadcrumb":{"@id":"https:\/\/www.vidum.cz\/index.php\/novinky\/#breadcrumb"},"inLanguage":"cs","potentialAction":[{"@type":"ReadAction","target":["https:\/\/www.vidum.cz\/index.php\/novinky\/"]}]},{"@type":"BreadcrumbList","@id":"https:\/\/www.vidum.cz\/index.php\/novinky\/#breadcrumb","itemListElement":[{"@type":"ListItem","position":1,"name":"Dom\u016f","item":"https:\/\/www.vidum.cz\/"},{"@type":"ListItem","position":2,"name":"Novinky"}]},{"@type":"WebSite","@id":"https:\/\/www.vidum.cz\/#website","url":"https:\/\/www.vidum.cz\/","name":"Vidum","description":"O\u010dn\u00ed centrum Vidum","potentialAction":[{"@type":"SearchAction","target":{"@type":"EntryPoint","urlTemplate":"https:\/\/www.vidum.cz\/?s={search_term_string}"},"query-input":{"@type":"PropertyValueSpecification","valueRequired":true,"valueName":"search_term_string"}}],"inLanguage":"cs"}]}},"_links":{"self":[{"href":"https:\/\/www.vidum.cz\/index.php\/wp-json\/wp\/v2\/pages\/14","targetHints":{"allow":["GET"]}}],"collection":[{"href":"https:\/\/www.vidum.cz\/index.php\/wp-json\/wp\/v2\/pages"}],"about":[{"href":"https:\/\/www.vidum.cz\/index.php\/wp-json\/wp\/v2\/types\/page"}],"author":[{"embeddable":true,"href":"https:\/\/www.vidum.cz\/index.php\/wp-json\/wp\/v2\/users\/1"}],"replies":[{"embeddable":true,"href":"https:\/\/www.vidum.cz\/index.php\/wp-json\/wp\/v2\/comments?post=14"}],"version-history":[{"count":1,"href":"https:\/\/www.vidum.cz\/index.php\/wp-json\/wp\/v2\/pages\/14\/revisions"}],"predecessor-version":[{"id":172,"href":"https:\/\/www.vidum.cz\/index.php\/wp-json\/wp\/v2\/pages\/14\/revisions\/172"}],"wp:attachment":[{"href":"https:\/\/www.vidum.cz\/index.php\/wp-json\/wp\/v2\/media?parent=14"}],"curies":[{"name":"wp","href":"https:\/\/api.w.org\/{rel}","templated":true}]}}