{"id":2,"date":"2014-09-11T17:54:14","date_gmt":"2014-09-11T17:54:14","guid":{"rendered":"\/?page_id=2"},"modified":"2019-02-12T09:40:46","modified_gmt":"2019-02-12T08:40:46","slug":"brylove-obruby","status":"publish","type":"page","link":"https:\/\/www.vidum.cz\/index.php\/brylove-obruby\/","title":{"rendered":"Br\u00fdlov\u00e9 obruby"},"content":{"rendered":"<div class=\"wpb-content-wrapper\"><p>[vc_row][vc_column width=&#8220;2\/3&#8243;][vc_column_text]N\u00e1\u0161 \u0161irok\u00fd v\u00fdb\u011br zahrnuje jak velkou paletu sou\u010dasn\u00fdch m\u00f3dn\u00edch novinek, tak st\u00e1le obl\u00edben\u00e9 klasick\u00e9 modely. Jako z\u00e1kazn\u00edk m\u00e1te volbu p\u0159i v\u00fdb\u011bru obrub renomovan\u00fdch v\u00fdrobc\u016f a zna\u010dek v nejr\u016fzn\u011bj\u0161\u00edch barevn\u00fdch odst\u00ednech, technick\u00e9m proveden\u00ed a samoz\u0159ejm\u011b i materi\u00e1lu \u2013 <strong>RODENSTOCK, SILHOUETTE, BOSS, MEXX, AUGUSTO VALENTINI, VANNI, GUESS, COGAN, v\u00fdhradn\u00ed postaven\u00ed maj\u00ed pak kolekce PORSCHE DESIGN, TAG HEUER, LAFONT, FEB31st.<\/strong>[\/vc_column_text][\/vc_column][vc_column width=&#8220;1\/3&#8243;]<div class='wpb_content_element'><div class=\"samba_bquote_wrapper\"><div class=\"prk_blockquote \"><div class=\"in_quote\"><strong>Chcete se sv\u00e9mu okol\u00ed l\u00edbit a p\u016fsobit elegantn\u011b? P\u0159iznejme si, kdo by necht\u011bl b\u00fdt jedine\u010dn\u00fdm? P\u0159ij\u010fte si k n\u00e1m vybrat zna\u010dku, kter\u00e1 V\u00e1m prop\u016fj\u010d\u00ed mimo\u0159\u00e1dn\u00fd vzhled a zaru\u010d\u00ed nadstandardn\u00ed kvalitu.<\/strong><\/div><\/div><\/div><\/div>[\/vc_column][\/vc_row][vc_row][vc_column width=&#8220;1\/1&#8243;][vc_separator][\/vc_column][\/vc_row][vc_row][vc_column width=&#8220;1\/1&#8243;]<div class=\"prk_shortcode-title\"><div class=\"prk_titlify_father ft_medium\"><div class=\"header_font sizer_medium bd_headings_text_shadow zero_color prk_vc_title\">Uk\u00e1zky obrub z na\u0161\u00ed prodejny<\/div><\/div><\/div>[\/vc_column][\/vc_row][vc_row][vc_column width=&#8220;1\/3&#8243;][vc_column_text]<\/p>\n<h4>D\u00e1msk\u00e9<\/h4>\n<p>[\/vc_column_text][\/vc_column][vc_column width=&#8220;1\/3&#8243;][vc_column_text]<\/p>\n<h4>P\u00e1nsk\u00e9<\/h4>\n<p>[\/vc_column_text][\/vc_column][vc_column width=&#8220;1\/3&#8243;][vc_column_text]<\/p>\n<h4>D\u011btsk\u00e9<\/h4>\n<p>[\/vc_column_text][\/vc_column][\/vc_row][vc_row][vc_column width=&#8220;1\/1&#8243;][vc_separator][\/vc_column][\/vc_row]<\/p>\n<\/div>","protected":false},"excerpt":{"rendered":"<p>[vc_row][vc_column width=&#8220;2\/3&#8243;][vc_column_text]N\u00e1\u0161 \u0161irok\u00fd v\u00fdb\u011br zahrnuje jak velkou paletu sou\u010dasn\u00fdch m\u00f3dn\u00edch novinek, tak st\u00e1le obl\u00edben\u00e9 klasick\u00e9 modely. Jako z\u00e1kazn\u00edk m\u00e1te volbu p\u0159i v\u00fdb\u011bru obrub renomovan\u00fdch v\u00fdrobc\u016f a zna\u010dek v nejr\u016fzn\u011bj\u0161\u00edch barevn\u00fdch odst\u00ednech, technick\u00e9m proveden\u00ed a samoz\u0159ejm\u011b i materi\u00e1lu \u2013 RODENSTOCK, SILHOUETTE, BOSS, MEXX, AUGUSTO VALENTINI, VANNI, GUESS, COGAN, v\u00fdhradn\u00ed postaven\u00ed maj\u00ed pak kolekce PORSCHE DESIGN, TAG [&hellip;]<\/p>\n","protected":false},"author":1,"featured_media":0,"parent":0,"menu_order":0,"comment_status":"open","ping_status":"closed","template":"","meta":{"_monsterinsights_skip_tracking":false,"_monsterinsights_sitenote_active":false,"_monsterinsights_sitenote_note":"","_monsterinsights_sitenote_category":0,"footnotes":""},"class_list":["post-2","page","type-page","status-publish","hentry"],"yoast_head":"<!-- This site is optimized with the Yoast SEO plugin v27.3 - https:\/\/yoast.com\/product\/yoast-seo-wordpress\/ -->\n<title>Br\u00fdlov\u00e9 Obruby A Obrou\u010dky V Opav\u011b | O\u010dn\u00ed Centrum Vidum<\/title>\n<meta name=\"description\" content=\"Vyberte si obruby sv\u011btov\u00fdch v\u00fdrobc\u016f v o\u010dn\u00edm centru Vidum.\" \/>\n<meta name=\"robots\" content=\"index, follow, max-snippet:-1, max-image-preview:large, max-video-preview:-1\" \/>\n<link rel=\"canonical\" href=\"https:\/\/www.vidum.cz\/index.php\/brylove-obruby\/\" \/>\n<meta property=\"og:locale\" content=\"cs_CZ\" \/>\n<meta property=\"og:type\" content=\"article\" \/>\n<meta property=\"og:title\" content=\"Br\u00fdlov\u00e9 Obruby A Obrou\u010dky V Opav\u011b | O\u010dn\u00ed Centrum Vidum\" \/>\n<meta property=\"og:description\" content=\"Vyberte si obruby sv\u011btov\u00fdch v\u00fdrobc\u016f v o\u010dn\u00edm centru Vidum.\" \/>\n<meta property=\"og:url\" content=\"https:\/\/www.vidum.cz\/index.php\/brylove-obruby\/\" \/>\n<meta property=\"og:site_name\" content=\"Vidum\" \/>\n<meta property=\"article:modified_time\" content=\"2019-02-12T08:40:46+00:00\" \/>\n<meta name=\"twitter:label1\" content=\"Odhadovan\u00e1 doba \u010dten\u00ed\" \/>\n\t<meta name=\"twitter:data1\" content=\"1 minuta\" \/>\n<script type=\"application\/ld+json\" class=\"yoast-schema-graph\">{\"@context\":\"https:\\\/\\\/schema.org\",\"@graph\":[{\"@type\":\"WebPage\",\"@id\":\"https:\\\/\\\/www.vidum.cz\\\/index.php\\\/brylove-obruby\\\/\",\"url\":\"https:\\\/\\\/www.vidum.cz\\\/index.php\\\/brylove-obruby\\\/\",\"name\":\"Br\u00fdlov\u00e9 Obruby A Obrou\u010dky V Opav\u011b | O\u010dn\u00ed Centrum Vidum\",\"isPartOf\":{\"@id\":\"https:\\\/\\\/www.vidum.cz\\\/#website\"},\"datePublished\":\"2014-09-11T17:54:14+00:00\",\"dateModified\":\"2019-02-12T08:40:46+00:00\",\"description\":\"Vyberte si obruby sv\u011btov\u00fdch v\u00fdrobc\u016f v o\u010dn\u00edm centru Vidum.\",\"breadcrumb\":{\"@id\":\"https:\\\/\\\/www.vidum.cz\\\/index.php\\\/brylove-obruby\\\/#breadcrumb\"},\"inLanguage\":\"cs\",\"potentialAction\":[{\"@type\":\"ReadAction\",\"target\":[\"https:\\\/\\\/www.vidum.cz\\\/index.php\\\/brylove-obruby\\\/\"]}]},{\"@type\":\"BreadcrumbList\",\"@id\":\"https:\\\/\\\/www.vidum.cz\\\/index.php\\\/brylove-obruby\\\/#breadcrumb\",\"itemListElement\":[{\"@type\":\"ListItem\",\"position\":1,\"name\":\"Dom\u016f\",\"item\":\"https:\\\/\\\/www.vidum.cz\\\/\"},{\"@type\":\"ListItem\",\"position\":2,\"name\":\"Br\u00fdlov\u00e9 obruby\"}]},{\"@type\":\"WebSite\",\"@id\":\"https:\\\/\\\/www.vidum.cz\\\/#website\",\"url\":\"https:\\\/\\\/www.vidum.cz\\\/\",\"name\":\"Vidum\",\"description\":\"O\u010dn\u00ed centrum Vidum\",\"potentialAction\":[{\"@type\":\"SearchAction\",\"target\":{\"@type\":\"EntryPoint\",\"urlTemplate\":\"https:\\\/\\\/www.vidum.cz\\\/?s={search_term_string}\"},\"query-input\":{\"@type\":\"PropertyValueSpecification\",\"valueRequired\":true,\"valueName\":\"search_term_string\"}}],\"inLanguage\":\"cs\"}]}<\/script>\n<!-- \/ Yoast SEO plugin. -->","yoast_head_json":{"title":"Br\u00fdlov\u00e9 Obruby A Obrou\u010dky V Opav\u011b | O\u010dn\u00ed Centrum Vidum","description":"Vyberte si obruby sv\u011btov\u00fdch v\u00fdrobc\u016f v o\u010dn\u00edm centru Vidum.","robots":{"index":"index","follow":"follow","max-snippet":"max-snippet:-1","max-image-preview":"max-image-preview:large","max-video-preview":"max-video-preview:-1"},"canonical":"https:\/\/www.vidum.cz\/index.php\/brylove-obruby\/","og_locale":"cs_CZ","og_type":"article","og_title":"Br\u00fdlov\u00e9 Obruby A Obrou\u010dky V Opav\u011b | O\u010dn\u00ed Centrum Vidum","og_description":"Vyberte si obruby sv\u011btov\u00fdch v\u00fdrobc\u016f v o\u010dn\u00edm centru Vidum.","og_url":"https:\/\/www.vidum.cz\/index.php\/brylove-obruby\/","og_site_name":"Vidum","article_modified_time":"2019-02-12T08:40:46+00:00","twitter_misc":{"Odhadovan\u00e1 doba \u010dten\u00ed":"1 minuta"},"schema":{"@context":"https:\/\/schema.org","@graph":[{"@type":"WebPage","@id":"https:\/\/www.vidum.cz\/index.php\/brylove-obruby\/","url":"https:\/\/www.vidum.cz\/index.php\/brylove-obruby\/","name":"Br\u00fdlov\u00e9 Obruby A Obrou\u010dky V Opav\u011b | O\u010dn\u00ed Centrum Vidum","isPartOf":{"@id":"https:\/\/www.vidum.cz\/#website"},"datePublished":"2014-09-11T17:54:14+00:00","dateModified":"2019-02-12T08:40:46+00:00","description":"Vyberte si obruby sv\u011btov\u00fdch v\u00fdrobc\u016f v o\u010dn\u00edm centru Vidum.","breadcrumb":{"@id":"https:\/\/www.vidum.cz\/index.php\/brylove-obruby\/#breadcrumb"},"inLanguage":"cs","potentialAction":[{"@type":"ReadAction","target":["https:\/\/www.vidum.cz\/index.php\/brylove-obruby\/"]}]},{"@type":"BreadcrumbList","@id":"https:\/\/www.vidum.cz\/index.php\/brylove-obruby\/#breadcrumb","itemListElement":[{"@type":"ListItem","position":1,"name":"Dom\u016f","item":"https:\/\/www.vidum.cz\/"},{"@type":"ListItem","position":2,"name":"Br\u00fdlov\u00e9 obruby"}]},{"@type":"WebSite","@id":"https:\/\/www.vidum.cz\/#website","url":"https:\/\/www.vidum.cz\/","name":"Vidum","description":"O\u010dn\u00ed centrum Vidum","potentialAction":[{"@type":"SearchAction","target":{"@type":"EntryPoint","urlTemplate":"https:\/\/www.vidum.cz\/?s={search_term_string}"},"query-input":{"@type":"PropertyValueSpecification","valueRequired":true,"valueName":"search_term_string"}}],"inLanguage":"cs"}]}},"_links":{"self":[{"href":"https:\/\/www.vidum.cz\/index.php\/wp-json\/wp\/v2\/pages\/2","targetHints":{"allow":["GET"]}}],"collection":[{"href":"https:\/\/www.vidum.cz\/index.php\/wp-json\/wp\/v2\/pages"}],"about":[{"href":"https:\/\/www.vidum.cz\/index.php\/wp-json\/wp\/v2\/types\/page"}],"author":[{"embeddable":true,"href":"https:\/\/www.vidum.cz\/index.php\/wp-json\/wp\/v2\/users\/1"}],"replies":[{"embeddable":true,"href":"https:\/\/www.vidum.cz\/index.php\/wp-json\/wp\/v2\/comments?post=2"}],"version-history":[{"count":37,"href":"https:\/\/www.vidum.cz\/index.php\/wp-json\/wp\/v2\/pages\/2\/revisions"}],"predecessor-version":[{"id":1041,"href":"https:\/\/www.vidum.cz\/index.php\/wp-json\/wp\/v2\/pages\/2\/revisions\/1041"}],"wp:attachment":[{"href":"https:\/\/www.vidum.cz\/index.php\/wp-json\/wp\/v2\/media?parent=2"}],"curies":[{"name":"wp","href":"https:\/\/api.w.org\/{rel}","templated":true}]}}