{"id":233,"date":"2014-09-21T21:45:51","date_gmt":"2014-09-21T21:45:51","guid":{"rendered":"\/?page_id=233"},"modified":"2018-06-15T08:45:04","modified_gmt":"2018-06-15T07:45:04","slug":"prevence","status":"publish","type":"page","link":"https:\/\/www.vidum.cz\/index.php\/prevence\/","title":{"rendered":"Prevence"},"content":{"rendered":"","protected":false},"excerpt":{"rendered":"","protected":false},"author":1,"featured_media":0,"parent":0,"menu_order":0,"comment_status":"open","ping_status":"open","template":"template_full_slider.php","meta":{"_monsterinsights_skip_tracking":false,"_monsterinsights_sitenote_active":false,"_monsterinsights_sitenote_note":"","_monsterinsights_sitenote_category":0,"footnotes":""},"class_list":["post-233","page","type-page","status-publish","hentry"],"yoast_head":"<!-- This site is optimized with the Yoast SEO plugin v27.3 - https:\/\/yoast.com\/product\/yoast-seo-wordpress\/ -->\n<title>O\u010dn\u00ed Vy\u0161et\u0159en\u00ed V Opav\u011b | O\u010dn\u00ed Centrum Vidum<\/title>\n<meta name=\"description\" content=\"O\u010dn\u00ed Centrum Vidum V\u00e1m nab\u00edz\u00ed mo\u017enost screeningov\u00e9ho vy\u0161et\u0159en\u00ed zraku u d\u011bt\u00ed I dosp\u011bl\u00fdch.\" \/>\n<meta name=\"robots\" content=\"index, follow, max-snippet:-1, max-image-preview:large, max-video-preview:-1\" \/>\n<link rel=\"canonical\" href=\"https:\/\/www.vidum.cz\/index.php\/prevence\/\" \/>\n<meta property=\"og:locale\" content=\"cs_CZ\" \/>\n<meta property=\"og:type\" content=\"article\" \/>\n<meta property=\"og:title\" content=\"O\u010dn\u00ed Vy\u0161et\u0159en\u00ed V Opav\u011b | O\u010dn\u00ed Centrum Vidum\" \/>\n<meta property=\"og:description\" content=\"O\u010dn\u00ed Centrum Vidum V\u00e1m nab\u00edz\u00ed mo\u017enost screeningov\u00e9ho vy\u0161et\u0159en\u00ed zraku u d\u011bt\u00ed I dosp\u011bl\u00fdch.\" \/>\n<meta property=\"og:url\" content=\"https:\/\/www.vidum.cz\/index.php\/prevence\/\" \/>\n<meta property=\"og:site_name\" content=\"Vidum\" \/>\n<meta property=\"article:modified_time\" content=\"2018-06-15T07:45:04+00:00\" \/>\n<script type=\"application\/ld+json\" class=\"yoast-schema-graph\">{\"@context\":\"https:\\\/\\\/schema.org\",\"@graph\":[{\"@type\":\"WebPage\",\"@id\":\"https:\\\/\\\/www.vidum.cz\\\/index.php\\\/prevence\\\/\",\"url\":\"https:\\\/\\\/www.vidum.cz\\\/index.php\\\/prevence\\\/\",\"name\":\"O\u010dn\u00ed Vy\u0161et\u0159en\u00ed V Opav\u011b | O\u010dn\u00ed Centrum Vidum\",\"isPartOf\":{\"@id\":\"https:\\\/\\\/www.vidum.cz\\\/#website\"},\"datePublished\":\"2014-09-21T21:45:51+00:00\",\"dateModified\":\"2018-06-15T07:45:04+00:00\",\"description\":\"O\u010dn\u00ed Centrum Vidum V\u00e1m nab\u00edz\u00ed mo\u017enost screeningov\u00e9ho vy\u0161et\u0159en\u00ed zraku u d\u011bt\u00ed I dosp\u011bl\u00fdch.\",\"breadcrumb\":{\"@id\":\"https:\\\/\\\/www.vidum.cz\\\/index.php\\\/prevence\\\/#breadcrumb\"},\"inLanguage\":\"cs\",\"potentialAction\":[{\"@type\":\"ReadAction\",\"target\":[\"https:\\\/\\\/www.vidum.cz\\\/index.php\\\/prevence\\\/\"]}]},{\"@type\":\"BreadcrumbList\",\"@id\":\"https:\\\/\\\/www.vidum.cz\\\/index.php\\\/prevence\\\/#breadcrumb\",\"itemListElement\":[{\"@type\":\"ListItem\",\"position\":1,\"name\":\"Dom\u016f\",\"item\":\"https:\\\/\\\/www.vidum.cz\\\/\"},{\"@type\":\"ListItem\",\"position\":2,\"name\":\"Prevence\"}]},{\"@type\":\"WebSite\",\"@id\":\"https:\\\/\\\/www.vidum.cz\\\/#website\",\"url\":\"https:\\\/\\\/www.vidum.cz\\\/\",\"name\":\"Vidum\",\"description\":\"O\u010dn\u00ed centrum Vidum\",\"potentialAction\":[{\"@type\":\"SearchAction\",\"target\":{\"@type\":\"EntryPoint\",\"urlTemplate\":\"https:\\\/\\\/www.vidum.cz\\\/?s={search_term_string}\"},\"query-input\":{\"@type\":\"PropertyValueSpecification\",\"valueRequired\":true,\"valueName\":\"search_term_string\"}}],\"inLanguage\":\"cs\"}]}<\/script>\n<!-- \/ Yoast SEO plugin. -->","yoast_head_json":{"title":"O\u010dn\u00ed Vy\u0161et\u0159en\u00ed V Opav\u011b | O\u010dn\u00ed Centrum Vidum","description":"O\u010dn\u00ed Centrum Vidum V\u00e1m nab\u00edz\u00ed mo\u017enost screeningov\u00e9ho vy\u0161et\u0159en\u00ed zraku u d\u011bt\u00ed I dosp\u011bl\u00fdch.","robots":{"index":"index","follow":"follow","max-snippet":"max-snippet:-1","max-image-preview":"max-image-preview:large","max-video-preview":"max-video-preview:-1"},"canonical":"https:\/\/www.vidum.cz\/index.php\/prevence\/","og_locale":"cs_CZ","og_type":"article","og_title":"O\u010dn\u00ed Vy\u0161et\u0159en\u00ed V Opav\u011b | O\u010dn\u00ed Centrum Vidum","og_description":"O\u010dn\u00ed Centrum Vidum V\u00e1m nab\u00edz\u00ed mo\u017enost screeningov\u00e9ho vy\u0161et\u0159en\u00ed zraku u d\u011bt\u00ed I dosp\u011bl\u00fdch.","og_url":"https:\/\/www.vidum.cz\/index.php\/prevence\/","og_site_name":"Vidum","article_modified_time":"2018-06-15T07:45:04+00:00","schema":{"@context":"https:\/\/schema.org","@graph":[{"@type":"WebPage","@id":"https:\/\/www.vidum.cz\/index.php\/prevence\/","url":"https:\/\/www.vidum.cz\/index.php\/prevence\/","name":"O\u010dn\u00ed Vy\u0161et\u0159en\u00ed V Opav\u011b | O\u010dn\u00ed Centrum Vidum","isPartOf":{"@id":"https:\/\/www.vidum.cz\/#website"},"datePublished":"2014-09-21T21:45:51+00:00","dateModified":"2018-06-15T07:45:04+00:00","description":"O\u010dn\u00ed Centrum Vidum V\u00e1m nab\u00edz\u00ed mo\u017enost screeningov\u00e9ho vy\u0161et\u0159en\u00ed zraku u d\u011bt\u00ed I dosp\u011bl\u00fdch.","breadcrumb":{"@id":"https:\/\/www.vidum.cz\/index.php\/prevence\/#breadcrumb"},"inLanguage":"cs","potentialAction":[{"@type":"ReadAction","target":["https:\/\/www.vidum.cz\/index.php\/prevence\/"]}]},{"@type":"BreadcrumbList","@id":"https:\/\/www.vidum.cz\/index.php\/prevence\/#breadcrumb","itemListElement":[{"@type":"ListItem","position":1,"name":"Dom\u016f","item":"https:\/\/www.vidum.cz\/"},{"@type":"ListItem","position":2,"name":"Prevence"}]},{"@type":"WebSite","@id":"https:\/\/www.vidum.cz\/#website","url":"https:\/\/www.vidum.cz\/","name":"Vidum","description":"O\u010dn\u00ed centrum Vidum","potentialAction":[{"@type":"SearchAction","target":{"@type":"EntryPoint","urlTemplate":"https:\/\/www.vidum.cz\/?s={search_term_string}"},"query-input":{"@type":"PropertyValueSpecification","valueRequired":true,"valueName":"search_term_string"}}],"inLanguage":"cs"}]}},"_links":{"self":[{"href":"https:\/\/www.vidum.cz\/index.php\/wp-json\/wp\/v2\/pages\/233","targetHints":{"allow":["GET"]}}],"collection":[{"href":"https:\/\/www.vidum.cz\/index.php\/wp-json\/wp\/v2\/pages"}],"about":[{"href":"https:\/\/www.vidum.cz\/index.php\/wp-json\/wp\/v2\/types\/page"}],"author":[{"embeddable":true,"href":"https:\/\/www.vidum.cz\/index.php\/wp-json\/wp\/v2\/users\/1"}],"replies":[{"embeddable":true,"href":"https:\/\/www.vidum.cz\/index.php\/wp-json\/wp\/v2\/comments?post=233"}],"version-history":[{"count":6,"href":"https:\/\/www.vidum.cz\/index.php\/wp-json\/wp\/v2\/pages\/233\/revisions"}],"predecessor-version":[{"id":401,"href":"https:\/\/www.vidum.cz\/index.php\/wp-json\/wp\/v2\/pages\/233\/revisions\/401"}],"wp:attachment":[{"href":"https:\/\/www.vidum.cz\/index.php\/wp-json\/wp\/v2\/media?parent=233"}],"curies":[{"name":"wp","href":"https:\/\/api.w.org\/{rel}","templated":true}]}}