{"id":255,"date":"2014-09-25T19:24:05","date_gmt":"2014-09-25T19:24:05","guid":{"rendered":"\/?page_id=255"},"modified":"2018-06-15T08:31:28","modified_gmt":"2018-06-15T07:31:28","slug":"brylove-cocky","status":"publish","type":"page","link":"https:\/\/www.vidum.cz\/index.php\/brylove-cocky\/","title":{"rendered":"Br\u00fdlov\u00e9 \u010do\u010dky"},"content":{"rendered":"<div class=\"wpb-content-wrapper\"><p><a href=\"http:\/\/www.vidum.cz\/wp-content\/uploads\/2014\/10\/glasses-lenses.jpg\"><img loading=\"lazy\" decoding=\"async\" class=\"alignnone size-full wp-image-504\" src=\"\/wp-content\/uploads\/2014\/10\/glasses-lenses.jpg\" alt=\"glasses-lenses\" width=\"960\" height=\"358\" srcset=\"https:\/\/www.vidum.cz\/wp-content\/uploads\/2014\/10\/glasses-lenses.jpg 960w, https:\/\/www.vidum.cz\/wp-content\/uploads\/2014\/10\/glasses-lenses-300x111.jpg 300w\" sizes=\"auto, (max-width: 960px) 100vw, 960px\" \/><\/a><\/p>\n<p>&nbsp;<\/p>\n<p>[vc_row][vc_column][vc_column_text]<br \/>\nV\u00fdb\u011br <strong>korek\u010dn\u00edch br\u00fdlov\u00fdch \u010do\u010dek <\/strong>z\u00e1vis\u00ed na druhu o\u010dn\u00ed vady a na konkr\u00e9tn\u00edch po\u017eadavc\u00edch a p\u0159edstav\u00e1ch u\u017eivatele br\u00fdl\u00ed. Jin\u00e9 vlastnosti po\u017eaduje sportovec, jin\u00e9 ten, kdo nos\u00ed br\u00fdle jako m\u00f3dn\u00ed dopln\u011bk, a jin\u00e9 ten, pro koho jsou br\u00fdle nutn\u00e9 po cel\u00fd den. Pro toho, kdo celodenn\u011b pot\u0159ebuje korekci na v\u0161echny vzd\u00e1lenosti, jsou vhodn\u00e9 multifok\u00e1ln\u00ed \u010do\u010dky.<br \/>\nP\u0159i pracovn\u00ed \u010dinnosti <strong>s\u00a0po\u010d\u00edta\u010dem <\/strong>a v\u00a0m\u00edstnosti v\u016fbec, kdy je preferov\u00e1na pracovn\u00ed vzd\u00e1lenost, jsou v\u00fdborn\u00fdm \u0159e\u0161en\u00edm tzv. <strong>pracovn\u00ed skla,<\/strong>se kter\u00fdmi vid\u00edte od 40 cm a\u017e do1,5 m. Pro sport a do vrtan\u00fdch br\u00fdl\u00ed jsou v\u00fdborn\u00e9 polykarbon\u00e1tov\u00e9 \u010do\u010dky a nov\u011b z materi\u00e1lu PNX, kter\u00e9 jsou prakticky nezni\u010diteln\u00e9 a p\u0159itom leh\u010d\u00ed a ten\u010d\u00ed ne\u017e b\u011b\u017en\u00e9 plastov\u00e9 \u010do\u010dky.<br \/>\nNaprostou <strong>samoz\u0159ejmost\u00ed <\/strong>jsou dnes <strong>antireflexn\u00ed vrstvy<\/strong>, kter\u00e9 umo\u017e\u0148uj\u00ed tak\u0159ka 100% propustnost br\u00fdlov\u00fdch \u010do\u010dek a t\u00edm i \u010dist\u00e9 neru\u0161en\u00e9 vid\u011bn\u00ed bez ru\u0161iv\u00fdch odraz\u016f na obou stran\u00e1ch br\u00fdlov\u00e9 \u010do\u010dky. V\u0161echny ot\u00e1zky na toto t\u00e9ma V\u00e1m r\u00e1di individu\u00e1ln\u011b zodpov\u00edme v na\u0161\u00ed optice.<\/p>\n<p>Na\u0161imi dodavateli jsou p\u0159edev\u0161\u00edm renomovan\u00e9 firmy Rodenstock, Hoya a Zeiss.<\/p>\n<p><strong><em><span style=\"text-decoration: underline;\">Proto V\u00e1m v\u017edy m\u016f\u017eeme nab\u00eddnout br\u00fdlov\u00e9 \u010do\u010dky dle Va\u0161ich po\u017eadavk\u016f jako nap\u0159.:<\/span> <\/em><\/strong><\/p>\n<p>&nbsp;<\/p>\n<h3><strong>Br\u00fdlov\u00e9 \u010do\u010dky asf\u00e9rick\u00e9 koncepce<\/strong><\/h3>\n<p>Jsou vyu\u017e\u00edv\u00e1ny zvl\u00e1\u0161t\u011b v tzv. plusov\u00fdch dioptri\u00edch &#8211; maj\u00ed plo\u0161\u0161\u00ed design a kvalitn\u011bj\u0161\u00ed zobrazovac\u00ed vlastnosti<\/p>\n<hr \/>\n<h3><\/h3>\n<h3><strong>Vysokoindexov\u00e9 br\u00fdlov\u00e9 \u010do\u010dky<\/strong><\/h3>\n<p>Doporu\u010dujeme p\u0159i vy\u0161\u0161\u00edch m\u00ednusov\u00fdch i plusov\u00fdch dioptri\u00edch. U m\u00ednusov\u00fdch skel doc\u00edl\u00edme men\u0161\u00ed okrajov\u00e9 tlou\u0161\u0165ky a u plusov\u00fdch doc\u00edl\u00edme zten\u010den\u00ed ve st\u0159edu \u010do\u010dky a \u00fabytek v\u00e1hy.<\/p>\n<hr \/>\n<h3><\/h3>\n<h3><strong>Bifok\u00e1ln\u00ed br\u00fdlov\u00e9 \u010do\u010dky\u00a0s neviditen\u00fdm p\u0159echodem<\/strong><\/h3>\n<p>Jsou ur\u010deny ke korekci presbyopie (rozd\u00edln\u00e9 vid\u011bn\u00ed\u00a0do\u00a0bl\u00edzka). Jsou vyr\u00e1b\u011bny v plastov\u00e9m proveden\u00ed. S t\u011bmito skly vid\u00edte ost\u0159e do d\u00e1lky a do bl\u00edzka. Novinkou jsou \u010do\u010dky s neviditeln\u00fdm p\u0159echodem.<\/p>\n<hr \/>\n<h3><\/h3>\n<h3><strong>Multifok\u00e1ln\u00ed br\u00fdlov\u00e9 \u010do\u010dky<\/strong><\/h3>\n<p>Jsou ur\u010deny pro vid\u011bn\u00ed na v\u0161echny vzd\u00e1lenosti. Na t\u011bchto br\u00fdlov\u00fdch \u010do\u010dk\u00e1ch nen\u00ed patrn\u00fd \u017e\u00e1dn\u00fd p\u0159echod, tud\u00ed\u017e maj\u00ed esteti\u010dt\u011bj\u0161\u00ed vzhled ne\u017eli bifok\u00e1ln\u00ed skla. Dioptrick\u00fd p\u0159echod je plynul\u00fd a zaru\u010duje ostr\u00fd obraz a komfort na v\u0161echny vzd\u00e1lenosti.<\/p>\n<hr \/>\n<h3><\/h3>\n<h3><strong>Br\u00fdlov\u00e9 \u010do\u010dky z materi\u00e1lu TRIVEX<\/strong><\/h3>\n<p>Jsou jedine\u010dn\u00e9 sv\u00fdmi vlastnostmi: jsou odoln\u00e9 proti n\u00e1razu, pru\u017en\u011bj\u0161\u00ed ne\u017e b\u011b\u017en\u00e1 plastov\u00e1 \u010do\u010dka, jsou ten\u010d\u00ed i leh\u010d\u00ed. Nav\u00edc jsou opat\u0159eny kvalitn\u00edm tvrzen\u00edm, antireflexn\u00ed a hydrof\u00f3bn\u00ed \u00fapravou, tak\u017ee jsou odoln\u00e9 i proti od\u011bru. Doporu\u010dujeme je zvl\u00e1\u0161t\u011b do br\u00fdl\u00ed bez obrub (vrtan\u00e9), kde je v\u011bt\u0161\u00ed riziko odlomen\u00ed plastov\u00fdch \u010do\u010dek . D\u00e1v\u00e1me na n\u011b do\u017eivotn\u00ed z\u00e1ruku proti prasknut\u00ed!<\/p>\n<hr \/>\n<h3><\/h3>\n<h3><strong>Samozabarvovac\u00ed plastov\u00e9 \u010do\u010dky Transitions\u00a0<\/strong><\/h3>\n<p>Jsou nejmodern\u011bj\u0161\u00ed variantou samozabarvovac\u00edch plastov\u00fdch \u010do\u010dek. Uvnit\u0159 v m\u00edstnosti jsou \u010do\u010dky Transitions\u00a0v\u00fdjime\u010dn\u011b \u010dir\u00e9 se z\u016fstatkov\u00fdm zabarven\u00edm max 5%, na slunci dosahuj\u00ed zabarven\u00ed jako slune\u010dn\u00ed br\u00fdle kategorie 3, co\u017e znamen\u00e1 intenzitu zabarven\u00ed 85 %. Nav\u00edc po p\u0159echodu ze slunce do tmav\u00e9ho prost\u0159ed\u00ed zv\u00fd\u0161en\u00fd kontrast t\u011bchto \u010do\u010dek umo\u017en\u00ed jasn\u00e9 a komfortn\u00ed vid\u011bn\u00ed.[\/vc_column_text][\/vc_column][\/vc_row][vc_row][vc_column width=&#8220;1\/1&#8243;][vc_separator][\/vc_column][\/vc_row]<\/p>\n<\/div>","protected":false},"excerpt":{"rendered":"<p>&nbsp; [vc_row][vc_column][vc_column_text] V\u00fdb\u011br korek\u010dn\u00edch br\u00fdlov\u00fdch \u010do\u010dek z\u00e1vis\u00ed na druhu o\u010dn\u00ed vady a na konkr\u00e9tn\u00edch po\u017eadavc\u00edch a p\u0159edstav\u00e1ch u\u017eivatele br\u00fdl\u00ed. Jin\u00e9 vlastnosti po\u017eaduje sportovec, jin\u00e9 ten, kdo nos\u00ed br\u00fdle jako m\u00f3dn\u00ed dopln\u011bk, a jin\u00e9 ten, pro koho jsou br\u00fdle nutn\u00e9 po cel\u00fd den. Pro toho, kdo celodenn\u011b pot\u0159ebuje korekci na v\u0161echny vzd\u00e1lenosti, jsou vhodn\u00e9 multifok\u00e1ln\u00ed \u010do\u010dky. [&hellip;]<\/p>\n","protected":false},"author":1,"featured_media":0,"parent":0,"menu_order":0,"comment_status":"open","ping_status":"open","template":"","meta":{"_monsterinsights_skip_tracking":false,"_monsterinsights_sitenote_active":false,"_monsterinsights_sitenote_note":"","_monsterinsights_sitenote_category":0,"footnotes":""},"class_list":["post-255","page","type-page","status-publish","hentry"],"yoast_head":"<!-- This site is optimized with the Yoast SEO plugin v27.3 - https:\/\/yoast.com\/product\/yoast-seo-wordpress\/ -->\n<title>Br\u00fdlov\u00e9 \u010co\u010dky | O\u010dn\u00ed Centrum Vidum, Opava<\/title>\n<meta name=\"description\" content=\"V\u00fdb\u011br korek\u010dn\u00edch br\u00fdlov\u00fdch \u010do\u010dek z\u00e1vis\u00ed na druhu o\u010dn\u00ed vady a na konkr\u00e9tn\u00edch po\u017eadavc\u00edch a p\u0159edstav\u00e1ch u\u017eivatele br\u00fdl\u00ed. Nav\u0161tivte na\u0161\u00ed prodejnu v Opav\u011b.\" \/>\n<meta name=\"robots\" content=\"index, follow, max-snippet:-1, max-image-preview:large, max-video-preview:-1\" \/>\n<link rel=\"canonical\" href=\"https:\/\/www.vidum.cz\/index.php\/brylove-cocky\/\" \/>\n<meta property=\"og:locale\" content=\"cs_CZ\" \/>\n<meta property=\"og:type\" content=\"article\" \/>\n<meta property=\"og:title\" content=\"Br\u00fdlov\u00e9 \u010co\u010dky | O\u010dn\u00ed Centrum Vidum, Opava\" \/>\n<meta property=\"og:description\" content=\"V\u00fdb\u011br korek\u010dn\u00edch br\u00fdlov\u00fdch \u010do\u010dek z\u00e1vis\u00ed na druhu o\u010dn\u00ed vady a na konkr\u00e9tn\u00edch po\u017eadavc\u00edch a p\u0159edstav\u00e1ch u\u017eivatele br\u00fdl\u00ed. Nav\u0161tivte na\u0161\u00ed prodejnu v Opav\u011b.\" \/>\n<meta property=\"og:url\" content=\"https:\/\/www.vidum.cz\/index.php\/brylove-cocky\/\" \/>\n<meta property=\"og:site_name\" content=\"Vidum\" \/>\n<meta property=\"article:modified_time\" content=\"2018-06-15T07:31:28+00:00\" \/>\n<meta name=\"twitter:label1\" content=\"Odhadovan\u00e1 doba \u010dten\u00ed\" \/>\n\t<meta name=\"twitter:data1\" content=\"3 minuty\" \/>\n<script type=\"application\/ld+json\" class=\"yoast-schema-graph\">{\"@context\":\"https:\\\/\\\/schema.org\",\"@graph\":[{\"@type\":\"WebPage\",\"@id\":\"https:\\\/\\\/www.vidum.cz\\\/index.php\\\/brylove-cocky\\\/\",\"url\":\"https:\\\/\\\/www.vidum.cz\\\/index.php\\\/brylove-cocky\\\/\",\"name\":\"Br\u00fdlov\u00e9 \u010co\u010dky | O\u010dn\u00ed Centrum Vidum, Opava\",\"isPartOf\":{\"@id\":\"https:\\\/\\\/www.vidum.cz\\\/#website\"},\"datePublished\":\"2014-09-25T19:24:05+00:00\",\"dateModified\":\"2018-06-15T07:31:28+00:00\",\"description\":\"V\u00fdb\u011br korek\u010dn\u00edch br\u00fdlov\u00fdch \u010do\u010dek z\u00e1vis\u00ed na druhu o\u010dn\u00ed vady a na konkr\u00e9tn\u00edch po\u017eadavc\u00edch a p\u0159edstav\u00e1ch u\u017eivatele br\u00fdl\u00ed. Nav\u0161tivte na\u0161\u00ed prodejnu v Opav\u011b.\",\"breadcrumb\":{\"@id\":\"https:\\\/\\\/www.vidum.cz\\\/index.php\\\/brylove-cocky\\\/#breadcrumb\"},\"inLanguage\":\"cs\",\"potentialAction\":[{\"@type\":\"ReadAction\",\"target\":[\"https:\\\/\\\/www.vidum.cz\\\/index.php\\\/brylove-cocky\\\/\"]}]},{\"@type\":\"BreadcrumbList\",\"@id\":\"https:\\\/\\\/www.vidum.cz\\\/index.php\\\/brylove-cocky\\\/#breadcrumb\",\"itemListElement\":[{\"@type\":\"ListItem\",\"position\":1,\"name\":\"Dom\u016f\",\"item\":\"https:\\\/\\\/www.vidum.cz\\\/\"},{\"@type\":\"ListItem\",\"position\":2,\"name\":\"Br\u00fdlov\u00e9 \u010do\u010dky\"}]},{\"@type\":\"WebSite\",\"@id\":\"https:\\\/\\\/www.vidum.cz\\\/#website\",\"url\":\"https:\\\/\\\/www.vidum.cz\\\/\",\"name\":\"Vidum\",\"description\":\"O\u010dn\u00ed centrum Vidum\",\"potentialAction\":[{\"@type\":\"SearchAction\",\"target\":{\"@type\":\"EntryPoint\",\"urlTemplate\":\"https:\\\/\\\/www.vidum.cz\\\/?s={search_term_string}\"},\"query-input\":{\"@type\":\"PropertyValueSpecification\",\"valueRequired\":true,\"valueName\":\"search_term_string\"}}],\"inLanguage\":\"cs\"}]}<\/script>\n<!-- \/ Yoast SEO plugin. -->","yoast_head_json":{"title":"Br\u00fdlov\u00e9 \u010co\u010dky | O\u010dn\u00ed Centrum Vidum, Opava","description":"V\u00fdb\u011br korek\u010dn\u00edch br\u00fdlov\u00fdch \u010do\u010dek z\u00e1vis\u00ed na druhu o\u010dn\u00ed vady a na konkr\u00e9tn\u00edch po\u017eadavc\u00edch a p\u0159edstav\u00e1ch u\u017eivatele br\u00fdl\u00ed. Nav\u0161tivte na\u0161\u00ed prodejnu v Opav\u011b.","robots":{"index":"index","follow":"follow","max-snippet":"max-snippet:-1","max-image-preview":"max-image-preview:large","max-video-preview":"max-video-preview:-1"},"canonical":"https:\/\/www.vidum.cz\/index.php\/brylove-cocky\/","og_locale":"cs_CZ","og_type":"article","og_title":"Br\u00fdlov\u00e9 \u010co\u010dky | O\u010dn\u00ed Centrum Vidum, Opava","og_description":"V\u00fdb\u011br korek\u010dn\u00edch br\u00fdlov\u00fdch \u010do\u010dek z\u00e1vis\u00ed na druhu o\u010dn\u00ed vady a na konkr\u00e9tn\u00edch po\u017eadavc\u00edch a p\u0159edstav\u00e1ch u\u017eivatele br\u00fdl\u00ed. Nav\u0161tivte na\u0161\u00ed prodejnu v Opav\u011b.","og_url":"https:\/\/www.vidum.cz\/index.php\/brylove-cocky\/","og_site_name":"Vidum","article_modified_time":"2018-06-15T07:31:28+00:00","twitter_misc":{"Odhadovan\u00e1 doba \u010dten\u00ed":"3 minuty"},"schema":{"@context":"https:\/\/schema.org","@graph":[{"@type":"WebPage","@id":"https:\/\/www.vidum.cz\/index.php\/brylove-cocky\/","url":"https:\/\/www.vidum.cz\/index.php\/brylove-cocky\/","name":"Br\u00fdlov\u00e9 \u010co\u010dky | O\u010dn\u00ed Centrum Vidum, Opava","isPartOf":{"@id":"https:\/\/www.vidum.cz\/#website"},"datePublished":"2014-09-25T19:24:05+00:00","dateModified":"2018-06-15T07:31:28+00:00","description":"V\u00fdb\u011br korek\u010dn\u00edch br\u00fdlov\u00fdch \u010do\u010dek z\u00e1vis\u00ed na druhu o\u010dn\u00ed vady a na konkr\u00e9tn\u00edch po\u017eadavc\u00edch a p\u0159edstav\u00e1ch u\u017eivatele br\u00fdl\u00ed. Nav\u0161tivte na\u0161\u00ed prodejnu v Opav\u011b.","breadcrumb":{"@id":"https:\/\/www.vidum.cz\/index.php\/brylove-cocky\/#breadcrumb"},"inLanguage":"cs","potentialAction":[{"@type":"ReadAction","target":["https:\/\/www.vidum.cz\/index.php\/brylove-cocky\/"]}]},{"@type":"BreadcrumbList","@id":"https:\/\/www.vidum.cz\/index.php\/brylove-cocky\/#breadcrumb","itemListElement":[{"@type":"ListItem","position":1,"name":"Dom\u016f","item":"https:\/\/www.vidum.cz\/"},{"@type":"ListItem","position":2,"name":"Br\u00fdlov\u00e9 \u010do\u010dky"}]},{"@type":"WebSite","@id":"https:\/\/www.vidum.cz\/#website","url":"https:\/\/www.vidum.cz\/","name":"Vidum","description":"O\u010dn\u00ed centrum Vidum","potentialAction":[{"@type":"SearchAction","target":{"@type":"EntryPoint","urlTemplate":"https:\/\/www.vidum.cz\/?s={search_term_string}"},"query-input":{"@type":"PropertyValueSpecification","valueRequired":true,"valueName":"search_term_string"}}],"inLanguage":"cs"}]}},"_links":{"self":[{"href":"https:\/\/www.vidum.cz\/index.php\/wp-json\/wp\/v2\/pages\/255","targetHints":{"allow":["GET"]}}],"collection":[{"href":"https:\/\/www.vidum.cz\/index.php\/wp-json\/wp\/v2\/pages"}],"about":[{"href":"https:\/\/www.vidum.cz\/index.php\/wp-json\/wp\/v2\/types\/page"}],"author":[{"embeddable":true,"href":"https:\/\/www.vidum.cz\/index.php\/wp-json\/wp\/v2\/users\/1"}],"replies":[{"embeddable":true,"href":"https:\/\/www.vidum.cz\/index.php\/wp-json\/wp\/v2\/comments?post=255"}],"version-history":[{"count":8,"href":"https:\/\/www.vidum.cz\/index.php\/wp-json\/wp\/v2\/pages\/255\/revisions"}],"predecessor-version":[{"id":651,"href":"https:\/\/www.vidum.cz\/index.php\/wp-json\/wp\/v2\/pages\/255\/revisions\/651"}],"wp:attachment":[{"href":"https:\/\/www.vidum.cz\/index.php\/wp-json\/wp\/v2\/media?parent=255"}],"curies":[{"name":"wp","href":"https:\/\/api.w.org\/{rel}","templated":true}]}}