{"id":257,"date":"2014-09-25T19:25:01","date_gmt":"2014-09-25T19:25:01","guid":{"rendered":"\/?page_id=257"},"modified":"2018-06-15T08:38:27","modified_gmt":"2018-06-15T07:38:27","slug":"multifokalni-bryle","status":"publish","type":"page","link":"https:\/\/www.vidum.cz\/index.php\/multifokalni-bryle\/","title":{"rendered":"Multifok\u00e1ln\u00ed br\u00fdle"},"content":{"rendered":"<div class=\"wpb-content-wrapper\"><p>[vc_row][vc_column width=&#8220;2\/3&#8243;][vc_column_text]<\/p>\n<h2>Multifok\u00e1ln\u00ed br\u00fdle &#8211; pohodln\u00e9 vid\u011bn\u00ed v ka\u017ed\u00e9m v\u011bku<\/h2>\n<p><strong>Co jsou to multifok\u00e1ln\u00ed br\u00fdle (br\u00fdlov\u00e9 \u010do\u010dky)?<\/strong><\/p>\n<p>Multifok\u00e1ln\u00ed br\u00fdlov\u00e9 \u010do\u010dky umo\u017e\u0148uj\u00ed pohodln\u011b vid\u011bt na v\u0161echny vzd\u00e1lenosti.<br \/>\nJsou vhodn\u00fdm \u0159e\u0161en\u00edm pro ka\u017ed\u00e9ho, kdo za\u010dal m\u00edt probl\u00e9my s vid\u011bn\u00edm do bl\u00edzka a na st\u0159edn\u00ed vzd\u00e1lenost nebo pro ty, kdo maj\u00ed dioptrie do d\u00e1lky i do bl\u00edzka a necht\u011bj\u00ed vym\u011b\u0148ovat br\u00fdle.<\/p>\n<p><strong>Jak funguj\u00ed multifok\u00e1ln\u00ed skla?<\/strong><\/p>\n<p>Multifok\u00e1ln\u00ed skla maj\u00ed tu v\u00fdhodu, \u017ee v jedn\u00e9 \u010do\u010dce maj\u00ed dioptrie na n\u011bkolik vzd\u00e1lenost\u00ed &#8211; do d\u00e1lky, na st\u0159edn\u00ed vzd\u00e1lenost a na bl\u00edzko. M\u016f\u017eete tak pohodln\u011b vid\u011bt v\u0161e, co pot\u0159ebujete.<\/p>\n<p><strong>Rozd\u00edly mezi multifok\u00e1ln\u00edmi skly<\/strong><\/p>\n<p>Multifok\u00e1ln\u00ed skla se rozli\u0161uj\u00ed podle komfortu pohledu na st\u0159edn\u00ed a bl\u00edzkou vzd\u00e1lenost.<\/p>\n<p><strong>Individu\u00e1ln\u00ed multifok\u00e1ln\u00ed skla<\/strong> &#8211; maj\u00ed nej\u0161ir\u0161\u00ed zorn\u00e9 pole na v\u0161echny vzd\u00e1lenosti a neomezuj\u00ed v\u00e1s v perifern\u00edm vid\u011bn\u00ed. Velmi rychle si na n\u011b p\u0159ivyknete. Jsou vyrobena dle Va\u0161ich individu\u00e1ln\u00edch parametr\u016f p\u0159\u00edmo pro Va\u0161e pot\u0159eby. Jsou maxim\u00e1ln\u011b vhodn\u00e1 pro pr\u00e1ci s po\u010d\u00edta\u010dem a na celodenn\u00ed no\u0161en\u00ed. Zvl\u00e1dnou v\u0161echny aktivity b\u011b\u017en\u00e9ho dne.<\/p>\n<p><strong>\u010c\u00e1ste\u010dn\u011b individualizovan\u00e9 multifok\u00e1ln\u00ed skla<\/strong> &#8211; maj\u00ed \u0161ir\u0161\u00ed zorn\u00e9 pole ne\u017e standardn\u00ed typ a omezen\u00ed v perifern\u00edm vid\u011bn\u00ed je minimalizov\u00e1no. Maj\u00ed dobr\u00fd n\u00e1vyk na no\u0161en\u00ed. Jsou vyrobena dle \u010d\u00e1ste\u010dn\u011b individu\u00e1ln\u00edch parametr\u016f a zaru\u010duj\u00ed velmi dobr\u00fd komfort no\u0161en\u00ed.<\/p>\n<p><strong>Standardn\u00ed multifok\u00e1ln\u00ed skla<\/strong> \u2013 \u010dtec\u00ed a st\u0159edn\u00ed vzd\u00e1lenost je u\u017e\u0161\u00ed, ale pro m\u00e9n\u011b n\u00e1ro\u010dn\u00e9 z\u00e1kazn\u00edky poskytnou pohodln\u00e9 vid\u011bn\u00ed.[\/vc_column_text][\/vc_column][vc_column width=&#8220;1\/3&#8243;][vc_single_image image=&#8220;537&#8243; img_link_target=&#8220;_self&#8220; img_size=&#8220;medium&#8220;][\/vc_column][\/vc_row][vc_row][vc_column width=&#8220;1\/3&#8243;][\/vc_column][vc_column width=&#8220;1\/3&#8243;][vc_single_image image=&#8220;547&#8243; img_link_target=&#8220;_self&#8220; img_size=&#8220;medium&#8220; img_link=&#8220;\/wp-content\/uploads\/2014\/10\/kup.jpg&#8220;][\/vc_column][vc_column width=&#8220;1\/3&#8243;][\/vc_column][\/vc_row][vc_row][vc_column width=&#8220;1\/1&#8243;][vc_separator][\/vc_column][\/vc_row]<\/p>\n<\/div>","protected":false},"excerpt":{"rendered":"<p>[vc_row][vc_column width=&#8220;2\/3&#8243;][vc_column_text] Multifok\u00e1ln\u00ed br\u00fdle &#8211; pohodln\u00e9 vid\u011bn\u00ed v ka\u017ed\u00e9m v\u011bku Co jsou to multifok\u00e1ln\u00ed br\u00fdle (br\u00fdlov\u00e9 \u010do\u010dky)? Multifok\u00e1ln\u00ed br\u00fdlov\u00e9 \u010do\u010dky umo\u017e\u0148uj\u00ed pohodln\u011b vid\u011bt na v\u0161echny vzd\u00e1lenosti. Jsou vhodn\u00fdm \u0159e\u0161en\u00edm pro ka\u017ed\u00e9ho, kdo za\u010dal m\u00edt probl\u00e9my s vid\u011bn\u00edm do bl\u00edzka a na st\u0159edn\u00ed vzd\u00e1lenost nebo pro ty, kdo maj\u00ed dioptrie do d\u00e1lky i do bl\u00edzka a [&hellip;]<\/p>\n","protected":false},"author":1,"featured_media":0,"parent":0,"menu_order":0,"comment_status":"open","ping_status":"open","template":"","meta":{"_monsterinsights_skip_tracking":false,"_monsterinsights_sitenote_active":false,"_monsterinsights_sitenote_note":"","_monsterinsights_sitenote_category":0,"footnotes":""},"class_list":["post-257","page","type-page","status-publish","hentry"],"yoast_head":"<!-- This site is optimized with the Yoast SEO plugin v27.3 - https:\/\/yoast.com\/product\/yoast-seo-wordpress\/ -->\n<title>Multifok\u00e1ln\u00ed Br\u00fdle | O\u010dn\u00ed Centrum Vidum, Opava<\/title>\n<meta name=\"description\" content=\"O\u010dn\u00ed Centrum Vidum nab\u00edz\u00ed multifok\u00e1ln\u00ed br\u00fdle. Co jsou to multifok\u00e1ln\u00ed br\u00fdle (br\u00fdlov\u00e9 \u010do\u010dky) a jak funguj\u00ed? Zjist\u011bte v\u00edce zde.\" \/>\n<meta name=\"robots\" content=\"index, follow, max-snippet:-1, max-image-preview:large, max-video-preview:-1\" \/>\n<link rel=\"canonical\" href=\"https:\/\/www.vidum.cz\/index.php\/multifokalni-bryle\/\" \/>\n<meta property=\"og:locale\" content=\"cs_CZ\" \/>\n<meta property=\"og:type\" content=\"article\" \/>\n<meta property=\"og:title\" content=\"Multifok\u00e1ln\u00ed Br\u00fdle | O\u010dn\u00ed Centrum Vidum, Opava\" \/>\n<meta property=\"og:description\" content=\"O\u010dn\u00ed Centrum Vidum nab\u00edz\u00ed multifok\u00e1ln\u00ed br\u00fdle. Co jsou to multifok\u00e1ln\u00ed br\u00fdle (br\u00fdlov\u00e9 \u010do\u010dky) a jak funguj\u00ed? Zjist\u011bte v\u00edce zde.\" \/>\n<meta property=\"og:url\" content=\"https:\/\/www.vidum.cz\/index.php\/multifokalni-bryle\/\" \/>\n<meta property=\"og:site_name\" content=\"Vidum\" \/>\n<meta property=\"article:modified_time\" content=\"2018-06-15T07:38:27+00:00\" \/>\n<meta name=\"twitter:label1\" content=\"Odhadovan\u00e1 doba \u010dten\u00ed\" \/>\n\t<meta name=\"twitter:data1\" content=\"2 minuty\" \/>\n<script type=\"application\/ld+json\" class=\"yoast-schema-graph\">{\"@context\":\"https:\\\/\\\/schema.org\",\"@graph\":[{\"@type\":\"WebPage\",\"@id\":\"https:\\\/\\\/www.vidum.cz\\\/index.php\\\/multifokalni-bryle\\\/\",\"url\":\"https:\\\/\\\/www.vidum.cz\\\/index.php\\\/multifokalni-bryle\\\/\",\"name\":\"Multifok\u00e1ln\u00ed Br\u00fdle | O\u010dn\u00ed Centrum Vidum, Opava\",\"isPartOf\":{\"@id\":\"https:\\\/\\\/www.vidum.cz\\\/#website\"},\"datePublished\":\"2014-09-25T19:25:01+00:00\",\"dateModified\":\"2018-06-15T07:38:27+00:00\",\"description\":\"O\u010dn\u00ed Centrum Vidum nab\u00edz\u00ed multifok\u00e1ln\u00ed br\u00fdle. Co jsou to multifok\u00e1ln\u00ed br\u00fdle (br\u00fdlov\u00e9 \u010do\u010dky) a jak funguj\u00ed? Zjist\u011bte v\u00edce zde.\",\"breadcrumb\":{\"@id\":\"https:\\\/\\\/www.vidum.cz\\\/index.php\\\/multifokalni-bryle\\\/#breadcrumb\"},\"inLanguage\":\"cs\",\"potentialAction\":[{\"@type\":\"ReadAction\",\"target\":[\"https:\\\/\\\/www.vidum.cz\\\/index.php\\\/multifokalni-bryle\\\/\"]}]},{\"@type\":\"BreadcrumbList\",\"@id\":\"https:\\\/\\\/www.vidum.cz\\\/index.php\\\/multifokalni-bryle\\\/#breadcrumb\",\"itemListElement\":[{\"@type\":\"ListItem\",\"position\":1,\"name\":\"Dom\u016f\",\"item\":\"https:\\\/\\\/www.vidum.cz\\\/\"},{\"@type\":\"ListItem\",\"position\":2,\"name\":\"Multifok\u00e1ln\u00ed br\u00fdle\"}]},{\"@type\":\"WebSite\",\"@id\":\"https:\\\/\\\/www.vidum.cz\\\/#website\",\"url\":\"https:\\\/\\\/www.vidum.cz\\\/\",\"name\":\"Vidum\",\"description\":\"O\u010dn\u00ed centrum Vidum\",\"potentialAction\":[{\"@type\":\"SearchAction\",\"target\":{\"@type\":\"EntryPoint\",\"urlTemplate\":\"https:\\\/\\\/www.vidum.cz\\\/?s={search_term_string}\"},\"query-input\":{\"@type\":\"PropertyValueSpecification\",\"valueRequired\":true,\"valueName\":\"search_term_string\"}}],\"inLanguage\":\"cs\"}]}<\/script>\n<!-- \/ Yoast SEO plugin. -->","yoast_head_json":{"title":"Multifok\u00e1ln\u00ed Br\u00fdle | O\u010dn\u00ed Centrum Vidum, Opava","description":"O\u010dn\u00ed Centrum Vidum nab\u00edz\u00ed multifok\u00e1ln\u00ed br\u00fdle. Co jsou to multifok\u00e1ln\u00ed br\u00fdle (br\u00fdlov\u00e9 \u010do\u010dky) a jak funguj\u00ed? Zjist\u011bte v\u00edce zde.","robots":{"index":"index","follow":"follow","max-snippet":"max-snippet:-1","max-image-preview":"max-image-preview:large","max-video-preview":"max-video-preview:-1"},"canonical":"https:\/\/www.vidum.cz\/index.php\/multifokalni-bryle\/","og_locale":"cs_CZ","og_type":"article","og_title":"Multifok\u00e1ln\u00ed Br\u00fdle | O\u010dn\u00ed Centrum Vidum, Opava","og_description":"O\u010dn\u00ed Centrum Vidum nab\u00edz\u00ed multifok\u00e1ln\u00ed br\u00fdle. Co jsou to multifok\u00e1ln\u00ed br\u00fdle (br\u00fdlov\u00e9 \u010do\u010dky) a jak funguj\u00ed? Zjist\u011bte v\u00edce zde.","og_url":"https:\/\/www.vidum.cz\/index.php\/multifokalni-bryle\/","og_site_name":"Vidum","article_modified_time":"2018-06-15T07:38:27+00:00","twitter_misc":{"Odhadovan\u00e1 doba \u010dten\u00ed":"2 minuty"},"schema":{"@context":"https:\/\/schema.org","@graph":[{"@type":"WebPage","@id":"https:\/\/www.vidum.cz\/index.php\/multifokalni-bryle\/","url":"https:\/\/www.vidum.cz\/index.php\/multifokalni-bryle\/","name":"Multifok\u00e1ln\u00ed Br\u00fdle | O\u010dn\u00ed Centrum Vidum, Opava","isPartOf":{"@id":"https:\/\/www.vidum.cz\/#website"},"datePublished":"2014-09-25T19:25:01+00:00","dateModified":"2018-06-15T07:38:27+00:00","description":"O\u010dn\u00ed Centrum Vidum nab\u00edz\u00ed multifok\u00e1ln\u00ed br\u00fdle. Co jsou to multifok\u00e1ln\u00ed br\u00fdle (br\u00fdlov\u00e9 \u010do\u010dky) a jak funguj\u00ed? Zjist\u011bte v\u00edce zde.","breadcrumb":{"@id":"https:\/\/www.vidum.cz\/index.php\/multifokalni-bryle\/#breadcrumb"},"inLanguage":"cs","potentialAction":[{"@type":"ReadAction","target":["https:\/\/www.vidum.cz\/index.php\/multifokalni-bryle\/"]}]},{"@type":"BreadcrumbList","@id":"https:\/\/www.vidum.cz\/index.php\/multifokalni-bryle\/#breadcrumb","itemListElement":[{"@type":"ListItem","position":1,"name":"Dom\u016f","item":"https:\/\/www.vidum.cz\/"},{"@type":"ListItem","position":2,"name":"Multifok\u00e1ln\u00ed br\u00fdle"}]},{"@type":"WebSite","@id":"https:\/\/www.vidum.cz\/#website","url":"https:\/\/www.vidum.cz\/","name":"Vidum","description":"O\u010dn\u00ed centrum Vidum","potentialAction":[{"@type":"SearchAction","target":{"@type":"EntryPoint","urlTemplate":"https:\/\/www.vidum.cz\/?s={search_term_string}"},"query-input":{"@type":"PropertyValueSpecification","valueRequired":true,"valueName":"search_term_string"}}],"inLanguage":"cs"}]}},"_links":{"self":[{"href":"https:\/\/www.vidum.cz\/index.php\/wp-json\/wp\/v2\/pages\/257","targetHints":{"allow":["GET"]}}],"collection":[{"href":"https:\/\/www.vidum.cz\/index.php\/wp-json\/wp\/v2\/pages"}],"about":[{"href":"https:\/\/www.vidum.cz\/index.php\/wp-json\/wp\/v2\/types\/page"}],"author":[{"embeddable":true,"href":"https:\/\/www.vidum.cz\/index.php\/wp-json\/wp\/v2\/users\/1"}],"replies":[{"embeddable":true,"href":"https:\/\/www.vidum.cz\/index.php\/wp-json\/wp\/v2\/comments?post=257"}],"version-history":[{"count":13,"href":"https:\/\/www.vidum.cz\/index.php\/wp-json\/wp\/v2\/pages\/257\/revisions"}],"predecessor-version":[{"id":536,"href":"https:\/\/www.vidum.cz\/index.php\/wp-json\/wp\/v2\/pages\/257\/revisions\/536"}],"wp:attachment":[{"href":"https:\/\/www.vidum.cz\/index.php\/wp-json\/wp\/v2\/media?parent=257"}],"curies":[{"name":"wp","href":"https:\/\/api.w.org\/{rel}","templated":true}]}}