{"id":265,"date":"2014-09-25T19:30:14","date_gmt":"2014-09-25T19:30:14","guid":{"rendered":"\/?page_id=265"},"modified":"2018-06-15T08:36:39","modified_gmt":"2018-06-15T07:36:39","slug":"kontaktni-cocky","status":"publish","type":"page","link":"https:\/\/www.vidum.cz\/index.php\/kontaktni-cocky\/","title":{"rendered":"Kontaktn\u00ed \u010do\u010dky"},"content":{"rendered":"<div class=\"wpb-content-wrapper\"><p>[vc_row][vc_column][vc_column_text]<strong>Jestli\u017ee si chcete vybrat sv\u00e9 prvn\u00ed kontaktn\u00ed \u010do\u010dky nebo v\u00e1s zaujal jin\u00fd model, ne\u017e aktu\u00e1ln\u011b nos\u00edte, je v\u017edy t\u0159eba nov\u00e9 kontaktn\u00ed \u010do\u010dky vyzkou\u0161et u o\u010dn\u00edho odborn\u00edka na kontaktn\u00ed \u010do\u010dky \u2013 optometristy. \u00a0<\/strong> \u00a0 \u00a0 \u00a0 \u00a0 \u00a0 \u00a0 \u00a0 \u00a0 \u00a0 \u00a0 \u00a0\u00a0<a href=\"http:\/\/www.vidum.cz\/wp-content\/uploads\/2014\/10\/Barevn\u00e9-K\u010c-AO_COLORS_2.jpg\"><img loading=\"lazy\" decoding=\"async\" class=\"alignnone wp-image-503\" src=\"http:\/\/www.vidum.cz\/wp-content\/uploads\/2014\/10\/Barevn\u00e9-K\u010c-AO_COLORS_2.jpg\" alt=\"Barevn\u00e9 K\u010c AO_COLORS_2\" width=\"647\" height=\"550\" \/><\/a><\/p>\n<h3>Co od kontaktn\u00edch \u010do\u010dek o\u010dek\u00e1vat?<\/h3>\n<hr \/>\n<h2>Doba v\u00fdm\u011bny<\/h2>\n<p>Co je d\u016fle\u017eit\u00e9 pro v\u00fdb\u011br kontaktn\u00edch \u010do\u010dek podle doby v\u00fdm\u011bny:<\/p>\n<ul>\n<li>rozhodn\u011bte se, zda chcete \u010do\u010dky nosit ka\u017ed\u00fd den nebo jen n\u00e1razov\u011b<\/li>\n<li>pro zdrav\u00e9 no\u0161en\u00ed je d\u016fle\u017eit\u00e1 nejen \u010dast\u00e1 v\u00fdm\u011bna \u010do\u010dek, ale tak\u00e9 jejich propustnost pro kysl\u00edk<\/li>\n<li>pro pohodl\u00ed do konce dne jsou z\u00e1sadn\u00ed obsah vody a zvlh\u010duj\u00edc\u00ed slo\u017eky<\/li>\n<\/ul>\n<p>&nbsp;<\/p>\n<p>Nejhygieni\u010dt\u011bj\u0161\u00ed a z\u00e1rove\u0148 nejsnaz\u0161\u00ed na \u00fadr\u017ebu jsou\u00a0<a href=\"http:\/\/www.cocky.cz\/katalog\/kontaktni-cocky\/denni\">jednodenn\u00ed kontaktn\u00ed \u010do\u010dky<\/a>. K jejich \u00fadr\u017eb\u011b nepot\u0159ebujete \u017e\u00e1dn\u00e9 dal\u0161\u00ed dopl\u0148ky, jednodu\u0161e \u010do\u010dky r\u00e1no nasad\u00edte a ve\u010der vyhod\u00edte. Za tak kr\u00e1tkou dobu no\u0161en\u00ed se na nich nesta\u010d\u00ed vytvo\u0159it usazeniny nebo bakteri\u00e1ln\u00ed z\u00e1rodky, pro o\u010di jsou nejzdrav\u011bj\u0161\u00ed volbou. Ide\u00e1ln\u00ed jsou pro n\u00e1razov\u00e9 pou\u017e\u00edv\u00e1n\u00ed, jako je nap\u0159. sport, kulturn\u00ed akce nebo dovolen\u00e1. P\u0159i pou\u017e\u00edv\u00e1n\u00ed \u010do\u010dek s del\u0161\u00ed v\u00fdm\u011bnou samoz\u0159ejm\u011b m\u016f\u017eete nosit tak\u00e9 \u010do\u010dky denn\u00ed \u2013 pokud tedy na dovolenou up\u0159ednost\u0148ujete jednodenn\u00ed \u010do\u010dky, zeptejte se na jejich vyzkou\u0161en\u00ed va\u0161eho optometristy. V\u00fdborn\u00e9 jsou pak pro nositele s citliv\u00fdma o\u010dima nebo pro alergiky.<\/p>\n<p>Dal\u0161\u00ed mo\u017enost\u00ed jsou\u00a0<a href=\"http:\/\/www.cocky.cz\/katalog\/kontaktni-cocky\/2-tydenni\">2 t\u00fddenn\u00ed kontaktn\u00ed \u010do\u010dky<\/a>, kter\u00e9 mohou b\u00fdt dal\u0161\u00ed dobrou volbou pro citliv\u011bj\u0161\u00ed jedince, alergiky, nositele s vy\u0161\u0161\u00ed n\u00e1chylnost\u00ed k hromad\u011bn\u00ed usazenin, co cht\u011bj\u00ed nosit \u010do\u010dky zdrav\u011b a z\u00e1rove\u0148 ka\u017ed\u00fd den.<\/p>\n<p><a href=\"http:\/\/www.cocky.cz\/katalog\/kontaktni-cocky\/mesicni\">M\u011bs\u00ed\u010dn\u00ed kontaktn\u00ed \u010do\u010dky<\/a>\u00a0b\u00fdvaj\u00ed nejv\u00fdhodn\u011bj\u0161\u00ed, co se t\u00fd\u010de financ\u00ed. Modern\u00ed silikon-hydrogelov\u00e9 materi\u00e1ly posledn\u00edch generac\u00ed ji\u017e dok\u00e1\u017eou o\u010d\u00edm poskytnout dostatek kysl\u00edku pro zdrav\u00ed a zvlh\u010den\u00ed pro pohodl\u00ed. Existuj\u00ed mezi nimi modely, kter\u00e9 je mo\u017en\u00e9 nosit kontinu\u00e1ln\u011b, neboli cel\u00fd m\u011bs\u00edc bez vyjmut\u00ed p\u0159es den i noc \u2013 ov\u0161em jen po schv\u00e1len\u00ed optometristou.<\/p>\n<hr \/>\n<h2>Materi\u00e1l<\/h2>\n<p>Co je d\u016fle\u017eit\u00e9 pro v\u00fdb\u011br kontaktn\u00edch \u010do\u010dek podle materi\u00e1lu:<\/p>\n<ul>\n<li>ka\u017ed\u00fd model kontaktn\u00edch \u010do\u010dek je vyroben z jin\u00e9ho materi\u00e1lu, jak\u00fdkoliv dal\u0161\u00ed model (i kdy\u017e je od stejn\u00e9ho v\u00fdrobce nebo m\u00e1 stejn\u00e9 zak\u0159iven\u00ed) je tedy pot\u0159eba vyzkou\u0161et p\u0159i vy\u0161et\u0159en\u00ed u optometristy<\/li>\n<li>materi\u00e1l ur\u010duje z\u00e1kladn\u00ed vlastnosti \u010do\u010dky, orientujte se hlavn\u011b podle propustnosti pro kysl\u00edk<\/li>\n<li>obecn\u011b jsou pro zdrav\u00e9 no\u0161en\u00ed ide\u00e1ln\u011bj\u0161\u00ed silikon-hydrogelov\u00e9 materi\u00e1ly<\/li>\n<\/ul>\n<hr \/>\n<h2>Propustnost pro kysl\u00edk<\/h2>\n<p>\u010c\u00edm je propustnost pro kysl\u00edk vy\u0161\u0161\u00ed, t\u00edm v\u00edce m\u016f\u017ee oko p\u0159irozen\u011b d\u00fdchat a vy\u017eivovat rohovku. P\u0159i dlouhodob\u00e9m no\u0161en\u00ed kontaktn\u00edch \u010do\u010dek s n\u00edzkou propustnost\u00ed pro kysl\u00edk hroz\u00ed n\u011bkolik nep\u0159\u00edjemn\u00fdch komplikac\u00ed. P\u0159i zkou\u0161ce nov\u00fdch kontaktn\u00edch \u010do\u010dek se sv\u00e9ho optometristy v\u017edy ptejte na propustnost pro kysl\u00edk.<\/p>\n<ul>\n<li>uv\u011bdomte si, \u017ee vy\u0161\u0161\u00ed propustnost\u00ed pro kysl\u00edk udr\u017eujete sv\u016fj zrak zdrav\u011bj\u0161\u00ed<\/li>\n<\/ul>\n<hr \/>\n<h2>Jak kontaktn\u00ed \u010do\u010dky vyzkou\u0161et?<\/h2>\n<p>Pro vyzkou\u0161en\u00ed kontaktn\u00edch \u010do\u010dek se objednejte do aplika\u010dn\u00edho st\u0159ediska nebo optiky s\u00a0<a href=\"http:\/\/www.cocky.cz\/mapa-specialistu-a-prodejcu?db_query=&amp;specialista=1\">kvalifikovan\u00fdm optometristou<\/a>.<\/p>\n<p>Zku\u0161ebn\u00ed p\u00e1r kontaktn\u00edch \u010do\u010dek v\u00e1m poskytne optometrista po p\u00e1r kr\u00e1tk\u00fdch a nen\u00e1ro\u010dn\u00fdch vy\u0161et\u0159en\u00edch, vybere ty nejvhodn\u011bj\u0161\u00ed \u010do\u010dky pro v\u00e1s podle a prakticky jejich vhodnost prov\u011b\u0159\u00ed ihned po jejich nasazen\u00ed a pak tak\u00e9 p\u0159i n\u00e1sledn\u00e9 kontrole.<\/p>\n<p><strong>Nikdy nezkou\u0161ejte kontaktn\u00ed \u010do\u010dky od p\u0159\u00edbuzn\u00e9ho nebo kamar\u00e1da!<\/strong><br \/>\nKa\u017ed\u00fd z\u00e1jemce o kontaktn\u00ed \u010do\u010dky m\u00e1 specifick\u00e9 o\u010di, kter\u00e9 pot\u0159ebuj\u00ed jinou p\u00e9\u010di a \u010do\u010dky. Co vyhovuje jin\u00e9mu, nemus\u00ed vyhovovat v\u00e1m.<br \/>\n<strong>Nikdy nezkou\u0161ejte \u010do\u010dky bez vy\u0161et\u0159en\u00ed speci\u00e1ln\u00edmi p\u0159\u00edstroji.<\/strong><br \/>\nPokud v\u00e1m kdokoliv nab\u00edz\u00ed zku\u0161ebn\u00ed p\u00e1r \u010do\u010dek bez vy\u0161et\u0159en\u00ed, riskuje t\u00edm zdrav\u00ed va\u0161ich o\u010d\u00ed.[\/vc_column_text][\/vc_column][\/vc_row][vc_row][vc_column width=&#8220;1\/3&#8243;][\/vc_column][vc_column width=&#8220;1\/3&#8243;][vc_single_image image=&#8220;540&#8243; img_link_target=&#8220;_self&#8220; img_size=&#8220;medium&#8220; img_link=&#8220;\/wp-content\/uploads\/2014\/10\/kup.jpg&#8220;][\/vc_column][vc_column width=&#8220;1\/3&#8243;][\/vc_column][\/vc_row]<\/p>\n<\/div>","protected":false},"excerpt":{"rendered":"<p>[vc_row][vc_column][vc_column_text]Jestli\u017ee si chcete vybrat sv\u00e9 prvn\u00ed kontaktn\u00ed \u010do\u010dky nebo v\u00e1s zaujal jin\u00fd model, ne\u017e aktu\u00e1ln\u011b nos\u00edte, je v\u017edy t\u0159eba nov\u00e9 kontaktn\u00ed \u010do\u010dky vyzkou\u0161et u o\u010dn\u00edho odborn\u00edka na kontaktn\u00ed \u010do\u010dky \u2013 optometristy. \u00a0 \u00a0 \u00a0 \u00a0 \u00a0 \u00a0 \u00a0 \u00a0 \u00a0 \u00a0 \u00a0 \u00a0\u00a0 Co od kontaktn\u00edch \u010do\u010dek o\u010dek\u00e1vat? Doba v\u00fdm\u011bny Co je d\u016fle\u017eit\u00e9 pro v\u00fdb\u011br [&hellip;]<\/p>\n","protected":false},"author":1,"featured_media":0,"parent":0,"menu_order":0,"comment_status":"open","ping_status":"open","template":"","meta":{"_monsterinsights_skip_tracking":false,"_monsterinsights_sitenote_active":false,"_monsterinsights_sitenote_note":"","_monsterinsights_sitenote_category":0,"footnotes":""},"class_list":["post-265","page","type-page","status-publish","hentry"],"yoast_head":"<!-- This site is optimized with the Yoast SEO plugin v27.3 - https:\/\/yoast.com\/product\/yoast-seo-wordpress\/ -->\n<title>Kontaktn\u00ed \u010co\u010dky | O\u010dn\u00ed Centrum Vidum, Opava<\/title>\n<meta name=\"description\" content=\"Jestli\u017ee si chcete vybrat prvn\u00ed kontaktn\u00ed \u010do\u010dky nebo v\u00e1s zaujal jin\u00fd model, ne\u017e aktu\u00e1ln\u011b nos\u00edte, O\u010dn\u00ed Centrum Vidum nab\u00edz\u00ed \u0161irokou \u0161k\u00e1lu produkt\u016f pro ka\u017ed\u00e9ho.\" \/>\n<meta name=\"robots\" content=\"index, follow, max-snippet:-1, max-image-preview:large, max-video-preview:-1\" \/>\n<link rel=\"canonical\" href=\"https:\/\/www.vidum.cz\/index.php\/kontaktni-cocky\/\" \/>\n<meta property=\"og:locale\" content=\"cs_CZ\" \/>\n<meta property=\"og:type\" content=\"article\" \/>\n<meta property=\"og:title\" content=\"Kontaktn\u00ed \u010co\u010dky | O\u010dn\u00ed Centrum Vidum, Opava\" \/>\n<meta property=\"og:description\" content=\"Jestli\u017ee si chcete vybrat prvn\u00ed kontaktn\u00ed \u010do\u010dky nebo v\u00e1s zaujal jin\u00fd model, ne\u017e aktu\u00e1ln\u011b nos\u00edte, O\u010dn\u00ed Centrum Vidum nab\u00edz\u00ed \u0161irokou \u0161k\u00e1lu produkt\u016f pro ka\u017ed\u00e9ho.\" \/>\n<meta property=\"og:url\" content=\"https:\/\/www.vidum.cz\/index.php\/kontaktni-cocky\/\" \/>\n<meta property=\"og:site_name\" content=\"Vidum\" \/>\n<meta property=\"article:modified_time\" content=\"2018-06-15T07:36:39+00:00\" \/>\n<meta name=\"twitter:label1\" content=\"Odhadovan\u00e1 doba \u010dten\u00ed\" \/>\n\t<meta name=\"twitter:data1\" content=\"4 minuty\" \/>\n<script type=\"application\/ld+json\" class=\"yoast-schema-graph\">{\"@context\":\"https:\\\/\\\/schema.org\",\"@graph\":[{\"@type\":\"WebPage\",\"@id\":\"https:\\\/\\\/www.vidum.cz\\\/index.php\\\/kontaktni-cocky\\\/\",\"url\":\"https:\\\/\\\/www.vidum.cz\\\/index.php\\\/kontaktni-cocky\\\/\",\"name\":\"Kontaktn\u00ed \u010co\u010dky | O\u010dn\u00ed Centrum Vidum, Opava\",\"isPartOf\":{\"@id\":\"https:\\\/\\\/www.vidum.cz\\\/#website\"},\"datePublished\":\"2014-09-25T19:30:14+00:00\",\"dateModified\":\"2018-06-15T07:36:39+00:00\",\"description\":\"Jestli\u017ee si chcete vybrat prvn\u00ed kontaktn\u00ed \u010do\u010dky nebo v\u00e1s zaujal jin\u00fd model, ne\u017e aktu\u00e1ln\u011b nos\u00edte, O\u010dn\u00ed Centrum Vidum nab\u00edz\u00ed \u0161irokou \u0161k\u00e1lu produkt\u016f pro ka\u017ed\u00e9ho.\",\"breadcrumb\":{\"@id\":\"https:\\\/\\\/www.vidum.cz\\\/index.php\\\/kontaktni-cocky\\\/#breadcrumb\"},\"inLanguage\":\"cs\",\"potentialAction\":[{\"@type\":\"ReadAction\",\"target\":[\"https:\\\/\\\/www.vidum.cz\\\/index.php\\\/kontaktni-cocky\\\/\"]}]},{\"@type\":\"BreadcrumbList\",\"@id\":\"https:\\\/\\\/www.vidum.cz\\\/index.php\\\/kontaktni-cocky\\\/#breadcrumb\",\"itemListElement\":[{\"@type\":\"ListItem\",\"position\":1,\"name\":\"Dom\u016f\",\"item\":\"https:\\\/\\\/www.vidum.cz\\\/\"},{\"@type\":\"ListItem\",\"position\":2,\"name\":\"Kontaktn\u00ed \u010do\u010dky\"}]},{\"@type\":\"WebSite\",\"@id\":\"https:\\\/\\\/www.vidum.cz\\\/#website\",\"url\":\"https:\\\/\\\/www.vidum.cz\\\/\",\"name\":\"Vidum\",\"description\":\"O\u010dn\u00ed centrum Vidum\",\"potentialAction\":[{\"@type\":\"SearchAction\",\"target\":{\"@type\":\"EntryPoint\",\"urlTemplate\":\"https:\\\/\\\/www.vidum.cz\\\/?s={search_term_string}\"},\"query-input\":{\"@type\":\"PropertyValueSpecification\",\"valueRequired\":true,\"valueName\":\"search_term_string\"}}],\"inLanguage\":\"cs\"}]}<\/script>\n<!-- \/ Yoast SEO plugin. -->","yoast_head_json":{"title":"Kontaktn\u00ed \u010co\u010dky | O\u010dn\u00ed Centrum Vidum, Opava","description":"Jestli\u017ee si chcete vybrat prvn\u00ed kontaktn\u00ed \u010do\u010dky nebo v\u00e1s zaujal jin\u00fd model, ne\u017e aktu\u00e1ln\u011b nos\u00edte, O\u010dn\u00ed Centrum Vidum nab\u00edz\u00ed \u0161irokou \u0161k\u00e1lu produkt\u016f pro ka\u017ed\u00e9ho.","robots":{"index":"index","follow":"follow","max-snippet":"max-snippet:-1","max-image-preview":"max-image-preview:large","max-video-preview":"max-video-preview:-1"},"canonical":"https:\/\/www.vidum.cz\/index.php\/kontaktni-cocky\/","og_locale":"cs_CZ","og_type":"article","og_title":"Kontaktn\u00ed \u010co\u010dky | O\u010dn\u00ed Centrum Vidum, Opava","og_description":"Jestli\u017ee si chcete vybrat prvn\u00ed kontaktn\u00ed \u010do\u010dky nebo v\u00e1s zaujal jin\u00fd model, ne\u017e aktu\u00e1ln\u011b nos\u00edte, O\u010dn\u00ed Centrum Vidum nab\u00edz\u00ed \u0161irokou \u0161k\u00e1lu produkt\u016f pro ka\u017ed\u00e9ho.","og_url":"https:\/\/www.vidum.cz\/index.php\/kontaktni-cocky\/","og_site_name":"Vidum","article_modified_time":"2018-06-15T07:36:39+00:00","twitter_misc":{"Odhadovan\u00e1 doba \u010dten\u00ed":"4 minuty"},"schema":{"@context":"https:\/\/schema.org","@graph":[{"@type":"WebPage","@id":"https:\/\/www.vidum.cz\/index.php\/kontaktni-cocky\/","url":"https:\/\/www.vidum.cz\/index.php\/kontaktni-cocky\/","name":"Kontaktn\u00ed \u010co\u010dky | O\u010dn\u00ed Centrum Vidum, Opava","isPartOf":{"@id":"https:\/\/www.vidum.cz\/#website"},"datePublished":"2014-09-25T19:30:14+00:00","dateModified":"2018-06-15T07:36:39+00:00","description":"Jestli\u017ee si chcete vybrat prvn\u00ed kontaktn\u00ed \u010do\u010dky nebo v\u00e1s zaujal jin\u00fd model, ne\u017e aktu\u00e1ln\u011b nos\u00edte, O\u010dn\u00ed Centrum Vidum nab\u00edz\u00ed \u0161irokou \u0161k\u00e1lu produkt\u016f pro ka\u017ed\u00e9ho.","breadcrumb":{"@id":"https:\/\/www.vidum.cz\/index.php\/kontaktni-cocky\/#breadcrumb"},"inLanguage":"cs","potentialAction":[{"@type":"ReadAction","target":["https:\/\/www.vidum.cz\/index.php\/kontaktni-cocky\/"]}]},{"@type":"BreadcrumbList","@id":"https:\/\/www.vidum.cz\/index.php\/kontaktni-cocky\/#breadcrumb","itemListElement":[{"@type":"ListItem","position":1,"name":"Dom\u016f","item":"https:\/\/www.vidum.cz\/"},{"@type":"ListItem","position":2,"name":"Kontaktn\u00ed \u010do\u010dky"}]},{"@type":"WebSite","@id":"https:\/\/www.vidum.cz\/#website","url":"https:\/\/www.vidum.cz\/","name":"Vidum","description":"O\u010dn\u00ed centrum Vidum","potentialAction":[{"@type":"SearchAction","target":{"@type":"EntryPoint","urlTemplate":"https:\/\/www.vidum.cz\/?s={search_term_string}"},"query-input":{"@type":"PropertyValueSpecification","valueRequired":true,"valueName":"search_term_string"}}],"inLanguage":"cs"}]}},"_links":{"self":[{"href":"https:\/\/www.vidum.cz\/index.php\/wp-json\/wp\/v2\/pages\/265","targetHints":{"allow":["GET"]}}],"collection":[{"href":"https:\/\/www.vidum.cz\/index.php\/wp-json\/wp\/v2\/pages"}],"about":[{"href":"https:\/\/www.vidum.cz\/index.php\/wp-json\/wp\/v2\/types\/page"}],"author":[{"embeddable":true,"href":"https:\/\/www.vidum.cz\/index.php\/wp-json\/wp\/v2\/users\/1"}],"replies":[{"embeddable":true,"href":"https:\/\/www.vidum.cz\/index.php\/wp-json\/wp\/v2\/comments?post=265"}],"version-history":[{"count":10,"href":"https:\/\/www.vidum.cz\/index.php\/wp-json\/wp\/v2\/pages\/265\/revisions"}],"predecessor-version":[{"id":652,"href":"https:\/\/www.vidum.cz\/index.php\/wp-json\/wp\/v2\/pages\/265\/revisions\/652"}],"wp:attachment":[{"href":"https:\/\/www.vidum.cz\/index.php\/wp-json\/wp\/v2\/media?parent=265"}],"curies":[{"name":"wp","href":"https:\/\/api.w.org\/{rel}","templated":true}]}}