{"id":269,"date":"2014-09-25T19:32:41","date_gmt":"2014-09-25T19:32:41","guid":{"rendered":"\/?page_id=269"},"modified":"2018-06-15T08:44:27","modified_gmt":"2018-06-15T07:44:27","slug":"pouzdra","status":"publish","type":"page","link":"https:\/\/www.vidum.cz\/index.php\/pouzdra\/","title":{"rendered":"Pouzdra"},"content":{"rendered":"<div class=\"wpb-content-wrapper\"><p>[vc_row][vc_column width=&#8220;2\/3&#8243;][vc_column_text]<\/p>\n<h3><strong>Pouzdro na br\u00fdle,<\/strong> nepostradateln\u00fd<br \/>\nspole\u010dn\u00edk va\u0161ich br\u00fdl\u00ed<\/h3>\n<p>&nbsp;<\/p>\n<p><em><b>Pouzdro na br\u00fdle<\/b><\/em>\u00a0chr\u00e1n\u00ed br\u00fdle p\u0159ed po\u0161kozen\u00edm a umo\u017e\u0148uje tak jejich bezprobl\u00e9mov\u00e9 pou\u017e\u00edv\u00e1n\u00ed. Spr\u00e1vn\u00e9<em>br\u00fdlov\u00e9 pouzdro<\/em><i>\u00a0<\/i>je t\u0159eba zvolit podle dan\u00e9ho typu br\u00fdl\u00ed.\u00a0<strong><a title=\"Slune\u010dn\u00ed br\u00fdle, dioptrick\u00e9 slune\u010dn\u00ed br\u00fdle\" href=\"http:\/\/www.vidum.cz\/?page_id=262\" target=\"_blank\">Slune\u010dn\u00ed br\u00fdle<\/a>\u00a0<\/strong>obecn\u011b vy\u017eaduj\u00ed br\u00fdlov\u00e9 pouzdro v\u011bt\u0161\u00ed a hlub\u0161\u00ed. Br\u00fdlov\u00e1\u00a0<em>pouzdra<\/em>\u00a0<em>na<\/em>\u00a0sportovn\u00ed\u00a0<em>b<wbr \/>r\u00fdle<\/em>\u00a0mus\u00ed krom\u011b velikosti umo\u017e\u0148ovat i ulo\u017een\u00ed dal\u0161\u00edch dopl\u0148k\u016f v\u00fdm\u011bnn\u00fdch br\u00fdlov\u00fdch \u010do\u010dek a pod. I ka\u017ed\u00e9\u00a0<a href=\"http:\/\/www.vidum.cz\/?page_id=2\" target=\"_blank\"><strong>dioptrick\u00e9 br\u00fdle<\/strong><\/a>\u00a0jsou jin\u00e9 a to nejen plochou skel ale i v\u00fd\u0161kou po slo\u017een\u00ed br\u00fdl\u00ed.<em>Pouzdro na br\u00fdle<\/em>\u00a0tak mus\u00ed b\u00fdt v podstat\u011b \u0161ito na m\u00edru dan\u00fdm br\u00fdl\u00edm.[\/vc_column_text][\/vc_column][vc_column width=&#8220;1\/3&#8243;][vc_single_image image=&#8220;442&#8243; img_link_target=&#8220;_self&#8220; img_size=&#8220;medium&#8220;][\/vc_column][\/vc_row][vc_row][vc_column width=&#8220;1\/1&#8243;][vc_separator][\/vc_column][\/vc_row]<\/p>\n<\/div>","protected":false},"excerpt":{"rendered":"<p>[vc_row][vc_column width=&#8220;2\/3&#8243;][vc_column_text] Pouzdro na br\u00fdle, nepostradateln\u00fd spole\u010dn\u00edk va\u0161ich br\u00fdl\u00ed &nbsp; Pouzdro na br\u00fdle\u00a0chr\u00e1n\u00ed br\u00fdle p\u0159ed po\u0161kozen\u00edm a umo\u017e\u0148uje tak jejich bezprobl\u00e9mov\u00e9 pou\u017e\u00edv\u00e1n\u00ed. Spr\u00e1vn\u00e9br\u00fdlov\u00e9 pouzdro\u00a0je t\u0159eba zvolit podle dan\u00e9ho typu br\u00fdl\u00ed.\u00a0Slune\u010dn\u00ed br\u00fdle\u00a0obecn\u011b vy\u017eaduj\u00ed br\u00fdlov\u00e9 pouzdro v\u011bt\u0161\u00ed a hlub\u0161\u00ed. Br\u00fdlov\u00e1\u00a0pouzdra\u00a0na\u00a0sportovn\u00ed\u00a0br\u00fdle\u00a0mus\u00ed krom\u011b velikosti umo\u017e\u0148ovat i ulo\u017een\u00ed dal\u0161\u00edch dopl\u0148k\u016f v\u00fdm\u011bnn\u00fdch br\u00fdlov\u00fdch \u010do\u010dek a pod. I ka\u017ed\u00e9\u00a0dioptrick\u00e9 br\u00fdle\u00a0jsou jin\u00e9 a [&hellip;]<\/p>\n","protected":false},"author":1,"featured_media":0,"parent":0,"menu_order":0,"comment_status":"open","ping_status":"open","template":"","meta":{"_monsterinsights_skip_tracking":false,"_monsterinsights_sitenote_active":false,"_monsterinsights_sitenote_note":"","_monsterinsights_sitenote_category":0,"footnotes":""},"class_list":["post-269","page","type-page","status-publish","hentry"],"yoast_head":"<!-- This site is optimized with the Yoast SEO plugin v27.3 - https:\/\/yoast.com\/product\/yoast-seo-wordpress\/ -->\n<title>Br\u00fdlov\u00e9 Pouzdro | O\u010dn\u00ed Centrum Vidum, Opava<\/title>\n<meta name=\"description\" content=\"O\u010dn\u00ed Centrum Vidum nab\u00edz\u00ed \u0161irokou \u0161k\u00e1lu pouzder na br\u00fdle, kter\u00e9 chr\u00e1n\u00ed br\u00fdle p\u0159ed po\u0161kozen\u00edm a umo\u017e\u0148uje tak jejich bezprobl\u00e9mov\u00e9 pou\u017e\u00edv\u00e1n\u00ed.\" \/>\n<meta name=\"robots\" content=\"index, follow, max-snippet:-1, max-image-preview:large, max-video-preview:-1\" \/>\n<link rel=\"canonical\" href=\"https:\/\/www.vidum.cz\/index.php\/pouzdra\/\" \/>\n<meta property=\"og:locale\" content=\"cs_CZ\" \/>\n<meta property=\"og:type\" content=\"article\" \/>\n<meta property=\"og:title\" content=\"Br\u00fdlov\u00e9 Pouzdro | O\u010dn\u00ed Centrum Vidum, Opava\" \/>\n<meta property=\"og:description\" content=\"O\u010dn\u00ed Centrum Vidum nab\u00edz\u00ed \u0161irokou \u0161k\u00e1lu pouzder na br\u00fdle, kter\u00e9 chr\u00e1n\u00ed br\u00fdle p\u0159ed po\u0161kozen\u00edm a umo\u017e\u0148uje tak jejich bezprobl\u00e9mov\u00e9 pou\u017e\u00edv\u00e1n\u00ed.\" \/>\n<meta property=\"og:url\" content=\"https:\/\/www.vidum.cz\/index.php\/pouzdra\/\" \/>\n<meta property=\"og:site_name\" content=\"Vidum\" \/>\n<meta property=\"article:modified_time\" content=\"2018-06-15T07:44:27+00:00\" \/>\n<meta name=\"twitter:label1\" content=\"Odhadovan\u00e1 doba \u010dten\u00ed\" \/>\n\t<meta name=\"twitter:data1\" content=\"1 minuta\" \/>\n<script type=\"application\/ld+json\" class=\"yoast-schema-graph\">{\"@context\":\"https:\\\/\\\/schema.org\",\"@graph\":[{\"@type\":\"WebPage\",\"@id\":\"https:\\\/\\\/www.vidum.cz\\\/index.php\\\/pouzdra\\\/\",\"url\":\"https:\\\/\\\/www.vidum.cz\\\/index.php\\\/pouzdra\\\/\",\"name\":\"Br\u00fdlov\u00e9 Pouzdro | O\u010dn\u00ed Centrum Vidum, Opava\",\"isPartOf\":{\"@id\":\"https:\\\/\\\/www.vidum.cz\\\/#website\"},\"datePublished\":\"2014-09-25T19:32:41+00:00\",\"dateModified\":\"2018-06-15T07:44:27+00:00\",\"description\":\"O\u010dn\u00ed Centrum Vidum nab\u00edz\u00ed \u0161irokou \u0161k\u00e1lu pouzder na br\u00fdle, kter\u00e9 chr\u00e1n\u00ed br\u00fdle p\u0159ed po\u0161kozen\u00edm a umo\u017e\u0148uje tak jejich bezprobl\u00e9mov\u00e9 pou\u017e\u00edv\u00e1n\u00ed.\",\"breadcrumb\":{\"@id\":\"https:\\\/\\\/www.vidum.cz\\\/index.php\\\/pouzdra\\\/#breadcrumb\"},\"inLanguage\":\"cs\",\"potentialAction\":[{\"@type\":\"ReadAction\",\"target\":[\"https:\\\/\\\/www.vidum.cz\\\/index.php\\\/pouzdra\\\/\"]}]},{\"@type\":\"BreadcrumbList\",\"@id\":\"https:\\\/\\\/www.vidum.cz\\\/index.php\\\/pouzdra\\\/#breadcrumb\",\"itemListElement\":[{\"@type\":\"ListItem\",\"position\":1,\"name\":\"Dom\u016f\",\"item\":\"https:\\\/\\\/www.vidum.cz\\\/\"},{\"@type\":\"ListItem\",\"position\":2,\"name\":\"Pouzdra\"}]},{\"@type\":\"WebSite\",\"@id\":\"https:\\\/\\\/www.vidum.cz\\\/#website\",\"url\":\"https:\\\/\\\/www.vidum.cz\\\/\",\"name\":\"Vidum\",\"description\":\"O\u010dn\u00ed centrum Vidum\",\"potentialAction\":[{\"@type\":\"SearchAction\",\"target\":{\"@type\":\"EntryPoint\",\"urlTemplate\":\"https:\\\/\\\/www.vidum.cz\\\/?s={search_term_string}\"},\"query-input\":{\"@type\":\"PropertyValueSpecification\",\"valueRequired\":true,\"valueName\":\"search_term_string\"}}],\"inLanguage\":\"cs\"}]}<\/script>\n<!-- \/ Yoast SEO plugin. -->","yoast_head_json":{"title":"Br\u00fdlov\u00e9 Pouzdro | O\u010dn\u00ed Centrum Vidum, Opava","description":"O\u010dn\u00ed Centrum Vidum nab\u00edz\u00ed \u0161irokou \u0161k\u00e1lu pouzder na br\u00fdle, kter\u00e9 chr\u00e1n\u00ed br\u00fdle p\u0159ed po\u0161kozen\u00edm a umo\u017e\u0148uje tak jejich bezprobl\u00e9mov\u00e9 pou\u017e\u00edv\u00e1n\u00ed.","robots":{"index":"index","follow":"follow","max-snippet":"max-snippet:-1","max-image-preview":"max-image-preview:large","max-video-preview":"max-video-preview:-1"},"canonical":"https:\/\/www.vidum.cz\/index.php\/pouzdra\/","og_locale":"cs_CZ","og_type":"article","og_title":"Br\u00fdlov\u00e9 Pouzdro | O\u010dn\u00ed Centrum Vidum, Opava","og_description":"O\u010dn\u00ed Centrum Vidum nab\u00edz\u00ed \u0161irokou \u0161k\u00e1lu pouzder na br\u00fdle, kter\u00e9 chr\u00e1n\u00ed br\u00fdle p\u0159ed po\u0161kozen\u00edm a umo\u017e\u0148uje tak jejich bezprobl\u00e9mov\u00e9 pou\u017e\u00edv\u00e1n\u00ed.","og_url":"https:\/\/www.vidum.cz\/index.php\/pouzdra\/","og_site_name":"Vidum","article_modified_time":"2018-06-15T07:44:27+00:00","twitter_misc":{"Odhadovan\u00e1 doba \u010dten\u00ed":"1 minuta"},"schema":{"@context":"https:\/\/schema.org","@graph":[{"@type":"WebPage","@id":"https:\/\/www.vidum.cz\/index.php\/pouzdra\/","url":"https:\/\/www.vidum.cz\/index.php\/pouzdra\/","name":"Br\u00fdlov\u00e9 Pouzdro | O\u010dn\u00ed Centrum Vidum, Opava","isPartOf":{"@id":"https:\/\/www.vidum.cz\/#website"},"datePublished":"2014-09-25T19:32:41+00:00","dateModified":"2018-06-15T07:44:27+00:00","description":"O\u010dn\u00ed Centrum Vidum nab\u00edz\u00ed \u0161irokou \u0161k\u00e1lu pouzder na br\u00fdle, kter\u00e9 chr\u00e1n\u00ed br\u00fdle p\u0159ed po\u0161kozen\u00edm a umo\u017e\u0148uje tak jejich bezprobl\u00e9mov\u00e9 pou\u017e\u00edv\u00e1n\u00ed.","breadcrumb":{"@id":"https:\/\/www.vidum.cz\/index.php\/pouzdra\/#breadcrumb"},"inLanguage":"cs","potentialAction":[{"@type":"ReadAction","target":["https:\/\/www.vidum.cz\/index.php\/pouzdra\/"]}]},{"@type":"BreadcrumbList","@id":"https:\/\/www.vidum.cz\/index.php\/pouzdra\/#breadcrumb","itemListElement":[{"@type":"ListItem","position":1,"name":"Dom\u016f","item":"https:\/\/www.vidum.cz\/"},{"@type":"ListItem","position":2,"name":"Pouzdra"}]},{"@type":"WebSite","@id":"https:\/\/www.vidum.cz\/#website","url":"https:\/\/www.vidum.cz\/","name":"Vidum","description":"O\u010dn\u00ed centrum Vidum","potentialAction":[{"@type":"SearchAction","target":{"@type":"EntryPoint","urlTemplate":"https:\/\/www.vidum.cz\/?s={search_term_string}"},"query-input":{"@type":"PropertyValueSpecification","valueRequired":true,"valueName":"search_term_string"}}],"inLanguage":"cs"}]}},"_links":{"self":[{"href":"https:\/\/www.vidum.cz\/index.php\/wp-json\/wp\/v2\/pages\/269","targetHints":{"allow":["GET"]}}],"collection":[{"href":"https:\/\/www.vidum.cz\/index.php\/wp-json\/wp\/v2\/pages"}],"about":[{"href":"https:\/\/www.vidum.cz\/index.php\/wp-json\/wp\/v2\/types\/page"}],"author":[{"embeddable":true,"href":"https:\/\/www.vidum.cz\/index.php\/wp-json\/wp\/v2\/users\/1"}],"replies":[{"embeddable":true,"href":"https:\/\/www.vidum.cz\/index.php\/wp-json\/wp\/v2\/comments?post=269"}],"version-history":[{"count":9,"href":"https:\/\/www.vidum.cz\/index.php\/wp-json\/wp\/v2\/pages\/269\/revisions"}],"predecessor-version":[{"id":654,"href":"https:\/\/www.vidum.cz\/index.php\/wp-json\/wp\/v2\/pages\/269\/revisions\/654"}],"wp:attachment":[{"href":"https:\/\/www.vidum.cz\/index.php\/wp-json\/wp\/v2\/media?parent=269"}],"curies":[{"name":"wp","href":"https:\/\/api.w.org\/{rel}","templated":true}]}}