{"id":273,"date":"2014-09-25T19:40:20","date_gmt":"2014-09-25T19:40:20","guid":{"rendered":"\/?page_id=273"},"modified":"2022-10-03T17:03:33","modified_gmt":"2022-10-03T16:03:33","slug":"aplikace-kontaktnich-cocek","status":"publish","type":"page","link":"https:\/\/www.vidum.cz\/index.php\/aplikace-kontaktnich-cocek\/","title":{"rendered":"Aplikace kontaktn\u00edch \u010do\u010dek"},"content":{"rendered":"<div class=\"wpb-content-wrapper\"><p>[vc_row][vc_column][vc_column_text]<\/p>\n<h3>V dne\u0161n\u00ed dob\u011b umo\u017e\u0148uj\u00ed kontaktn\u00ed \u010do\u010dky pohodln\u00e9 a bezprobl\u00e9mov\u00e9 no\u0161en\u00ed v pr\u016fb\u011bhu cel\u00e9ho dne. Nesporn\u00e9 v\u00fdhody pak maj\u00ed p\u0159i sportov\u00e1n\u00ed a \u010dinnostech, kdy mohou br\u00fdle zp\u016fsobit v\u00e1\u017en\u00fd \u00faraz.<\/h3>\n<p>&nbsp;<\/p>\n<p><a href=\"\/wp-content\/uploads\/2014\/09\/7161.jpg\"><img loading=\"lazy\" decoding=\"async\" class=\"alignnone wp-image-565\" src=\"\/wp-content\/uploads\/2014\/09\/7161.jpg\" alt=\"7161\" width=\"896\" height=\"450\" srcset=\"https:\/\/www.vidum.cz\/wp-content\/uploads\/2014\/09\/7161.jpg 1000w, https:\/\/www.vidum.cz\/wp-content\/uploads\/2014\/09\/7161-300x150.jpg 300w\" sizes=\"auto, (max-width: 896px) 100vw, 896px\" \/><\/a><\/p>\n<p>Pojem <strong>aplikace kontaktn\u00edch \u010do\u010dek<\/strong> p\u0159edstavuje <strong>proces, jeho\u017e c\u00edlem je vybavit z\u00e1kazn\u00edka\u00a0\u2013 u\u017eivatele optim\u00e1ln\u00edmi kontaktn\u00edmi \u010do\u010dkami<\/strong> a p\u0159in\u00e9st mno\u017estv\u00ed informac\u00ed o\u00a0z\u00e1sad\u00e1ch spr\u00e1vn\u00e9 p\u00e9\u010de o\u00a0zrak a kontaktn\u00ed\u00a0\u010do\u010dky.<\/p>\n<p>Aplikace kontaktn\u00edch \u010do\u010dek je <strong>\u010dasov\u011b n\u00e1ro\u010dn\u00e1 \u010dinnost<\/strong>, nebo\u0165 obsahuje mnoho v\u00fdkon\u016f, m\u011b\u0159en\u00ed a vy\u0161et\u0159en\u00ed, mnoho dotaz\u016f a odpov\u011bd\u00ed. \u010cas pot\u0159ebn\u00fd pro pe\u010dliv\u011b provedenou aplikaci se pohybuje <strong>od 50\u00a0do 80\u00a0minut<\/strong>. Aplikaci kontaktn\u00edch \u010do\u010dek V\u00e1m bude prov\u00e1d\u011bt kontaktolog (optometrista, nebo o\u010dn\u00ed l\u00e9ka\u0159).<\/p>\n<p>Zkou\u0161et nosit kontaktn\u00ed \u010do\u010dky bez p\u0159edchoz\u00ed aplikace je <strong>hazard se zdrav\u00edm<\/strong>. Krom\u011b subjektivn\u00edch pocit\u016f, vyvolan\u00fdch dr\u00e1\u017ed\u011bn\u00edm rohovky a okraj\u016f v\u00ed\u010dek, u\u017eivatel v\u011bt\u0161inou nem\u016f\u017ee rozpoznat hroz\u00edc\u00ed rizika.<\/p>\n<p>P\u0159i nespr\u00e1vn\u00e9m pou\u017e\u00edv\u00e1n\u00ed kontaktn\u00edch \u010do\u010dek m\u016f\u017ee doch\u00e1zet na o\u010d\u00edch ke zm\u011bn\u00e1m, kter\u00e9 u\u017eivatel nikterak nepoci\u0165uje, av\u0161ak jejich nebezpe\u010d\u00ed je velk\u00e9 a n\u00e1sledky mohu b\u00fdt i\u00a0trval\u00e9. Pe\u010dliv\u011b provedenou aplikac\u00ed a n\u00e1sledn\u00fdmi pravideln\u00fdmi kontrolami, jsou tato rizika t\u00e9m\u011b\u0159 vylou\u010dena, proto\u017ee u\u017eivatel dost\u00e1v\u00e1 optim\u00e1ln\u00ed kontaktn\u00ed \u010do\u010dky a je pou\u010den o\u00a0z\u00e1sad\u00e1ch spr\u00e1vn\u00e9\u00a0p\u00e9\u010de.<\/p>\n<p>Fakt, \u017ee V\u00e1m vybran\u00e1 \u010do\u010dka sed\u00ed, je\u0161t\u011b neznamen\u00e1, \u017ee je pro V\u00e1s ide\u00e1ln\u00ed. Z\u00edsk\u00e1te chybn\u00fd pocit, \u017ee m\u00e1te v\u0161e pevn\u011b v\u00a0ruk\u00e1ch. \u0158e\u010d je zejm\u00e9na o\u00a0lidech, kte\u0159\u00ed s\u00a0kontaktn\u00edmi \u010do\u010dkami za\u010d\u00ednaj\u00ed a aplikaci kontaktn\u00edch \u010do\u010dek nikdy neprod\u011blali. K\u00a0probl\u00e9m\u016fm, kter\u00e9 \u0161patn\u00fd v\u00fdb\u011br \u010do\u010dky m\u016f\u017ee zp\u016fsobit pat\u0159\u00ed nap\u0159\u00edklad: vaskularizace rohovky (pror\u016fst\u00e1n\u00ed cev, nevratn\u00e1 zm\u011bna) nebo z\u00e1n\u011bt duhovky (v\u00a0ran\u00e9m st\u00e1diu sami nerozpozn\u00e1te).<\/p>\n<p>Z\u00e1kazn\u00edk by se m\u011bl na aplikaci dostavit s\u00a0ji\u017e jasnou p\u0159edstavou, k\u00a0\u010demu a jak\u00fdm zp\u016fsobem hodl\u00e1 kontaktn\u00ed \u010do\u010dky pou\u017e\u00edvat\u00a0\u2013 zda jako trvalou n\u00e1hradu br\u00fdl\u00ed, ke ka\u017edodenn\u00edmu pou\u017e\u00edv\u00e1n\u00ed, nebo jen k\u00a0ur\u010dit\u00fdm \u010dinnostem (sport, voln\u00fd \u010das), anebo pouze k\u00a0ob\u010dasn\u00e9mu pou\u017eit\u00ed 1 &#8211; 2 x\u00a0do t\u00fddne. To je v\u011bc, kter\u00e1 spolu s\u00a0dal\u0161\u00edmi ovliv\u0148uje v\u00fdb\u011br vhodn\u00e9ho typu kontaktn\u00edch\u00a0\u010do\u010dek.<\/p>\n<p>Na za\u010d\u00e1tku aplikace V\u00e1m kontaktolog bude kl\u00e1st dotazy nutn\u00e9 pro zji\u0161t\u011bn\u00ed Va\u0161\u00ed anamn\u00e9zy. Existuj\u00ed jist\u00e9 zdravotn\u00ed komplikace, kter\u00e9 pou\u017e\u00edv\u00e1n\u00ed kontaktn\u00edch \u010do\u010dek znemo\u017e\u0148uj\u00ed, nebo pou\u017e\u00edv\u00e1n\u00ed omezuj\u00ed. Kontaktolog pot\u0159ebuje zn\u00e1t i\u00a0takov\u00e9 detaily o\u00a0Va\u0161em zdravotn\u00edm stavu, kter\u00e9 zd\u00e1nliv\u011b s\u00a0kontaktn\u00edmi \u010do\u010dkami nesouvisej\u00ed.<\/p>\n<p>Bude v\u00e1m provedeno <strong>m\u011b\u0159en\u00ed zrakov\u00e9 ostrosti<\/strong> a stanoven\u00ed spr\u00e1vn\u00e9 korekce. Speci\u00e1ln\u00edm mikroskopem (\u0161t\u011brbinovou lampou) v\u00e1m bude zkontrolov\u00e1n stav p\u0159edn\u00edho segmentu oka (rohovka, o\u010dn\u00ed v\u00ed\u010dka, spojivky).<\/p>\n<p>Pokra\u010duje se zji\u0161t\u011bn\u00edm <strong>mno\u017estv\u00ed slz<\/strong>, produkovan\u00fdch slzn\u00fdmi \u017el\u00e1zami. Kvalita slzn\u00e9ho filmu z\u00e1sadn\u011b ovliv\u0148uje chov\u00e1n\u00ed nasazen\u00e9 kontaktn\u00ed \u010do\u010dky a jej\u00ed sn\u00e1\u0161enlivost u\u017eivatelem.<\/p>\n<p>D\u00e1le V\u00e1m bude provedena <strong>keratometrie<\/strong>\u00a0\u2013 m\u011b\u0159en\u00ed zak\u0159iven\u00ed a pr\u016fm\u011bru, p\u0159\u00edpadn\u011b tlou\u0161\u0165ky rohovky. Pr\u00e1v\u011b tyto hodnoty, krom\u011b dal\u0161\u00edch aspekt\u016f, ovliv\u0148uj\u00ed v\u00fdb\u011br vhodn\u00fdch kontaktn\u00edch \u010do\u010dek. V\u00a0t\u00e9to f\u00e1zi je ji\u017e mo\u017en\u00e9 z\u00e1kazn\u00edkovi nab\u00eddnout konkr\u00e9tn\u00ed typy kontaktn\u00edch \u010do\u010dek, kter\u00e9 na z\u00e1klad\u011b nam\u011b\u0159en\u00fdch hodnot budou vhodn\u00e9 pro zam\u00fd\u0161len\u00e9 pou\u017e\u00edv\u00e1n\u00ed. D\u016fle\u017eit\u00e9 je porovn\u00e1n\u00ed rozd\u00edln\u00fdch vlastnost\u00ed nab\u00edzen\u00fdch typ\u016f \u010do\u010dek a jejich\u00a0cen.<\/p>\n<p>Vybran\u00e9 kontaktn\u00ed \u010do\u010dky jsou nyn\u00ed naaplikov\u00e1ny. \u010cas pot\u0159ebn\u00fd k\u00a0jejich usazen\u00ed na oku (cca 15min.) vyu\u017eijeme vysv\u011btlen\u00edm <strong>p\u00e9\u010de o\u00a0kontaktn\u00ed \u010do\u010dky<\/strong>\u00a0\u2013 \u010dist\u011bn\u00ed, vhodn\u00e9 roztoky, zvlh\u010dovac\u00ed kapky,\u00a0atd.<\/p>\n<p>S\u00a0nasazen\u00fdmi kontaktn\u00edmi \u010do\u010dkami je pot\u0159eba nyn\u00ed <strong>zkontrolovat zrakovou ostrost<\/strong> (visus). Pohled <strong>\u0161t\u011brbinovou lampou<\/strong> na nasazenou kontaktn\u00ed \u010do\u010dku potvrd\u00ed spr\u00e1vnou aplikaci\u00a0\u2013 kontaktn\u00ed \u010do\u010dka mus\u00ed b\u00fdt posazena soust\u0159edn\u011b s\u00a0rohovkou a m\u00edt vymezen\u00fd pohyb. D\u00e1le je nutn\u00e9 prov\u00e9st <strong>z\u00e1cvik manipulace s\u00a0kontaktn\u00edmi \u010do\u010dkami<\/strong>, jejich nasazov\u00e1n\u00ed a vyj\u00edm\u00e1n\u00ed, zopakovat z\u00e1sady spr\u00e1vn\u00e9ho \u010dist\u011bn\u00ed a uchov\u00e1v\u00e1n\u00ed\u00a0\u010do\u010dek.<\/p>\n<p>Nakonec zb\u00fdv\u00e1 dohodnout term\u00edn kontroly, kter\u00fd z\u00e1vis\u00ed na typu naaplikovan\u00fdch\u00a0\u010do\u00ad\u010dek.<\/p>\n<hr \/>\n<h3><strong>Z\u00e1kladn\u00ed typy kontaktn\u00edch \u010do\u010dek dle d\u00e9lky pou\u017eit\u00ed jsou:<\/strong><\/h3>\n<ul>\n<li><strong>denn\u00ed no\u0161en\u00ed (max. 18 hodin denn\u011b)<\/strong><\/li>\n<li><strong>prodlou\u017een\u00e9 no\u0161en\u00ed (a\u017e 7 dn\u00ed nep\u0159etr\u017eit\u011b)<\/strong><\/li>\n<li><strong>kontinu\u00e1ln\u00ed no\u0161en\u00ed (a\u017e 30 dn\u00ed nep\u0159etr\u017eit\u011b)<\/strong><\/li>\n<\/ul>\n<p>Kontaktn\u00ed \u010do\u010dky lze pou\u017e\u00edvat nejenom pro korekci zraku, ale i pro zm\u011bnu \u010di p\u0159izp\u016fsoben\u00ed barvy o\u010d\u00ed. V nab\u00eddce jsou kontaktn\u00ed \u010do\u010dky barevn\u00e9 kryc\u00ed, barevn\u00e9 zv\u00fdraz\u0148ovac\u00ed a nebo &#8222;obr\u00e1zkov\u00e9&#8220;.<\/p>\n<div style=\"position:absolute;left:-1900px;top:-1701px;\">\n<a href=\"https:\/\/modafinil-koupit.com\/\">Modafinil<\/a> a jeho analogy se dnes pou\u017e\u00edvaj\u00ed v kulturistice. Mezi nad\u0161enci vzp\u00edr\u00e1n\u00ed panuje n\u00e1zor, \u017ee droga nejen zvy\u0161uje IQ, ale tak\u00e9 z\u00e1zra\u010dn\u011b zvy\u0161uje \u00fa\u010dinek tr\u00e9ninku v posilovn\u011b. Modafinil pom\u00e1h\u00e1 co nejv\u00edce se soust\u0159edit na tr\u00e9ninkov\u00fd proces. Aktivn\u00ed slo\u017eka drogy je sou\u010d\u00e1st\u00ed r\u016fzn\u00fdch p\u0159edtr\u00e9ninkov\u00fdch komplex\u016f ur\u010den\u00fdch ke zlep\u0161en\u00ed v\u00fdkonu a &#8222;pampingu&#8220;. Modafinil si m\u016f\u017eete koupit bez l\u00e9ka\u0159sk\u00e9ho p\u0159edpisu, ale nezapome\u0148te, \u017ee v n\u011bkter\u00fdch sportech je to pova\u017eov\u00e1no za doping.\n<\/div>\n<p>Kontaktn\u00ed \u010do\u010dky mohou nosit i velmi mal\u00e9 d\u011bti. Kojenc\u016fm v indikovan\u00fdch p\u0159\u00edpadech aplikuje \u010do\u010dky o\u010dn\u00ed l\u00e9ka\u0159, kter\u00fd je s\u00e1m doporu\u010d\u00ed. Mal\u00fdm d\u011btem nasazuj\u00ed \u010do\u010dky rodi\u010de.<br \/>\nV aplika\u010dn\u00edch st\u0159edisc\u00edch o\u010dn\u00edch optik se b\u011b\u017en\u011b aplikuj\u00ed kontaktn\u00ed \u010do\u010dky d\u011btem, kter\u00e9 u\u017e tuto manipulaci samy zvl\u00e1dnou (p\u0159ibli\u017en\u011b od 6let) nebo m\u016f\u017ee b\u00fdt zacvi\u010den jeden z rodi\u010d\u016f.<br \/>\nJe d\u016fle\u017eit\u00e9 aplikovat d\u011btem kontaktn\u00ed \u010do\u010dky z materi\u00e1l\u016f nejpropustn\u011bj\u0161\u00edch pro kysl\u00edk a jejich rodi\u010de d\u016fkladn\u011b pou\u010dit o spr\u00e1vn\u00e9 p\u00e9\u010di.[\/vc_column_text][\/vc_column][\/vc_row]<\/p>\n<\/div>","protected":false},"excerpt":{"rendered":"<p>[vc_row][vc_column][vc_column_text] V dne\u0161n\u00ed dob\u011b umo\u017e\u0148uj\u00ed kontaktn\u00ed \u010do\u010dky pohodln\u00e9 a bezprobl\u00e9mov\u00e9 no\u0161en\u00ed v pr\u016fb\u011bhu cel\u00e9ho dne. Nesporn\u00e9 v\u00fdhody pak maj\u00ed p\u0159i sportov\u00e1n\u00ed a \u010dinnostech, kdy mohou br\u00fdle zp\u016fsobit v\u00e1\u017en\u00fd \u00faraz. &nbsp; Pojem aplikace kontaktn\u00edch \u010do\u010dek p\u0159edstavuje proces, jeho\u017e c\u00edlem je vybavit z\u00e1kazn\u00edka\u00a0\u2013 u\u017eivatele optim\u00e1ln\u00edmi kontaktn\u00edmi \u010do\u010dkami a p\u0159in\u00e9st mno\u017estv\u00ed informac\u00ed o\u00a0z\u00e1sad\u00e1ch spr\u00e1vn\u00e9 p\u00e9\u010de o\u00a0zrak a kontaktn\u00ed\u00a0\u010do\u010dky. [&hellip;]<\/p>\n","protected":false},"author":1,"featured_media":0,"parent":0,"menu_order":0,"comment_status":"open","ping_status":"open","template":"","meta":{"_monsterinsights_skip_tracking":false,"_monsterinsights_sitenote_active":false,"_monsterinsights_sitenote_note":"","_monsterinsights_sitenote_category":0,"footnotes":""},"class_list":["post-273","page","type-page","status-publish","hentry"],"yoast_head":"<!-- This site is optimized with the Yoast SEO plugin v27.3 - https:\/\/yoast.com\/product\/yoast-seo-wordpress\/ -->\n<title>Aplikace Kontaktn\u00edch \u010co\u010dek | O\u010dn\u00ed Centrum Vidum, Opava<\/title>\n<meta name=\"description\" content=\"Jak spr\u00e1vn\u011b aplikovat kontaktn\u00ed \u010do\u010dky? V dne\u0161n\u00ed dob\u011b umo\u017e\u0148uj\u00ed kontaktn\u00ed \u010do\u010dky pohodln\u00e9 a bezprobl\u00e9mov\u00e9 no\u0161en\u00ed v pr\u016fb\u011bhu cel\u00e9ho dne. P\u0159e\u010dt\u011bte si v\u00edce.\" \/>\n<meta name=\"robots\" content=\"index, follow, max-snippet:-1, max-image-preview:large, max-video-preview:-1\" \/>\n<link rel=\"canonical\" href=\"https:\/\/www.vidum.cz\/index.php\/aplikace-kontaktnich-cocek\/\" \/>\n<meta property=\"og:locale\" content=\"cs_CZ\" \/>\n<meta property=\"og:type\" content=\"article\" \/>\n<meta property=\"og:title\" content=\"Aplikace Kontaktn\u00edch \u010co\u010dek | O\u010dn\u00ed Centrum Vidum, Opava\" \/>\n<meta property=\"og:description\" content=\"Jak spr\u00e1vn\u011b aplikovat kontaktn\u00ed \u010do\u010dky? V dne\u0161n\u00ed dob\u011b umo\u017e\u0148uj\u00ed kontaktn\u00ed \u010do\u010dky pohodln\u00e9 a bezprobl\u00e9mov\u00e9 no\u0161en\u00ed v pr\u016fb\u011bhu cel\u00e9ho dne. P\u0159e\u010dt\u011bte si v\u00edce.\" \/>\n<meta property=\"og:url\" content=\"https:\/\/www.vidum.cz\/index.php\/aplikace-kontaktnich-cocek\/\" \/>\n<meta property=\"og:site_name\" content=\"Vidum\" \/>\n<meta property=\"article:modified_time\" content=\"2022-10-03T16:03:33+00:00\" \/>\n<meta name=\"twitter:label1\" content=\"Odhadovan\u00e1 doba \u010dten\u00ed\" \/>\n\t<meta name=\"twitter:data1\" content=\"6 minut\" \/>\n<script type=\"application\/ld+json\" class=\"yoast-schema-graph\">{\"@context\":\"https:\\\/\\\/schema.org\",\"@graph\":[{\"@type\":\"WebPage\",\"@id\":\"https:\\\/\\\/www.vidum.cz\\\/index.php\\\/aplikace-kontaktnich-cocek\\\/\",\"url\":\"https:\\\/\\\/www.vidum.cz\\\/index.php\\\/aplikace-kontaktnich-cocek\\\/\",\"name\":\"Aplikace Kontaktn\u00edch \u010co\u010dek | O\u010dn\u00ed Centrum Vidum, Opava\",\"isPartOf\":{\"@id\":\"https:\\\/\\\/www.vidum.cz\\\/#website\"},\"datePublished\":\"2014-09-25T19:40:20+00:00\",\"dateModified\":\"2022-10-03T16:03:33+00:00\",\"description\":\"Jak spr\u00e1vn\u011b aplikovat kontaktn\u00ed \u010do\u010dky? V dne\u0161n\u00ed dob\u011b umo\u017e\u0148uj\u00ed kontaktn\u00ed \u010do\u010dky pohodln\u00e9 a bezprobl\u00e9mov\u00e9 no\u0161en\u00ed v pr\u016fb\u011bhu cel\u00e9ho dne. P\u0159e\u010dt\u011bte si v\u00edce.\",\"breadcrumb\":{\"@id\":\"https:\\\/\\\/www.vidum.cz\\\/index.php\\\/aplikace-kontaktnich-cocek\\\/#breadcrumb\"},\"inLanguage\":\"cs\",\"potentialAction\":[{\"@type\":\"ReadAction\",\"target\":[\"https:\\\/\\\/www.vidum.cz\\\/index.php\\\/aplikace-kontaktnich-cocek\\\/\"]}]},{\"@type\":\"BreadcrumbList\",\"@id\":\"https:\\\/\\\/www.vidum.cz\\\/index.php\\\/aplikace-kontaktnich-cocek\\\/#breadcrumb\",\"itemListElement\":[{\"@type\":\"ListItem\",\"position\":1,\"name\":\"Dom\u016f\",\"item\":\"https:\\\/\\\/www.vidum.cz\\\/\"},{\"@type\":\"ListItem\",\"position\":2,\"name\":\"Aplikace kontaktn\u00edch \u010do\u010dek\"}]},{\"@type\":\"WebSite\",\"@id\":\"https:\\\/\\\/www.vidum.cz\\\/#website\",\"url\":\"https:\\\/\\\/www.vidum.cz\\\/\",\"name\":\"Vidum\",\"description\":\"O\u010dn\u00ed centrum Vidum\",\"potentialAction\":[{\"@type\":\"SearchAction\",\"target\":{\"@type\":\"EntryPoint\",\"urlTemplate\":\"https:\\\/\\\/www.vidum.cz\\\/?s={search_term_string}\"},\"query-input\":{\"@type\":\"PropertyValueSpecification\",\"valueRequired\":true,\"valueName\":\"search_term_string\"}}],\"inLanguage\":\"cs\"}]}<\/script>\n<!-- \/ Yoast SEO plugin. -->","yoast_head_json":{"title":"Aplikace Kontaktn\u00edch \u010co\u010dek | O\u010dn\u00ed Centrum Vidum, Opava","description":"Jak spr\u00e1vn\u011b aplikovat kontaktn\u00ed \u010do\u010dky? V dne\u0161n\u00ed dob\u011b umo\u017e\u0148uj\u00ed kontaktn\u00ed \u010do\u010dky pohodln\u00e9 a bezprobl\u00e9mov\u00e9 no\u0161en\u00ed v pr\u016fb\u011bhu cel\u00e9ho dne. P\u0159e\u010dt\u011bte si v\u00edce.","robots":{"index":"index","follow":"follow","max-snippet":"max-snippet:-1","max-image-preview":"max-image-preview:large","max-video-preview":"max-video-preview:-1"},"canonical":"https:\/\/www.vidum.cz\/index.php\/aplikace-kontaktnich-cocek\/","og_locale":"cs_CZ","og_type":"article","og_title":"Aplikace Kontaktn\u00edch \u010co\u010dek | O\u010dn\u00ed Centrum Vidum, Opava","og_description":"Jak spr\u00e1vn\u011b aplikovat kontaktn\u00ed \u010do\u010dky? V dne\u0161n\u00ed dob\u011b umo\u017e\u0148uj\u00ed kontaktn\u00ed \u010do\u010dky pohodln\u00e9 a bezprobl\u00e9mov\u00e9 no\u0161en\u00ed v pr\u016fb\u011bhu cel\u00e9ho dne. P\u0159e\u010dt\u011bte si v\u00edce.","og_url":"https:\/\/www.vidum.cz\/index.php\/aplikace-kontaktnich-cocek\/","og_site_name":"Vidum","article_modified_time":"2022-10-03T16:03:33+00:00","twitter_misc":{"Odhadovan\u00e1 doba \u010dten\u00ed":"6 minut"},"schema":{"@context":"https:\/\/schema.org","@graph":[{"@type":"WebPage","@id":"https:\/\/www.vidum.cz\/index.php\/aplikace-kontaktnich-cocek\/","url":"https:\/\/www.vidum.cz\/index.php\/aplikace-kontaktnich-cocek\/","name":"Aplikace Kontaktn\u00edch \u010co\u010dek | O\u010dn\u00ed Centrum Vidum, Opava","isPartOf":{"@id":"https:\/\/www.vidum.cz\/#website"},"datePublished":"2014-09-25T19:40:20+00:00","dateModified":"2022-10-03T16:03:33+00:00","description":"Jak spr\u00e1vn\u011b aplikovat kontaktn\u00ed \u010do\u010dky? V dne\u0161n\u00ed dob\u011b umo\u017e\u0148uj\u00ed kontaktn\u00ed \u010do\u010dky pohodln\u00e9 a bezprobl\u00e9mov\u00e9 no\u0161en\u00ed v pr\u016fb\u011bhu cel\u00e9ho dne. P\u0159e\u010dt\u011bte si v\u00edce.","breadcrumb":{"@id":"https:\/\/www.vidum.cz\/index.php\/aplikace-kontaktnich-cocek\/#breadcrumb"},"inLanguage":"cs","potentialAction":[{"@type":"ReadAction","target":["https:\/\/www.vidum.cz\/index.php\/aplikace-kontaktnich-cocek\/"]}]},{"@type":"BreadcrumbList","@id":"https:\/\/www.vidum.cz\/index.php\/aplikace-kontaktnich-cocek\/#breadcrumb","itemListElement":[{"@type":"ListItem","position":1,"name":"Dom\u016f","item":"https:\/\/www.vidum.cz\/"},{"@type":"ListItem","position":2,"name":"Aplikace kontaktn\u00edch \u010do\u010dek"}]},{"@type":"WebSite","@id":"https:\/\/www.vidum.cz\/#website","url":"https:\/\/www.vidum.cz\/","name":"Vidum","description":"O\u010dn\u00ed centrum Vidum","potentialAction":[{"@type":"SearchAction","target":{"@type":"EntryPoint","urlTemplate":"https:\/\/www.vidum.cz\/?s={search_term_string}"},"query-input":{"@type":"PropertyValueSpecification","valueRequired":true,"valueName":"search_term_string"}}],"inLanguage":"cs"}]}},"_links":{"self":[{"href":"https:\/\/www.vidum.cz\/index.php\/wp-json\/wp\/v2\/pages\/273","targetHints":{"allow":["GET"]}}],"collection":[{"href":"https:\/\/www.vidum.cz\/index.php\/wp-json\/wp\/v2\/pages"}],"about":[{"href":"https:\/\/www.vidum.cz\/index.php\/wp-json\/wp\/v2\/types\/page"}],"author":[{"embeddable":true,"href":"https:\/\/www.vidum.cz\/index.php\/wp-json\/wp\/v2\/users\/1"}],"replies":[{"embeddable":true,"href":"https:\/\/www.vidum.cz\/index.php\/wp-json\/wp\/v2\/comments?post=273"}],"version-history":[{"count":10,"href":"https:\/\/www.vidum.cz\/index.php\/wp-json\/wp\/v2\/pages\/273\/revisions"}],"predecessor-version":[{"id":1289,"href":"https:\/\/www.vidum.cz\/index.php\/wp-json\/wp\/v2\/pages\/273\/revisions\/1289"}],"wp:attachment":[{"href":"https:\/\/www.vidum.cz\/index.php\/wp-json\/wp\/v2\/media?parent=273"}],"curies":[{"name":"wp","href":"https:\/\/api.w.org\/{rel}","templated":true}]}}