{"id":275,"date":"2014-09-25T19:41:57","date_gmt":"2014-09-25T19:41:57","guid":{"rendered":"\/?page_id=275"},"modified":"2019-11-14T09:30:13","modified_gmt":"2019-11-14T08:30:13","slug":"zrakova-terapie","status":"publish","type":"page","link":"https:\/\/www.vidum.cz\/index.php\/zrakova-terapie\/","title":{"rendered":"Zrakov\u00e1 terapie"},"content":{"rendered":"<div class=\"wpb-content-wrapper\"><p>[vc_row][vc_column width=&#8220;1\/1&#8243;][vc_column_text]<\/p>\n<h3 id=\"content\">Na na\u0161em pracovi\u0161ti se zrakov\u00fd terapeut specializuje na:<\/h3>\n<p>&nbsp;<\/p>\n<p>\u00b7 funk\u010dn\u00ed vy\u0161et\u0159en\u00ed zraku u d\u011bt\u00ed a dosp\u011bl\u00fdch pacient\u016f obt\u00ed\u017en\u011b komunikuj\u00edc\u00edch<br \/>\n\u00b7 funk\u010dn\u00ed vy\u0161et\u0159en\u00ed zraku u d\u011bt\u00ed a dosp\u011bl\u00fdch s t\u011b\u017ek\u00fdm zrakov\u00fdm a kombinovan\u00fdm posti\u017een\u00edm<br \/>\n\u00b7 d\u011bt\u00ed v preverb\u00e1ln\u00edm obdob\u00ed s rizikov\u00fdm v\u00fdvojem (parci\u00e1ln\u00ed katarakta, d\u011bti rodi\u010d\u016f s tupozrakost\u00ed, s vy\u0161\u0161\u00edmi refrak\u010dn\u00edmi vadami)<br \/>\n\u00b7 funk\u010dn\u00ed vy\u0161et\u0159en\u00ed zraku u dosp\u011bl\u00fdch pacient\u016f s makul\u00e1rn\u00ed degenerac\u00ed po \u00farazech hlavy, traumatech, mozkov\u00fdch p\u0159\u00edhod\u00e1ch aj.<\/p>\n<div>\n<p><em>Tyto v\u00fdkony jsou hrazeny vybran\u00fdmi ZP v r\u00e1mci Funk\u010dn\u00edho vy\u0161et\u0159en\u00ed zraku.<\/em><\/p>\n<p><a href=\"http:\/\/www.vidum.cz\/wp-content\/uploads\/2014\/10\/PICT7497.jpg\"><img loading=\"lazy\" decoding=\"async\" class=\"alignnone wp-image-592 \" src=\"http:\/\/www.vidum.cz\/wp-content\/uploads\/2014\/10\/PICT7497-1024x682.jpg\" alt=\"PICT7497\" width=\"660\" height=\"440\" srcset=\"https:\/\/www.vidum.cz\/wp-content\/uploads\/2014\/10\/PICT7497-1024x682.jpg 1024w, https:\/\/www.vidum.cz\/wp-content\/uploads\/2014\/10\/PICT7497-300x200.jpg 300w, https:\/\/www.vidum.cz\/wp-content\/uploads\/2014\/10\/PICT7497.jpg 1200w\" sizes=\"auto, (max-width: 660px) 100vw, 660px\" \/><\/a><\/p>\n<hr \/>\n<p><strong>D\u00e1le se zam\u011b\u0159ujeme na:<\/strong><\/p>\n<p>\u00b7 zrakovou stimulaci d\u011bt\u00ed s vrozen\u00fdm zrakov\u00fdm posti\u017een\u00edm<br \/>\n\u00b7 doporu\u010den\u00ed vhodn\u00e9ho stimuluj\u00edc\u00edho prost\u0159ed\u00ed, \u010dinnost\u00ed podporuj\u00edc\u00edch v\u00fdvoj zraku a pravideln\u00e9 posilov\u00e1n\u00ed z\u00e1kladn\u00edch zrakov\u00fdch funkc\u00ed v ambulanci<br \/>\n\u00b7 p\u0159\u00edpravu d\u011bt\u00ed na vstup do \u0161koly, stanoven\u00ed optim\u00e1ln\u00edch podm\u00ednek pro \u0161koln\u00ed \u010dinnosti a \u00fapravu prost\u0159ed\u00ed z hlediska orientace v \u0161ir\u0161\u00edm prostoru<br \/>\n\u00b7 cvi\u010den\u00ed na vyu\u017e\u00edv\u00e1n\u00ed zrakov\u00e9ho potenci\u00e1lu<br \/>\n\u00b7 volba vhodn\u00fdch neoptick\u00fdch pom\u016fcek podporuj\u00edc\u00edch vyu\u017eit\u00ed zraku<br \/>\n\u00b7 efektivn\u00ed vyu\u017e\u00edv\u00e1n\u00ed speci\u00e1ln\u00ed optick\u00e9 pom\u016fcky, n\u00e1cvik excentrick\u00e9 \u010di paracentr\u00e1ln\u00ed fixace, n\u00e1cvik sledov\u00e1n\u00ed podn\u011btu monokul\u00e1rem<br \/>\n\u00b7 poradenstv\u00ed p\u0159i vytvo\u0159en\u00ed prost\u0159ed\u00ed podporuj\u00edc\u00edho pr\u00e1ci s optickou pom\u016fckou (osv\u011btlen\u00ed, \u010dtec\u00ed pult \u2013 sklopn\u00e1 deska, vhodn\u00fd kontrast podn\u011btu a prost\u0159ed\u00ed)<br \/>\n\u00b7 terapii u dosp\u011bl\u00fdch po \u00farazech, po operac\u00edch katarakty, kte\u0159\u00ed v d\u016fsledku l\u00e9\u010dby d\u00e9le ne\u017e 1 rok ne\u010detli b\u011b\u017en\u00fd tisk, s makul\u00e1rn\u00ed degenerac\u00ed, po mozkov\u00fdch obrn\u00e1ch, traumatech a onemocn\u011bn\u00edch v oblasti mozku, op\u011btovn\u00e1 stimulace a podpora zrakov\u00e9ho vn\u00edm\u00e1n\u00ed<\/p>\n<p>Tyto v\u00fdkony jsou hrazeny vybran\u00fdmi ZP v r\u00e1mci Zrakov\u00e9 stimulace a zrakov\u00e9ho tr\u00e9ninku.<br \/>\nV p\u0159\u00edpad\u011b doporu\u010den\u00ed nebo odesl\u00e1n\u00ed pacienta na na\u0161e pracovi\u0161t\u011b pros\u00edme o vystaven\u00ed \u017e\u00e1danky na v\u00fd\u0161e uveden\u00e9 v\u00fdkony.<\/p>\n<p><strong>Zrakov\u00fd terapeut rovn\u011b\u017e prov\u00e1d\u00ed konzultace a odborn\u00e9 speci\u00e1ln\u011b pedagogick\u00e9 poradenstv\u00ed<\/strong><\/p>\n<p>pro \u0161koly, kde se vzd\u011bl\u00e1vaj\u00ed d\u011bti se zrakov\u00fdmi probl\u00e9my<br \/>\npro rodi\u010de d\u011bt\u00ed, kter\u00e9 nos\u00ed br\u00fdle, \u0161ilhaj\u00ed, maj\u00ed tupozrak\u00e9 oko, maj\u00ed p\u0159edepsanou okluzi, d\u011bti, kter\u00e9 maj\u00ed probl\u00e9my ve zrakov\u00e9m vn\u00edm\u00e1n\u00ed<\/p>\n<p><strong>Pr\u00e1ce zrakov\u00e9ho terapeuta spo\u010d\u00edv\u00e1<\/strong><\/p>\n<ul>\n<li>v objasn\u011bn\u00ed zrakov\u00e9 vady<\/li>\n<li>ve zji\u0161t\u011bn\u00ed pacientovy historie, jeho pot\u0159eb, pochopen\u00ed posti\u017een\u00ed, podpora rodiny<\/li>\n<li>ve funk\u010dn\u00edm vy\u0161et\u0159en\u00ed zrakov\u00e9 ostrosti, kontrastn\u00ed citlivosti, barvocitu a dal\u0161\u00edch poruch zrakov\u00e9ho vn\u00edm\u00e1n\u00ed pomoc\u00ed standartn\u00edch test\u016f do bl\u00edzka a do d\u00e1lky<\/li>\n<li>ve zv\u00e1\u017een\u00ed mo\u017enost\u00ed \u00fapravy prost\u0159ed\u00ed, stanoven\u00ed vhodn\u00e9ho osv\u011btlen\u00ed prac. prost\u0159ed\u00ed a mo\u017enosti vyu\u017eit\u00ed neoptick\u00fdch pom\u016fcek, kompenza\u010dn\u00edch pom\u016fcek<\/li>\n<li>ve v\u00fdb\u011bru speci\u00e1ln\u00ed optick\u00e9 pom\u016fcky<\/li>\n<li>ve v\u00fdb\u011bru elektronick\u00e9 pom\u016fcky<\/li>\n<li>ve zrakov\u00e9 terapii\u00a0\u2013 techniky zrakov\u00e9 pr\u00e1ce, n\u00e1cviku pr\u00e1ce s pom\u016fckami, spr\u00e1vn\u00e9 p\u00e9\u010di o tyto pom\u016fcky<\/li>\n<li>ve spolupr\u00e1ci s dal\u0161\u00edmi odborn\u00fdmi pracovi\u0161ti<\/li>\n<\/ul>\n<p><strong><em>Konzultaci se zrakov\u00fdm terapeutem je mo\u017eno dohodnout na tel. 558 844 201 a 558 844 202 nebo e-mailem na zrakovaterapie@vidum.cz. Cen\u00edk \u00fakon\u016f a slu\u017eeb zde. <\/em><\/strong><\/p>\n<hr \/>\n<p><strong>Smluvn\u00ed poji\u0161\u0165ovny pro v\u00fd\u0161e uveden\u00e9 v\u00fdkony:<\/strong><\/p>\n<\/div>\n<p>211 &#8211; Zdravotn\u00ed poji\u0161\u0165ovna Ministerstva vnitra<br \/>\n201 \u2013 Vojensk\u00e1 zdravotn\u00ed poji\u0161\u0165ovna<br \/>\n111 \u2013 V\u0161eobecn\u00e1 zdravotn\u00ed poji\u0161\u0165ovna<br \/>\n205 \u2013 \u010cesk\u00e1 pr\u016fmyslov\u00e1 zdravotn\u00ed poji\u0161\u0165ovna<\/p>\n<p>213 &#8211; Rev\u00edrn\u00ed bratrsk\u00e1 poji\u0161\u0165ovna[\/vc_column_text][\/vc_column][\/vc_row][vc_row][vc_column width=&#8220;1\/1&#8243;][vc_separator][\/vc_column][\/vc_row]<\/p>\n<\/div>","protected":false},"excerpt":{"rendered":"<p>[vc_row][vc_column width=&#8220;1\/1&#8243;][vc_column_text] Na na\u0161em pracovi\u0161ti se zrakov\u00fd terapeut specializuje na: &nbsp; \u00b7 funk\u010dn\u00ed vy\u0161et\u0159en\u00ed zraku u d\u011bt\u00ed a dosp\u011bl\u00fdch pacient\u016f obt\u00ed\u017en\u011b komunikuj\u00edc\u00edch \u00b7 funk\u010dn\u00ed vy\u0161et\u0159en\u00ed zraku u d\u011bt\u00ed a dosp\u011bl\u00fdch s t\u011b\u017ek\u00fdm zrakov\u00fdm a kombinovan\u00fdm posti\u017een\u00edm \u00b7 d\u011bt\u00ed v preverb\u00e1ln\u00edm obdob\u00ed s rizikov\u00fdm v\u00fdvojem (parci\u00e1ln\u00ed katarakta, d\u011bti rodi\u010d\u016f s tupozrakost\u00ed, s vy\u0161\u0161\u00edmi refrak\u010dn\u00edmi vadami) \u00b7 [&hellip;]<\/p>\n","protected":false},"author":1,"featured_media":0,"parent":0,"menu_order":0,"comment_status":"closed","ping_status":"closed","template":"","meta":{"_monsterinsights_skip_tracking":false,"_monsterinsights_sitenote_active":false,"_monsterinsights_sitenote_note":"","_monsterinsights_sitenote_category":0,"footnotes":""},"class_list":["post-275","page","type-page","status-publish","hentry"],"yoast_head":"<!-- This site is optimized with the Yoast SEO plugin v27.3 - https:\/\/yoast.com\/product\/yoast-seo-wordpress\/ -->\n<title>Zrakov\u00e1 Terapie | O\u010dn\u00ed Centrum Vidum, Opava<\/title>\n<meta name=\"description\" content=\"V na\u0161em o\u010dn\u00edm Centrum Vidum nab\u00edz\u00edme vy\u0161et\u0159en\u00ed zraku u d\u011bt\u00ed a dosp\u011bl\u00fdch pacient\u016f obt\u00ed\u017en\u011b komunikuj\u00edc\u00edch a take s t\u011b\u017ek\u00fdm zrakov\u00fdm a kombinovan\u00fdm posti\u017een\u00edm.\" \/>\n<meta name=\"robots\" content=\"index, follow, max-snippet:-1, max-image-preview:large, max-video-preview:-1\" \/>\n<link rel=\"canonical\" href=\"https:\/\/www.vidum.cz\/index.php\/zrakova-terapie\/\" \/>\n<meta property=\"og:locale\" content=\"cs_CZ\" \/>\n<meta property=\"og:type\" content=\"article\" \/>\n<meta property=\"og:title\" content=\"Zrakov\u00e1 Terapie | O\u010dn\u00ed Centrum Vidum, Opava\" \/>\n<meta property=\"og:description\" content=\"V na\u0161em o\u010dn\u00edm Centrum Vidum nab\u00edz\u00edme vy\u0161et\u0159en\u00ed zraku u d\u011bt\u00ed a dosp\u011bl\u00fdch pacient\u016f obt\u00ed\u017en\u011b komunikuj\u00edc\u00edch a take s t\u011b\u017ek\u00fdm zrakov\u00fdm a kombinovan\u00fdm posti\u017een\u00edm.\" \/>\n<meta property=\"og:url\" content=\"https:\/\/www.vidum.cz\/index.php\/zrakova-terapie\/\" \/>\n<meta property=\"og:site_name\" content=\"Vidum\" \/>\n<meta property=\"article:modified_time\" content=\"2019-11-14T08:30:13+00:00\" \/>\n<meta property=\"og:image\" content=\"http:\/\/www.vidum.cz\/wp-content\/uploads\/2014\/10\/PICT7497-1024x682.jpg\" \/>\n<meta name=\"twitter:label1\" content=\"Odhadovan\u00e1 doba \u010dten\u00ed\" \/>\n\t<meta name=\"twitter:data1\" content=\"3 minuty\" \/>\n<script type=\"application\/ld+json\" class=\"yoast-schema-graph\">{\"@context\":\"https:\\\/\\\/schema.org\",\"@graph\":[{\"@type\":\"WebPage\",\"@id\":\"https:\\\/\\\/www.vidum.cz\\\/index.php\\\/zrakova-terapie\\\/\",\"url\":\"https:\\\/\\\/www.vidum.cz\\\/index.php\\\/zrakova-terapie\\\/\",\"name\":\"Zrakov\u00e1 Terapie | O\u010dn\u00ed Centrum Vidum, Opava\",\"isPartOf\":{\"@id\":\"https:\\\/\\\/www.vidum.cz\\\/#website\"},\"primaryImageOfPage\":{\"@id\":\"https:\\\/\\\/www.vidum.cz\\\/index.php\\\/zrakova-terapie\\\/#primaryimage\"},\"image\":{\"@id\":\"https:\\\/\\\/www.vidum.cz\\\/index.php\\\/zrakova-terapie\\\/#primaryimage\"},\"thumbnailUrl\":\"http:\\\/\\\/www.vidum.cz\\\/wp-content\\\/uploads\\\/2014\\\/10\\\/PICT7497-1024x682.jpg\",\"datePublished\":\"2014-09-25T19:41:57+00:00\",\"dateModified\":\"2019-11-14T08:30:13+00:00\",\"description\":\"V na\u0161em o\u010dn\u00edm Centrum Vidum nab\u00edz\u00edme vy\u0161et\u0159en\u00ed zraku u d\u011bt\u00ed a dosp\u011bl\u00fdch pacient\u016f obt\u00ed\u017en\u011b komunikuj\u00edc\u00edch a take s t\u011b\u017ek\u00fdm zrakov\u00fdm a kombinovan\u00fdm posti\u017een\u00edm.\",\"breadcrumb\":{\"@id\":\"https:\\\/\\\/www.vidum.cz\\\/index.php\\\/zrakova-terapie\\\/#breadcrumb\"},\"inLanguage\":\"cs\",\"potentialAction\":[{\"@type\":\"ReadAction\",\"target\":[\"https:\\\/\\\/www.vidum.cz\\\/index.php\\\/zrakova-terapie\\\/\"]}]},{\"@type\":\"ImageObject\",\"inLanguage\":\"cs\",\"@id\":\"https:\\\/\\\/www.vidum.cz\\\/index.php\\\/zrakova-terapie\\\/#primaryimage\",\"url\":\"https:\\\/\\\/www.vidum.cz\\\/wp-content\\\/uploads\\\/2014\\\/10\\\/PICT7497.jpg\",\"contentUrl\":\"https:\\\/\\\/www.vidum.cz\\\/wp-content\\\/uploads\\\/2014\\\/10\\\/PICT7497.jpg\",\"width\":1200,\"height\":800},{\"@type\":\"BreadcrumbList\",\"@id\":\"https:\\\/\\\/www.vidum.cz\\\/index.php\\\/zrakova-terapie\\\/#breadcrumb\",\"itemListElement\":[{\"@type\":\"ListItem\",\"position\":1,\"name\":\"Dom\u016f\",\"item\":\"https:\\\/\\\/www.vidum.cz\\\/\"},{\"@type\":\"ListItem\",\"position\":2,\"name\":\"Zrakov\u00e1 terapie\"}]},{\"@type\":\"WebSite\",\"@id\":\"https:\\\/\\\/www.vidum.cz\\\/#website\",\"url\":\"https:\\\/\\\/www.vidum.cz\\\/\",\"name\":\"Vidum\",\"description\":\"O\u010dn\u00ed centrum Vidum\",\"potentialAction\":[{\"@type\":\"SearchAction\",\"target\":{\"@type\":\"EntryPoint\",\"urlTemplate\":\"https:\\\/\\\/www.vidum.cz\\\/?s={search_term_string}\"},\"query-input\":{\"@type\":\"PropertyValueSpecification\",\"valueRequired\":true,\"valueName\":\"search_term_string\"}}],\"inLanguage\":\"cs\"}]}<\/script>\n<!-- \/ Yoast SEO plugin. -->","yoast_head_json":{"title":"Zrakov\u00e1 Terapie | O\u010dn\u00ed Centrum Vidum, Opava","description":"V na\u0161em o\u010dn\u00edm Centrum Vidum nab\u00edz\u00edme vy\u0161et\u0159en\u00ed zraku u d\u011bt\u00ed a dosp\u011bl\u00fdch pacient\u016f obt\u00ed\u017en\u011b komunikuj\u00edc\u00edch a take s t\u011b\u017ek\u00fdm zrakov\u00fdm a kombinovan\u00fdm posti\u017een\u00edm.","robots":{"index":"index","follow":"follow","max-snippet":"max-snippet:-1","max-image-preview":"max-image-preview:large","max-video-preview":"max-video-preview:-1"},"canonical":"https:\/\/www.vidum.cz\/index.php\/zrakova-terapie\/","og_locale":"cs_CZ","og_type":"article","og_title":"Zrakov\u00e1 Terapie | O\u010dn\u00ed Centrum Vidum, Opava","og_description":"V na\u0161em o\u010dn\u00edm Centrum Vidum nab\u00edz\u00edme vy\u0161et\u0159en\u00ed zraku u d\u011bt\u00ed a dosp\u011bl\u00fdch pacient\u016f obt\u00ed\u017en\u011b komunikuj\u00edc\u00edch a take s t\u011b\u017ek\u00fdm zrakov\u00fdm a kombinovan\u00fdm posti\u017een\u00edm.","og_url":"https:\/\/www.vidum.cz\/index.php\/zrakova-terapie\/","og_site_name":"Vidum","article_modified_time":"2019-11-14T08:30:13+00:00","og_image":[{"url":"http:\/\/www.vidum.cz\/wp-content\/uploads\/2014\/10\/PICT7497-1024x682.jpg","type":"","width":"","height":""}],"twitter_misc":{"Odhadovan\u00e1 doba \u010dten\u00ed":"3 minuty"},"schema":{"@context":"https:\/\/schema.org","@graph":[{"@type":"WebPage","@id":"https:\/\/www.vidum.cz\/index.php\/zrakova-terapie\/","url":"https:\/\/www.vidum.cz\/index.php\/zrakova-terapie\/","name":"Zrakov\u00e1 Terapie | O\u010dn\u00ed Centrum Vidum, Opava","isPartOf":{"@id":"https:\/\/www.vidum.cz\/#website"},"primaryImageOfPage":{"@id":"https:\/\/www.vidum.cz\/index.php\/zrakova-terapie\/#primaryimage"},"image":{"@id":"https:\/\/www.vidum.cz\/index.php\/zrakova-terapie\/#primaryimage"},"thumbnailUrl":"http:\/\/www.vidum.cz\/wp-content\/uploads\/2014\/10\/PICT7497-1024x682.jpg","datePublished":"2014-09-25T19:41:57+00:00","dateModified":"2019-11-14T08:30:13+00:00","description":"V na\u0161em o\u010dn\u00edm Centrum Vidum nab\u00edz\u00edme vy\u0161et\u0159en\u00ed zraku u d\u011bt\u00ed a dosp\u011bl\u00fdch pacient\u016f obt\u00ed\u017en\u011b komunikuj\u00edc\u00edch a take s t\u011b\u017ek\u00fdm zrakov\u00fdm a kombinovan\u00fdm posti\u017een\u00edm.","breadcrumb":{"@id":"https:\/\/www.vidum.cz\/index.php\/zrakova-terapie\/#breadcrumb"},"inLanguage":"cs","potentialAction":[{"@type":"ReadAction","target":["https:\/\/www.vidum.cz\/index.php\/zrakova-terapie\/"]}]},{"@type":"ImageObject","inLanguage":"cs","@id":"https:\/\/www.vidum.cz\/index.php\/zrakova-terapie\/#primaryimage","url":"https:\/\/www.vidum.cz\/wp-content\/uploads\/2014\/10\/PICT7497.jpg","contentUrl":"https:\/\/www.vidum.cz\/wp-content\/uploads\/2014\/10\/PICT7497.jpg","width":1200,"height":800},{"@type":"BreadcrumbList","@id":"https:\/\/www.vidum.cz\/index.php\/zrakova-terapie\/#breadcrumb","itemListElement":[{"@type":"ListItem","position":1,"name":"Dom\u016f","item":"https:\/\/www.vidum.cz\/"},{"@type":"ListItem","position":2,"name":"Zrakov\u00e1 terapie"}]},{"@type":"WebSite","@id":"https:\/\/www.vidum.cz\/#website","url":"https:\/\/www.vidum.cz\/","name":"Vidum","description":"O\u010dn\u00ed centrum Vidum","potentialAction":[{"@type":"SearchAction","target":{"@type":"EntryPoint","urlTemplate":"https:\/\/www.vidum.cz\/?s={search_term_string}"},"query-input":{"@type":"PropertyValueSpecification","valueRequired":true,"valueName":"search_term_string"}}],"inLanguage":"cs"}]}},"_links":{"self":[{"href":"https:\/\/www.vidum.cz\/index.php\/wp-json\/wp\/v2\/pages\/275","targetHints":{"allow":["GET"]}}],"collection":[{"href":"https:\/\/www.vidum.cz\/index.php\/wp-json\/wp\/v2\/pages"}],"about":[{"href":"https:\/\/www.vidum.cz\/index.php\/wp-json\/wp\/v2\/types\/page"}],"author":[{"embeddable":true,"href":"https:\/\/www.vidum.cz\/index.php\/wp-json\/wp\/v2\/users\/1"}],"replies":[{"embeddable":true,"href":"https:\/\/www.vidum.cz\/index.php\/wp-json\/wp\/v2\/comments?post=275"}],"version-history":[{"count":22,"href":"https:\/\/www.vidum.cz\/index.php\/wp-json\/wp\/v2\/pages\/275\/revisions"}],"predecessor-version":[{"id":1082,"href":"https:\/\/www.vidum.cz\/index.php\/wp-json\/wp\/v2\/pages\/275\/revisions\/1082"}],"wp:attachment":[{"href":"https:\/\/www.vidum.cz\/index.php\/wp-json\/wp\/v2\/media?parent=275"}],"curies":[{"name":"wp","href":"https:\/\/api.w.org\/{rel}","templated":true}]}}