{"id":407,"date":"2014-10-01T23:15:53","date_gmt":"2014-10-01T23:15:53","guid":{"rendered":"\/?page_id=407"},"modified":"2018-06-15T08:46:06","modified_gmt":"2018-06-15T07:46:06","slug":"prevence-dospelych","status":"publish","type":"page","link":"https:\/\/www.vidum.cz\/index.php\/prevence-dospelych\/","title":{"rendered":"Prevence dosp\u011bl\u00fdch"},"content":{"rendered":"<div class=\"wpb-content-wrapper\"><p>[vc_row][vc_column width=&#8220;1\/1&#8243;][vc_column_text]<\/p>\n<h2>Kontrola vid\u011bn\u00ed, zrakov\u00e9 ostrosti, kontrastu a zorn\u00e9ho pole pro<\/h2>\n<p>P\u0159edstavujeme V\u00e1m nov\u00fd a jedine\u010dn\u00fd zp\u016fsob kontroly a testov\u00e1n\u00ed zrakov\u00e9 ostrosti v\u0161ech, kte\u0159\u00ed si cht\u011bj\u00ed ov\u011b\u0159it kvalitu sv\u00e9ho vid\u011bn\u00ed. Tato mo\u017enost se nab\u00edz\u00ed i t\u011bm, kdo ji\u017e br\u00fdle nos\u00ed a cht\u011bj\u00ed si ov\u011b\u0159it\u00a0vid\u011bn\u00ed se st\u00e1vaj\u00edc\u00ed korekc\u00ed.\u00a0Vynikaj\u00edc\u00ed pro testov\u00e1n\u00ed \u0159idi\u010d\u016f v\u0161ech kategori\u00ed.<\/p>\n<p>Komplexn\u00ed test p\u0159\u00edstrojem Optovist je v \u0161ir\u0161\u00edm pojet\u00ed ur\u010den k pou\u017eit\u00ed p\u0159ev\u00e1\u017en\u011b v preventivn\u00ed, pracovn\u00ed a dopravn\u00ed medic\u00edn\u011b (ur\u010dov\u00e1n\u00ed zp\u016fsobilosti pro \u0159\u00edzen\u00ed motorov\u00e9ho vozidla) dle norem EU. S pomoc\u00ed tohoto p\u0159\u00edstroje je mo\u017eno prov\u00e1d\u011bt za denn\u00edch sv\u011bteln\u00fdch podm\u00ednek n\u00e1sleduj\u00edc\u00ed testy:<\/p>\n<ul>\n<li>test ostrosti vid\u011bn\u00ed od 33 cm a\u017e po nekone\u010dno<\/li>\n<li>test latentn\u00ed hypermetropie &#8211; skryt\u00e9 dalekozrakosti<\/li>\n<li>test barevn\u00e9ho vid\u011bn\u00ed<\/li>\n<li>test kontrastn\u00ed citlivosti<\/li>\n<li>test citlivosti na osln\u011bn\u00ed<\/li>\n<li>test akomoda\u010dn\u00ed \u0161\u00ed\u0159e<\/li>\n<li>orienta\u010dn\u00ed test zorn\u00e9ho pole<\/li>\n<li>test binokul\u00e1rn\u00edch funkc\u00ed vid\u011bn\u00ed<\/li>\n<\/ul>\n<p>[\/vc_column_text][\/vc_column][\/vc_row][vc_row][vc_column width=&#8220;1\/1&#8243;][vc_separator][\/vc_column][\/vc_row][vc_row][vc_column width=&#8220;2\/3&#8243;]<div class=\"prk_shortcode-title\"><div class=\"prk_titlify_father ft_medium\"><div class=\"header_font sizer_medium bd_headings_text_shadow zero_color prk_vc_title\">O p\u0159\u00edstroji VISUCAT<\/div><\/div><\/div>[vc_column_text]P\u0159\u00edstroj nab\u00edz\u00ed \u0159adu zkou\u0161ek pro hodnocen\u00ed vid\u011bn\u00ed a lep\u0161\u00ed pochopen\u00ed pacientovy kvality vid\u011bn\u00ed. \u00darovn\u011b podsv\u00edcen\u00ed uvnit\u0159 jednotky jsou neust\u00e1le monitorov\u00e1ny a \u0159\u00edzeny. Funk\u010dn\u00ed Vision Analyz\u00e1tor je v souladu se stanoven\u00fdmi normami EU pro testov\u00e1n\u00ed \u0159idi\u010d\u016f.<\/p>\n<p>Zkou\u0161ky mohou b\u00fdt prov\u00e1d\u011bny za r\u016fzn\u00fdch podm\u00ednek a zahrnuj\u00ed:<\/p>\n<p><strong>Test zrakov\u00e9 ostrosti &#8211; monokul\u00e1rn\u00ed a binokul\u00e1rn\u00ed na bl\u00edzko, d\u00e1lku a st\u0159edn\u00ed vzd\u00e1lenost<\/strong><br \/>\n<strong> Test kontrastn\u00ed citlivosti &#8211; je mo\u017en\u00e9 jej prov\u00e1d\u011bt jak za denn\u00edch a no\u010dn\u00edch podm\u00ednek, tak bez osln\u011bn\u00ed a s mo\u017enost\u00ed v\u00fdb\u011bru ze dvou r\u016fzn\u00fdch \u00farovn\u00edch osln\u011bn\u00ed.<\/strong><br \/>\n<strong> Test stereopse &#8211; test hloubky prostorov\u00e9ho vn\u00edm\u00e1n\u00ed<\/strong><br \/>\n<strong> Test vn\u00edm\u00e1n\u00ed barev<\/strong><br \/>\n<strong> Potenci\u00e1ln\u00ed ostrost (Pin Hole).<\/strong><\/p>\n<p>Lze rovn\u011b\u017e zobrazit k\u0159ivku kontrastn\u00ed citlivosti, stejn\u011b jako raw data. Data lze tak\u00e9 exportovat do soubor\u016f aplikace Excel k anal\u00fdze. P\u0159\u00edm\u00e9 srovn\u00e1n\u00ed pacientova vid\u011bn\u00ed se zobraz\u00ed vedle modelu norm\u00e1ln\u00edho fungov\u00e1n\u00ed zraku. Funk\u010dn\u00ed Vision Analyzer je u\u017eite\u010dn\u00fd u \u0161ed\u00e9ho z\u00e1kalu a refrak\u010dn\u00ed praxe jako dokument zrakov\u00e9ho posti\u017een\u00ed, pom\u00e1h\u00e1 zav\u00e9st a \u0159\u00eddit o\u010dek\u00e1v\u00e1n\u00ed pacient\u016f pro jednotliv\u00e9 mo\u017enosti l\u00e9\u010dby a pro rozhodov\u00e1n\u00ed o o\u0161et\u0159en\u00ed. V\u0161echny v\u00fdsledky zkou\u0161ek jsou ulo\u017eeny v datab\u00e1zi pacient\u016f. \u0158ada zpr\u00e1v a datov\u00fdch vyobrazen\u00ed jsou k dispozici pro tisk.[\/vc_column_text][\/vc_column][vc_column width=&#8220;1\/3&#8243;][vc_single_image image=&#8220;448&#8243; img_link_target=&#8220;_self&#8220; img_size=&#8220;medium&#8220;][\/vc_column][\/vc_row]<\/p>\n<\/div>","protected":false},"excerpt":{"rendered":"<p>[vc_row][vc_column width=&#8220;1\/1&#8243;][vc_column_text] Kontrola vid\u011bn\u00ed, zrakov\u00e9 ostrosti, kontrastu a zorn\u00e9ho pole pro P\u0159edstavujeme V\u00e1m nov\u00fd a jedine\u010dn\u00fd zp\u016fsob kontroly a testov\u00e1n\u00ed zrakov\u00e9 ostrosti v\u0161ech, kte\u0159\u00ed si cht\u011bj\u00ed ov\u011b\u0159it kvalitu sv\u00e9ho vid\u011bn\u00ed. Tato mo\u017enost se nab\u00edz\u00ed i t\u011bm, kdo ji\u017e br\u00fdle nos\u00ed a cht\u011bj\u00ed si ov\u011b\u0159it\u00a0vid\u011bn\u00ed se st\u00e1vaj\u00edc\u00ed korekc\u00ed.\u00a0Vynikaj\u00edc\u00ed pro testov\u00e1n\u00ed \u0159idi\u010d\u016f v\u0161ech kategori\u00ed. Komplexn\u00ed test p\u0159\u00edstrojem [&hellip;]<\/p>\n","protected":false},"author":1,"featured_media":0,"parent":0,"menu_order":0,"comment_status":"open","ping_status":"open","template":"","meta":{"_monsterinsights_skip_tracking":false,"_monsterinsights_sitenote_active":false,"_monsterinsights_sitenote_note":"","_monsterinsights_sitenote_category":0,"footnotes":""},"class_list":["post-407","page","type-page","status-publish","hentry"],"yoast_head":"<!-- This site is optimized with the Yoast SEO plugin v27.3 - https:\/\/yoast.com\/product\/yoast-seo-wordpress\/ -->\n<title>O\u010dn\u00ed Vy\u0161et\u0159en\u00ed Pro Dosp\u011bl\u00e9 | O\u010dn\u00ed Centrum Vidum, Opava<\/title>\n<meta name=\"description\" content=\"P\u0159edstavujeme V\u00e1m nov\u00fd a jedine\u010dn\u00fd zp\u016fsob kontroly a testov\u00e1n\u00ed zrakov\u00e9 ostrosti v\u0161ech, kte\u0159\u00ed si cht\u011bj\u00ed ov\u011b\u0159it kvalitu sv\u00e9ho vid\u011bn\u00ed. O\u010dn\u00ed Centrum Vidum.\" \/>\n<meta name=\"robots\" content=\"index, follow, max-snippet:-1, max-image-preview:large, max-video-preview:-1\" \/>\n<link rel=\"canonical\" href=\"https:\/\/www.vidum.cz\/index.php\/prevence-dospelych\/\" \/>\n<meta property=\"og:locale\" content=\"cs_CZ\" \/>\n<meta property=\"og:type\" content=\"article\" \/>\n<meta property=\"og:title\" content=\"O\u010dn\u00ed Vy\u0161et\u0159en\u00ed Pro Dosp\u011bl\u00e9 | O\u010dn\u00ed Centrum Vidum, Opava\" \/>\n<meta property=\"og:description\" content=\"P\u0159edstavujeme V\u00e1m nov\u00fd a jedine\u010dn\u00fd zp\u016fsob kontroly a testov\u00e1n\u00ed zrakov\u00e9 ostrosti v\u0161ech, kte\u0159\u00ed si cht\u011bj\u00ed ov\u011b\u0159it kvalitu sv\u00e9ho vid\u011bn\u00ed. O\u010dn\u00ed Centrum Vidum.\" \/>\n<meta property=\"og:url\" content=\"https:\/\/www.vidum.cz\/index.php\/prevence-dospelych\/\" \/>\n<meta property=\"og:site_name\" content=\"Vidum\" \/>\n<meta property=\"article:modified_time\" content=\"2018-06-15T07:46:06+00:00\" \/>\n<meta name=\"twitter:label1\" content=\"Odhadovan\u00e1 doba \u010dten\u00ed\" \/>\n\t<meta name=\"twitter:data1\" content=\"3 minuty\" \/>\n<script type=\"application\/ld+json\" class=\"yoast-schema-graph\">{\"@context\":\"https:\\\/\\\/schema.org\",\"@graph\":[{\"@type\":\"WebPage\",\"@id\":\"https:\\\/\\\/www.vidum.cz\\\/index.php\\\/prevence-dospelych\\\/\",\"url\":\"https:\\\/\\\/www.vidum.cz\\\/index.php\\\/prevence-dospelych\\\/\",\"name\":\"O\u010dn\u00ed Vy\u0161et\u0159en\u00ed Pro Dosp\u011bl\u00e9 | O\u010dn\u00ed Centrum Vidum, Opava\",\"isPartOf\":{\"@id\":\"https:\\\/\\\/www.vidum.cz\\\/#website\"},\"datePublished\":\"2014-10-01T23:15:53+00:00\",\"dateModified\":\"2018-06-15T07:46:06+00:00\",\"description\":\"P\u0159edstavujeme V\u00e1m nov\u00fd a jedine\u010dn\u00fd zp\u016fsob kontroly a testov\u00e1n\u00ed zrakov\u00e9 ostrosti v\u0161ech, kte\u0159\u00ed si cht\u011bj\u00ed ov\u011b\u0159it kvalitu sv\u00e9ho vid\u011bn\u00ed. O\u010dn\u00ed Centrum Vidum.\",\"breadcrumb\":{\"@id\":\"https:\\\/\\\/www.vidum.cz\\\/index.php\\\/prevence-dospelych\\\/#breadcrumb\"},\"inLanguage\":\"cs\",\"potentialAction\":[{\"@type\":\"ReadAction\",\"target\":[\"https:\\\/\\\/www.vidum.cz\\\/index.php\\\/prevence-dospelych\\\/\"]}]},{\"@type\":\"BreadcrumbList\",\"@id\":\"https:\\\/\\\/www.vidum.cz\\\/index.php\\\/prevence-dospelych\\\/#breadcrumb\",\"itemListElement\":[{\"@type\":\"ListItem\",\"position\":1,\"name\":\"Dom\u016f\",\"item\":\"https:\\\/\\\/www.vidum.cz\\\/\"},{\"@type\":\"ListItem\",\"position\":2,\"name\":\"Prevence dosp\u011bl\u00fdch\"}]},{\"@type\":\"WebSite\",\"@id\":\"https:\\\/\\\/www.vidum.cz\\\/#website\",\"url\":\"https:\\\/\\\/www.vidum.cz\\\/\",\"name\":\"Vidum\",\"description\":\"O\u010dn\u00ed centrum Vidum\",\"potentialAction\":[{\"@type\":\"SearchAction\",\"target\":{\"@type\":\"EntryPoint\",\"urlTemplate\":\"https:\\\/\\\/www.vidum.cz\\\/?s={search_term_string}\"},\"query-input\":{\"@type\":\"PropertyValueSpecification\",\"valueRequired\":true,\"valueName\":\"search_term_string\"}}],\"inLanguage\":\"cs\"}]}<\/script>\n<!-- \/ Yoast SEO plugin. -->","yoast_head_json":{"title":"O\u010dn\u00ed Vy\u0161et\u0159en\u00ed Pro Dosp\u011bl\u00e9 | O\u010dn\u00ed Centrum Vidum, Opava","description":"P\u0159edstavujeme V\u00e1m nov\u00fd a jedine\u010dn\u00fd zp\u016fsob kontroly a testov\u00e1n\u00ed zrakov\u00e9 ostrosti v\u0161ech, kte\u0159\u00ed si cht\u011bj\u00ed ov\u011b\u0159it kvalitu sv\u00e9ho vid\u011bn\u00ed. O\u010dn\u00ed Centrum Vidum.","robots":{"index":"index","follow":"follow","max-snippet":"max-snippet:-1","max-image-preview":"max-image-preview:large","max-video-preview":"max-video-preview:-1"},"canonical":"https:\/\/www.vidum.cz\/index.php\/prevence-dospelych\/","og_locale":"cs_CZ","og_type":"article","og_title":"O\u010dn\u00ed Vy\u0161et\u0159en\u00ed Pro Dosp\u011bl\u00e9 | O\u010dn\u00ed Centrum Vidum, Opava","og_description":"P\u0159edstavujeme V\u00e1m nov\u00fd a jedine\u010dn\u00fd zp\u016fsob kontroly a testov\u00e1n\u00ed zrakov\u00e9 ostrosti v\u0161ech, kte\u0159\u00ed si cht\u011bj\u00ed ov\u011b\u0159it kvalitu sv\u00e9ho vid\u011bn\u00ed. O\u010dn\u00ed Centrum Vidum.","og_url":"https:\/\/www.vidum.cz\/index.php\/prevence-dospelych\/","og_site_name":"Vidum","article_modified_time":"2018-06-15T07:46:06+00:00","twitter_misc":{"Odhadovan\u00e1 doba \u010dten\u00ed":"3 minuty"},"schema":{"@context":"https:\/\/schema.org","@graph":[{"@type":"WebPage","@id":"https:\/\/www.vidum.cz\/index.php\/prevence-dospelych\/","url":"https:\/\/www.vidum.cz\/index.php\/prevence-dospelych\/","name":"O\u010dn\u00ed Vy\u0161et\u0159en\u00ed Pro Dosp\u011bl\u00e9 | O\u010dn\u00ed Centrum Vidum, Opava","isPartOf":{"@id":"https:\/\/www.vidum.cz\/#website"},"datePublished":"2014-10-01T23:15:53+00:00","dateModified":"2018-06-15T07:46:06+00:00","description":"P\u0159edstavujeme V\u00e1m nov\u00fd a jedine\u010dn\u00fd zp\u016fsob kontroly a testov\u00e1n\u00ed zrakov\u00e9 ostrosti v\u0161ech, kte\u0159\u00ed si cht\u011bj\u00ed ov\u011b\u0159it kvalitu sv\u00e9ho vid\u011bn\u00ed. O\u010dn\u00ed Centrum Vidum.","breadcrumb":{"@id":"https:\/\/www.vidum.cz\/index.php\/prevence-dospelych\/#breadcrumb"},"inLanguage":"cs","potentialAction":[{"@type":"ReadAction","target":["https:\/\/www.vidum.cz\/index.php\/prevence-dospelych\/"]}]},{"@type":"BreadcrumbList","@id":"https:\/\/www.vidum.cz\/index.php\/prevence-dospelych\/#breadcrumb","itemListElement":[{"@type":"ListItem","position":1,"name":"Dom\u016f","item":"https:\/\/www.vidum.cz\/"},{"@type":"ListItem","position":2,"name":"Prevence dosp\u011bl\u00fdch"}]},{"@type":"WebSite","@id":"https:\/\/www.vidum.cz\/#website","url":"https:\/\/www.vidum.cz\/","name":"Vidum","description":"O\u010dn\u00ed centrum Vidum","potentialAction":[{"@type":"SearchAction","target":{"@type":"EntryPoint","urlTemplate":"https:\/\/www.vidum.cz\/?s={search_term_string}"},"query-input":{"@type":"PropertyValueSpecification","valueRequired":true,"valueName":"search_term_string"}}],"inLanguage":"cs"}]}},"_links":{"self":[{"href":"https:\/\/www.vidum.cz\/index.php\/wp-json\/wp\/v2\/pages\/407","targetHints":{"allow":["GET"]}}],"collection":[{"href":"https:\/\/www.vidum.cz\/index.php\/wp-json\/wp\/v2\/pages"}],"about":[{"href":"https:\/\/www.vidum.cz\/index.php\/wp-json\/wp\/v2\/types\/page"}],"author":[{"embeddable":true,"href":"https:\/\/www.vidum.cz\/index.php\/wp-json\/wp\/v2\/users\/1"}],"replies":[{"embeddable":true,"href":"https:\/\/www.vidum.cz\/index.php\/wp-json\/wp\/v2\/comments?post=407"}],"version-history":[{"count":7,"href":"https:\/\/www.vidum.cz\/index.php\/wp-json\/wp\/v2\/pages\/407\/revisions"}],"predecessor-version":[{"id":450,"href":"https:\/\/www.vidum.cz\/index.php\/wp-json\/wp\/v2\/pages\/407\/revisions\/450"}],"wp:attachment":[{"href":"https:\/\/www.vidum.cz\/index.php\/wp-json\/wp\/v2\/media?parent=407"}],"curies":[{"name":"wp","href":"https:\/\/api.w.org\/{rel}","templated":true}]}}