{"id":411,"date":"2014-10-01T23:23:50","date_gmt":"2014-10-01T23:23:50","guid":{"rendered":"\/?page_id=411"},"modified":"2019-02-07T10:35:35","modified_gmt":"2019-02-07T09:35:35","slug":"bryle-serengeti","status":"publish","type":"page","link":"https:\/\/www.vidum.cz\/index.php\/bryle-serengeti\/","title":{"rendered":"Slune\u010dn\u00ed br\u00fdle  Serengeti"},"content":{"rendered":"<div class=\"wpb-content-wrapper\"><p>[vc_row][vc_column][vc_column_text]<\/p>\n<div id=\"content\">\n<h2 align=\"center\">V\u00ddHRADN\u00cd PRODEJCE SLUNE\u010cN\u00cdCH BR\u00ddL\u00cd SERENGETI V REGIONU OPAVY A OSTRAVY &#8211; CEL\u00c1 KOLEKCE<\/h2>\n<p>&nbsp;<\/p>\n<p><a href=\"http:\/\/www.vidum.cz\/wp-content\/uploads\/2014\/09\/driving-sunglasses-serengeti.jpg\"><img loading=\"lazy\" decoding=\"async\" class=\"alignnone size-full wp-image-156\" src=\"http:\/\/www.vidum.cz\/wp-content\/uploads\/2014\/09\/driving-sunglasses-serengeti.jpg\" alt=\"driving-sunglasses-serengeti\" width=\"765\" height=\"428\" srcset=\"https:\/\/www.vidum.cz\/wp-content\/uploads\/2014\/09\/driving-sunglasses-serengeti.jpg 765w, https:\/\/www.vidum.cz\/wp-content\/uploads\/2014\/09\/driving-sunglasses-serengeti-300x167.jpg 300w\" sizes=\"auto, (max-width: 765px) 100vw, 765px\" \/><\/a><\/p>\n<p>&nbsp;<\/p>\n<p>&nbsp;<\/p>\n<ul>\n<li>br\u00fdle Serengeti vyu\u017e\u00edvaj\u00ed dokonal\u00fdch optick\u00fdch vlastnost\u00ed sklen\u011bn\u00fdch fotochromatick\u00fdch \u010do\u010dek, kter\u00e9 se <strong>automaticky ztmavuj\u00ed <\/strong>v\u00a0ostr\u00e9m slune\u010dn\u00edm sv\u011btle a\u00a0naopak <strong>zesv\u011btluj\u00ed <\/strong>p\u0159i ni\u017e\u0161\u00ed intenzit\u011b slune\u010dn\u00edho z\u00e1\u0159en\u00ed<\/li>\n<li>patentovan\u00fd Spectral Control<sup>\u00ae<\/sup> System v\u00fdrazn\u011b <strong>zost\u0159uje a zjas\u0148uje vid\u011bn\u00ed <\/strong><\/li>\n<li>na rozd\u00edl od plastov\u00fdch \u010do\u010dek v b\u011b\u017en\u00fdch slune\u010dn\u00edch br\u00fdl\u00edch jsou sklen\u011bn\u00e9 \u010do\u010dky velmi <strong>odoln\u00e9 proti po\u0161kr\u00e1b\u00e1n\u00ed<\/strong><\/li>\n<li>standardem je <strong>blokace UVA a UVB z\u00e1\u0159en\u00ed<\/strong><\/li>\n<li>antireflexn\u00ed \u00faprava z vnit\u0159n\u00ed strany \u010do\u010dek <strong>zamezuje osln\u011bn\u00ed <\/strong>odru\u0161en\u00edm zp\u011btn\u00e9ho odrazu slune\u010dn\u00edch paprsk\u016f do o\u010d\u00ed<\/li>\n<\/ul>\n<hr \/>\n<p><strong>Slune\u010dn\u00ed br\u00fdlov\u00e9 \u010do\u010dky Serengeti maj\u00ed hned n\u011bkolik jedine\u010dn\u00fdch vlastnost\u00ed: <\/strong><\/p>\n<ul>\n<li>v\u0161echny \u010do\u010dky jsou sklen\u011bn\u00e9, odoln\u00e9 v\u016f\u010di po\u0161kr\u00e1b\u00e1n\u00ed a p\u0159esto mimo\u0159\u00e1dn\u011b lehk\u00e9<\/li>\n<li>samy se upravuj\u00ed podle podm\u00ednek denn\u00edho sv\u011btla<\/li>\n<li>fotochromatick\u00e1 technologie samozabarvov\u00e1n\u00ed \u010do\u010dek posledn\u00ed generace umo\u017e\u0148uje rychl\u00e9 p\u0159izp\u016fsoben\u00ed \u010do\u010dek na zm\u011bny intenzity sv\u011btla, vysok\u00e1 rychlost zabarven\u00ed a odbarven\u00ed\u00a0\u2013 nap\u0159. vjezd auta do tunelu apod.<\/li>\n<li>100 % UVA, 99 % UVB<\/li>\n<li>filtr zachycuje rozpt\u00fdlen\u00e9 modr\u00e9 sv\u011btlo<\/li>\n<li>antireflexn\u00ed \u00faprava<\/li>\n<li>spectral control filtr<\/li>\n<li>nezkresluje barevn\u00e9 vid\u011bn\u00ed<\/li>\n<li>v\u0161echny filtry jsou zakomponov\u00e1ny do \u010do\u010dky\u00a0\u2013 nedoch\u00e1z\u00ed ke st\u00e1rnut\u00ed filtr\u016f<\/li>\n<li>v\u0161echny r\u00e1me\u010dky jsou ru\u010dn\u011b dokon\u010dov\u00e1ny, v\u011bt\u0161ina kovov\u00fdch r\u00e1me\u010dk\u016f je z titanu<\/li>\n<li>v\u011bt\u0161ina funkc\u00ed je registrov\u00e1na patenty v USA<\/li>\n<li>nov\u011b mo\u017enost zhotoven\u00ed korek\u010dn\u00edch skel<\/li>\n<\/ul>\n<hr \/>\n<h2>Typy slune\u010dn\u00edch \u010do\u010dek Serengeti<\/h2>\n<p><strong>Drivers (barva hn\u011bd\u00e1)<br \/>\nDrivers gradient (barva hn\u011bdooran\u017eov\u00e1)<br \/>\n<\/strong><a href=\"http:\/\/www.vidum.cz\/wp-content\/uploads\/2014\/10\/foto_26.jpg\"><img loading=\"lazy\" decoding=\"async\" class=\"size-full wp-image-424 alignnone\" src=\"http:\/\/www.vidum.cz\/wp-content\/uploads\/2014\/10\/foto_26.jpg\" alt=\"\" width=\"300\" height=\"100\" \/><\/a><\/p>\n<ul>\n<li>antireflexn\u00ed vrstva<\/li>\n<li>gradientn\u00ed vrstva (tmav\u0161\u00ed z horn\u00edho okraje, zabra\u0148uje osln\u011bn\u00ed shora, a sm\u011brem dol\u016f postupn\u011b sv\u011btlej\u0161\u00ed)<\/li>\n<li>spectral control filtr<\/li>\n<li>sklen\u011bn\u00e9 \u010do\u010dky<\/li>\n<li>samozabarvuj\u00edc\u00ed<\/li>\n<li>vynikaj\u00edc\u00ed pro \u0159idi\u010de, na golf, denn\u00ed no\u0161en\u00ed<\/li>\n<li>klasick\u00e1 \u010do\u010dka Serengeti<\/li>\n<li>UVA, UVB, modr\u00fd filtr<\/li>\n<\/ul>\n<p><strong>555 nm (barva zeleno\u0161ed\u00e1)<br \/>\n<a href=\"http:\/\/www.vidum.cz\/wp-content\/uploads\/2014\/10\/foto_27.jpg\"><img loading=\"lazy\" decoding=\"async\" class=\"size-full wp-image-425 alignnone\" src=\"http:\/\/www.vidum.cz\/wp-content\/uploads\/2014\/10\/foto_27.jpg\" alt=\"\" width=\"150\" height=\"100\" \/><\/a><\/strong><\/p>\n<ul>\n<li>antireflexn\u00ed vrstva<\/li>\n<li>spectral control filtr<\/li>\n<li>sklen\u011bn\u00e9 \u010do\u010dky<\/li>\n<li>samozabarvov\u00e1n\u00ed<\/li>\n<li>zaji\u0161\u0165uj\u00ed maxim\u00e1ln\u00ed relaxaci o\u010d\u00ed, p\u0159i vystaven\u00ed intenzivn\u00edmu ostr\u00e9mu sv\u011btlu<\/li>\n<li>alternativa ke G 15 Ray Ban\u00a0\u2013 ale se samozabarvov\u00e1n\u00edm<\/li>\n<li>ide\u00e1ln\u00ed \u010do\u010dky do intenzivn\u00edho sv\u011btla\u00a0\u2013 pl\u00e1\u017ee, atd.<\/li>\n<li>UVA, UVB, MODR\u00dd FILTR<\/li>\n<\/ul>\n<p><strong>Sedona (barva r\u016f\u017eovo\u0161ed\u00e1)<br \/>\n<a href=\"http:\/\/www.vidum.cz\/wp-content\/uploads\/2014\/10\/foto_46.jpg\"><img loading=\"lazy\" decoding=\"async\" class=\"size-full wp-image-428 alignnone\" src=\"http:\/\/www.vidum.cz\/wp-content\/uploads\/2014\/10\/foto_46.jpg\" alt=\"\" width=\"150\" height=\"100\" \/><\/a><br \/>\n<\/strong><\/p>\n<ul>\n<li>dvojit\u00e1 gradientn\u00ed vrstva shora i zespodu<\/li>\n<li>antireflexn\u00ed \u00faprava<\/li>\n<li>spectral control filtr<\/li>\n<li>sklen\u011bn\u00e9 \u010do\u010dky<\/li>\n<li>samozabarvuj\u00edc\u00ed<\/li>\n<li>ochrana proti osln\u011bn\u00ed od sn\u011bhu a vody<\/li>\n<li>vhodn\u00e9 pro pobyt na hor\u00e1ch, vodn\u00ed sporty, mo\u0159e, golf\u2026<\/li>\n<li>zv\u00fdraz\u0148uje kontrasty a p\u016fsob\u00ed z\u00e1rove\u0148 proti difusn\u00edmu sv\u011btlu<\/li>\n<li>UVA, UVB, MODR\u00dd FILTR<\/li>\n<\/ul>\n<hr \/>\n<h2>Polariza\u010dn\u00ed \u010do\u010dky Serengeti<\/h2>\n<p><strong>Strata drivers polarized (barva hn\u011bd\u00e1)<br \/>\nStrata 555 nm polarized (barva zeleno\u0161ed\u00e1)<br \/>\n<a href=\"http:\/\/www.vidum.cz\/wp-content\/uploads\/2014\/10\/foto_28.jpg\"><img loading=\"lazy\" decoding=\"async\" class=\"size-full wp-image-426 alignnone\" src=\"http:\/\/www.vidum.cz\/wp-content\/uploads\/2014\/10\/foto_28.jpg\" alt=\"\" width=\"150\" height=\"100\" \/><\/a><\/strong><\/p>\n<ul>\n<li>antireflexn\u00ed \u00faprava<\/li>\n<li>spectral control filtr<\/li>\n<li>sklen\u011bn\u00e9 \u010do\u010dky<\/li>\n<li>samozabarvuj\u00edc\u00ed<\/li>\n<li>polariza\u010dn\u00ed filtr<\/li>\n<li>vhodn\u00e9 v\u0161ude, kde je t\u0159eba odstranit odlesky od vodn\u00edch ploch, mokr\u00e9 silnice, oken\u2026<\/li>\n<li>vynikaj\u00edc\u00ed pro \u0159idi\u010de, chr\u00e1n\u00ed\u00a0proti osln\u011bn\u00ed v protisv\u011btle<\/li>\n<li>UVA, UVB, MODR\u00dd FILTR<\/li>\n<\/ul>\n<p><strong>Polarmax (hn\u011bd\u00e9)<br \/>\nPolarmax\u00a0\u2013 CPG (\u0161edozelen\u00e9)<br \/>\n<a href=\"http:\/\/www.vidum.cz\/wp-content\/uploads\/2014\/10\/foto_29.jpg\"><img loading=\"lazy\" decoding=\"async\" class=\"size-full wp-image-427 alignnone\" src=\"http:\/\/www.vidum.cz\/wp-content\/uploads\/2014\/10\/foto_29.jpg\" alt=\"\" width=\"150\" height=\"100\" \/><\/a><\/strong><\/p>\n<ul>\n<li>\u010do\u010dky jsou z polykarbon\u00e1tu (vysocen\u00e1razuvzdorn\u00e9 \u010do\u010dky)<\/li>\n<li>ultralehk\u00e9<\/li>\n<li>antireflexn\u00ed \u00faprava<\/li>\n<li>spectral control filtr<\/li>\n<li>samozabarvuj\u00edc\u00ed<\/li>\n<li>polariza\u010dn\u00ed<\/li>\n<li>UVA, UVB, MODR\u00dd FILTR<\/li>\n<\/ul>\n<p><strong>H2 OPTIX POLYCARBONATE<\/strong><\/p>\n<ul>\n<li>lehk\u00e9, vysoce n\u00e1razuvzdorn\u00e9 \u010do\u010dky s mikronovou vrstvou pro zlep\u0161en\u00ed odvodu kapek vody a \u010distoty vid\u011bn\u00ed<\/li>\n<li>polariza\u010dn\u00ed (pro eliminaci odraz\u016f sv\u011btla od vodn\u00ed hladiny, mokr\u00e9 silnice\u2026)<\/li>\n<li>UVA, UVB, MODR\u00dd FILTR, spectral control filtr<\/li>\n<li>sv\u00fdmi vlastnostmi jsou ur\u010deny pro v\u0161echny druhy vodn\u00edch sport\u016f od ryba\u0159en\u00ed po surfov\u00e1n\u00ed<\/li>\n<\/ul>\n<hr \/>\n<h2>POZOR- NOVINKA !<\/h2>\n<p>Do vybran\u00fdch typ\u016f br\u00fdl\u00ed Serengeti \u00a0lze zhotovit dioptrick\u00e9 skla do +- 4 Dpt. Bli\u017e\u0161\u00ed informace v prodejn\u011b.<\/p>\n<\/div>\n<p>[\/vc_column_text][\/vc_column][\/vc_row][vc_row][vc_column width=&#8220;1\/1&#8243;][vc_separator][\/vc_column][\/vc_row]<\/p>\n<\/div>","protected":false},"excerpt":{"rendered":"<p>[vc_row][vc_column][vc_column_text] V\u00ddHRADN\u00cd PRODEJCE SLUNE\u010cN\u00cdCH BR\u00ddL\u00cd SERENGETI V REGIONU OPAVY A OSTRAVY &#8211; CEL\u00c1 KOLEKCE &nbsp; &nbsp; &nbsp; br\u00fdle Serengeti vyu\u017e\u00edvaj\u00ed dokonal\u00fdch optick\u00fdch vlastnost\u00ed sklen\u011bn\u00fdch fotochromatick\u00fdch \u010do\u010dek, kter\u00e9 se automaticky ztmavuj\u00ed v\u00a0ostr\u00e9m slune\u010dn\u00edm sv\u011btle a\u00a0naopak zesv\u011btluj\u00ed p\u0159i ni\u017e\u0161\u00ed intenzit\u011b slune\u010dn\u00edho z\u00e1\u0159en\u00ed patentovan\u00fd Spectral Control\u00ae System v\u00fdrazn\u011b zost\u0159uje a zjas\u0148uje vid\u011bn\u00ed na rozd\u00edl od plastov\u00fdch \u010do\u010dek v [&hellip;]<\/p>\n","protected":false},"author":1,"featured_media":0,"parent":0,"menu_order":0,"comment_status":"open","ping_status":"open","template":"","meta":{"_monsterinsights_skip_tracking":false,"_monsterinsights_sitenote_active":false,"_monsterinsights_sitenote_note":"","_monsterinsights_sitenote_category":0,"footnotes":""},"class_list":["post-411","page","type-page","status-publish","hentry"],"yoast_head":"<!-- This site is optimized with the Yoast SEO plugin v27.3 - https:\/\/yoast.com\/product\/yoast-seo-wordpress\/ -->\n<title>Slune\u010dn\u00ed Br\u00fdle Serengeti | O\u010dn\u00ed Centrum Vidum, Opava<\/title>\n<meta name=\"description\" content=\"Jsme v\u00fdhradn\u00ed prodejce slune\u010dn\u00edch br\u00fdl\u00ed Serengeti, kter\u00e9 se automaticky ztmavuj\u00ed v ostr\u00e9m slune\u010dn\u00edm sv\u011btle, v regionu Opavy a Ostravy. P\u0159e\u010dt\u011bte si v\u00edce.\" \/>\n<meta name=\"robots\" content=\"index, follow, max-snippet:-1, max-image-preview:large, max-video-preview:-1\" \/>\n<link rel=\"canonical\" href=\"https:\/\/www.vidum.cz\/index.php\/bryle-serengeti\/\" \/>\n<meta property=\"og:locale\" content=\"cs_CZ\" \/>\n<meta property=\"og:type\" content=\"article\" \/>\n<meta property=\"og:title\" content=\"Slune\u010dn\u00ed Br\u00fdle Serengeti | O\u010dn\u00ed Centrum Vidum, Opava\" \/>\n<meta property=\"og:description\" content=\"Jsme v\u00fdhradn\u00ed prodejce slune\u010dn\u00edch br\u00fdl\u00ed Serengeti, kter\u00e9 se automaticky ztmavuj\u00ed v ostr\u00e9m slune\u010dn\u00edm sv\u011btle, v regionu Opavy a Ostravy. P\u0159e\u010dt\u011bte si v\u00edce.\" \/>\n<meta property=\"og:url\" content=\"https:\/\/www.vidum.cz\/index.php\/bryle-serengeti\/\" \/>\n<meta property=\"og:site_name\" content=\"Vidum\" \/>\n<meta property=\"article:modified_time\" content=\"2019-02-07T09:35:35+00:00\" \/>\n<meta property=\"og:image\" content=\"http:\/\/www.vidum.cz\/wp-content\/uploads\/2014\/09\/driving-sunglasses-serengeti.jpg\" \/>\n<meta name=\"twitter:label1\" content=\"Odhadovan\u00e1 doba \u010dten\u00ed\" \/>\n\t<meta name=\"twitter:data1\" content=\"3 minuty\" \/>\n<script type=\"application\/ld+json\" class=\"yoast-schema-graph\">{\"@context\":\"https:\\\/\\\/schema.org\",\"@graph\":[{\"@type\":\"WebPage\",\"@id\":\"https:\\\/\\\/www.vidum.cz\\\/index.php\\\/bryle-serengeti\\\/\",\"url\":\"https:\\\/\\\/www.vidum.cz\\\/index.php\\\/bryle-serengeti\\\/\",\"name\":\"Slune\u010dn\u00ed Br\u00fdle Serengeti | O\u010dn\u00ed Centrum Vidum, Opava\",\"isPartOf\":{\"@id\":\"https:\\\/\\\/www.vidum.cz\\\/#website\"},\"primaryImageOfPage\":{\"@id\":\"https:\\\/\\\/www.vidum.cz\\\/index.php\\\/bryle-serengeti\\\/#primaryimage\"},\"image\":{\"@id\":\"https:\\\/\\\/www.vidum.cz\\\/index.php\\\/bryle-serengeti\\\/#primaryimage\"},\"thumbnailUrl\":\"http:\\\/\\\/www.vidum.cz\\\/wp-content\\\/uploads\\\/2014\\\/09\\\/driving-sunglasses-serengeti.jpg\",\"datePublished\":\"2014-10-01T23:23:50+00:00\",\"dateModified\":\"2019-02-07T09:35:35+00:00\",\"description\":\"Jsme v\u00fdhradn\u00ed prodejce slune\u010dn\u00edch br\u00fdl\u00ed Serengeti, kter\u00e9 se automaticky ztmavuj\u00ed v ostr\u00e9m slune\u010dn\u00edm sv\u011btle, v regionu Opavy a Ostravy. P\u0159e\u010dt\u011bte si v\u00edce.\",\"breadcrumb\":{\"@id\":\"https:\\\/\\\/www.vidum.cz\\\/index.php\\\/bryle-serengeti\\\/#breadcrumb\"},\"inLanguage\":\"cs\",\"potentialAction\":[{\"@type\":\"ReadAction\",\"target\":[\"https:\\\/\\\/www.vidum.cz\\\/index.php\\\/bryle-serengeti\\\/\"]}]},{\"@type\":\"ImageObject\",\"inLanguage\":\"cs\",\"@id\":\"https:\\\/\\\/www.vidum.cz\\\/index.php\\\/bryle-serengeti\\\/#primaryimage\",\"url\":\"http:\\\/\\\/www.vidum.cz\\\/wp-content\\\/uploads\\\/2014\\\/09\\\/driving-sunglasses-serengeti.jpg\",\"contentUrl\":\"http:\\\/\\\/www.vidum.cz\\\/wp-content\\\/uploads\\\/2014\\\/09\\\/driving-sunglasses-serengeti.jpg\"},{\"@type\":\"BreadcrumbList\",\"@id\":\"https:\\\/\\\/www.vidum.cz\\\/index.php\\\/bryle-serengeti\\\/#breadcrumb\",\"itemListElement\":[{\"@type\":\"ListItem\",\"position\":1,\"name\":\"Dom\u016f\",\"item\":\"https:\\\/\\\/www.vidum.cz\\\/\"},{\"@type\":\"ListItem\",\"position\":2,\"name\":\"Slune\u010dn\u00ed br\u00fdle Serengeti\"}]},{\"@type\":\"WebSite\",\"@id\":\"https:\\\/\\\/www.vidum.cz\\\/#website\",\"url\":\"https:\\\/\\\/www.vidum.cz\\\/\",\"name\":\"Vidum\",\"description\":\"O\u010dn\u00ed centrum Vidum\",\"potentialAction\":[{\"@type\":\"SearchAction\",\"target\":{\"@type\":\"EntryPoint\",\"urlTemplate\":\"https:\\\/\\\/www.vidum.cz\\\/?s={search_term_string}\"},\"query-input\":{\"@type\":\"PropertyValueSpecification\",\"valueRequired\":true,\"valueName\":\"search_term_string\"}}],\"inLanguage\":\"cs\"}]}<\/script>\n<!-- \/ Yoast SEO plugin. -->","yoast_head_json":{"title":"Slune\u010dn\u00ed Br\u00fdle Serengeti | O\u010dn\u00ed Centrum Vidum, Opava","description":"Jsme v\u00fdhradn\u00ed prodejce slune\u010dn\u00edch br\u00fdl\u00ed Serengeti, kter\u00e9 se automaticky ztmavuj\u00ed v ostr\u00e9m slune\u010dn\u00edm sv\u011btle, v regionu Opavy a Ostravy. P\u0159e\u010dt\u011bte si v\u00edce.","robots":{"index":"index","follow":"follow","max-snippet":"max-snippet:-1","max-image-preview":"max-image-preview:large","max-video-preview":"max-video-preview:-1"},"canonical":"https:\/\/www.vidum.cz\/index.php\/bryle-serengeti\/","og_locale":"cs_CZ","og_type":"article","og_title":"Slune\u010dn\u00ed Br\u00fdle Serengeti | O\u010dn\u00ed Centrum Vidum, Opava","og_description":"Jsme v\u00fdhradn\u00ed prodejce slune\u010dn\u00edch br\u00fdl\u00ed Serengeti, kter\u00e9 se automaticky ztmavuj\u00ed v ostr\u00e9m slune\u010dn\u00edm sv\u011btle, v regionu Opavy a Ostravy. P\u0159e\u010dt\u011bte si v\u00edce.","og_url":"https:\/\/www.vidum.cz\/index.php\/bryle-serengeti\/","og_site_name":"Vidum","article_modified_time":"2019-02-07T09:35:35+00:00","og_image":[{"url":"http:\/\/www.vidum.cz\/wp-content\/uploads\/2014\/09\/driving-sunglasses-serengeti.jpg","type":"","width":"","height":""}],"twitter_misc":{"Odhadovan\u00e1 doba \u010dten\u00ed":"3 minuty"},"schema":{"@context":"https:\/\/schema.org","@graph":[{"@type":"WebPage","@id":"https:\/\/www.vidum.cz\/index.php\/bryle-serengeti\/","url":"https:\/\/www.vidum.cz\/index.php\/bryle-serengeti\/","name":"Slune\u010dn\u00ed Br\u00fdle Serengeti | O\u010dn\u00ed Centrum Vidum, Opava","isPartOf":{"@id":"https:\/\/www.vidum.cz\/#website"},"primaryImageOfPage":{"@id":"https:\/\/www.vidum.cz\/index.php\/bryle-serengeti\/#primaryimage"},"image":{"@id":"https:\/\/www.vidum.cz\/index.php\/bryle-serengeti\/#primaryimage"},"thumbnailUrl":"http:\/\/www.vidum.cz\/wp-content\/uploads\/2014\/09\/driving-sunglasses-serengeti.jpg","datePublished":"2014-10-01T23:23:50+00:00","dateModified":"2019-02-07T09:35:35+00:00","description":"Jsme v\u00fdhradn\u00ed prodejce slune\u010dn\u00edch br\u00fdl\u00ed Serengeti, kter\u00e9 se automaticky ztmavuj\u00ed v ostr\u00e9m slune\u010dn\u00edm sv\u011btle, v regionu Opavy a Ostravy. P\u0159e\u010dt\u011bte si v\u00edce.","breadcrumb":{"@id":"https:\/\/www.vidum.cz\/index.php\/bryle-serengeti\/#breadcrumb"},"inLanguage":"cs","potentialAction":[{"@type":"ReadAction","target":["https:\/\/www.vidum.cz\/index.php\/bryle-serengeti\/"]}]},{"@type":"ImageObject","inLanguage":"cs","@id":"https:\/\/www.vidum.cz\/index.php\/bryle-serengeti\/#primaryimage","url":"http:\/\/www.vidum.cz\/wp-content\/uploads\/2014\/09\/driving-sunglasses-serengeti.jpg","contentUrl":"http:\/\/www.vidum.cz\/wp-content\/uploads\/2014\/09\/driving-sunglasses-serengeti.jpg"},{"@type":"BreadcrumbList","@id":"https:\/\/www.vidum.cz\/index.php\/bryle-serengeti\/#breadcrumb","itemListElement":[{"@type":"ListItem","position":1,"name":"Dom\u016f","item":"https:\/\/www.vidum.cz\/"},{"@type":"ListItem","position":2,"name":"Slune\u010dn\u00ed br\u00fdle Serengeti"}]},{"@type":"WebSite","@id":"https:\/\/www.vidum.cz\/#website","url":"https:\/\/www.vidum.cz\/","name":"Vidum","description":"O\u010dn\u00ed centrum Vidum","potentialAction":[{"@type":"SearchAction","target":{"@type":"EntryPoint","urlTemplate":"https:\/\/www.vidum.cz\/?s={search_term_string}"},"query-input":{"@type":"PropertyValueSpecification","valueRequired":true,"valueName":"search_term_string"}}],"inLanguage":"cs"}]}},"_links":{"self":[{"href":"https:\/\/www.vidum.cz\/index.php\/wp-json\/wp\/v2\/pages\/411","targetHints":{"allow":["GET"]}}],"collection":[{"href":"https:\/\/www.vidum.cz\/index.php\/wp-json\/wp\/v2\/pages"}],"about":[{"href":"https:\/\/www.vidum.cz\/index.php\/wp-json\/wp\/v2\/types\/page"}],"author":[{"embeddable":true,"href":"https:\/\/www.vidum.cz\/index.php\/wp-json\/wp\/v2\/users\/1"}],"replies":[{"embeddable":true,"href":"https:\/\/www.vidum.cz\/index.php\/wp-json\/wp\/v2\/comments?post=411"}],"version-history":[{"count":11,"href":"https:\/\/www.vidum.cz\/index.php\/wp-json\/wp\/v2\/pages\/411\/revisions"}],"predecessor-version":[{"id":1035,"href":"https:\/\/www.vidum.cz\/index.php\/wp-json\/wp\/v2\/pages\/411\/revisions\/1035"}],"wp:attachment":[{"href":"https:\/\/www.vidum.cz\/index.php\/wp-json\/wp\/v2\/media?parent=411"}],"curies":[{"name":"wp","href":"https:\/\/api.w.org\/{rel}","templated":true}]}}