{"id":435,"date":"2014-10-02T09:14:49","date_gmt":"2014-10-02T09:14:49","guid":{"rendered":"\/?page_id=435"},"modified":"2018-06-15T08:51:31","modified_gmt":"2018-06-15T07:51:31","slug":"videoasistence","status":"publish","type":"page","link":"https:\/\/www.vidum.cz\/index.php\/videoasistence\/","title":{"rendered":"Videoasistence"},"content":{"rendered":"<div class=\"wpb-content-wrapper\"><p>[vc_row][vc_column width=&#8220;2\/3&#8243;][vc_column_text]<\/p>\n<h2 id=\"headline\">V\u00fdb\u011br br\u00fdl\u00ed pomoc\u00ed kamery<\/h2>\n<div id=\"content\">\n<ul>\n<li>Tato slu\u017eba pom\u00e1h\u00e1 zejm\u00e9na t\u011bm z\u00e1kazn\u00edk\u016f, kte\u0159\u00ed maj\u00ed v\u011bt\u0161\u00ed po\u010det dioptri\u00ed a bez sv\u00fdch br\u00fdl\u00ed se p\u0159i v\u00fdb\u011bru nov\u00fdch velmi \u0161patn\u011b vid\u00ed<\/li>\n<li>Tabletem nebo kamerou V\u00e1s vyfot\u00edme a umo\u017en\u00edme V\u00e1m porovnat a\u017e 8 po\u010d\u00edta\u010dov\u00fdch fotografi\u00ed s nov\u00fdmi obrubami<\/li>\n<li>Tento program rovn\u011b\u017e pou\u017e\u00edv\u00e1me k simulaci pozd\u011bj\u0161\u00edho vzhledu vybran\u00fdch br\u00fdlov\u00fdch \u010do\u010dek (okrajov\u00e9 tlou\u0161\u0165ky\u00a0\u010do\u010dek a zabarven\u00ed br\u00fdlov\u00fdch \u010do\u010dek)<\/li>\n<li>Vybran\u00e9 obruby v\u010detn\u011b simulace dioptri\u00ed nebo slune\u010dn\u00edch br\u00fdlov\u00fdch \u010do\u010dek V\u00e1m barevn\u011b vytiskneme \u010di mailem za\u0161leme a Vy m\u016f\u017eete v klidu doma posoudit, kter\u00e9 br\u00fdle V\u00e1m nejv\u00edce slu\u0161\u00ed<\/li>\n<\/ul>\n<\/div>\n<p>[\/vc_column_text][\/vc_column][vc_column width=&#8220;1\/3&#8243;][vc_single_image image=&#8220;436&#8243; img_link_target=&#8220;_self&#8220; img_size=&#8220;medium&#8220;][\/vc_column][\/vc_row]<\/p>\n<\/div>","protected":false},"excerpt":{"rendered":"<p>[vc_row][vc_column width=&#8220;2\/3&#8243;][vc_column_text] V\u00fdb\u011br br\u00fdl\u00ed pomoc\u00ed kamery Tato slu\u017eba pom\u00e1h\u00e1 zejm\u00e9na t\u011bm z\u00e1kazn\u00edk\u016f, kte\u0159\u00ed maj\u00ed v\u011bt\u0161\u00ed po\u010det dioptri\u00ed a bez sv\u00fdch br\u00fdl\u00ed se p\u0159i v\u00fdb\u011bru nov\u00fdch velmi \u0161patn\u011b vid\u00ed Tabletem nebo kamerou V\u00e1s vyfot\u00edme a umo\u017en\u00edme V\u00e1m porovnat a\u017e 8 po\u010d\u00edta\u010dov\u00fdch fotografi\u00ed s nov\u00fdmi obrubami Tento program rovn\u011b\u017e pou\u017e\u00edv\u00e1me k simulaci pozd\u011bj\u0161\u00edho vzhledu vybran\u00fdch br\u00fdlov\u00fdch \u010do\u010dek [&hellip;]<\/p>\n","protected":false},"author":1,"featured_media":0,"parent":0,"menu_order":0,"comment_status":"open","ping_status":"open","template":"","meta":{"_monsterinsights_skip_tracking":false,"_monsterinsights_sitenote_active":false,"_monsterinsights_sitenote_note":"","_monsterinsights_sitenote_category":0,"footnotes":""},"class_list":["post-435","page","type-page","status-publish","hentry"],"yoast_head":"<!-- This site is optimized with the Yoast SEO plugin v27.3 - https:\/\/yoast.com\/product\/yoast-seo-wordpress\/ -->\n<title>Videoasistence | O\u010dn\u00ed Centrum Vidum, Opava<\/title>\n<meta name=\"description\" content=\"Optika Vidum nab\u00edz\u00ed slu\u017eba Videoasistence, kter\u00e1 pom\u00e1h\u00e1 z\u00e1kazn\u00edk\u016f, kte\u0159\u00ed maj\u00ed v\u011bt\u0161\u00ed po\u010det dioptri\u00ed a bez sv\u00fdch br\u00fdl\u00ed se p\u0159i v\u00fdb\u011bru nov\u00fdch velmi \u0161patn\u011b vid\u00ed\" \/>\n<meta name=\"robots\" content=\"index, follow, max-snippet:-1, max-image-preview:large, max-video-preview:-1\" \/>\n<link rel=\"canonical\" href=\"https:\/\/www.vidum.cz\/index.php\/videoasistence\/\" \/>\n<meta property=\"og:locale\" content=\"cs_CZ\" \/>\n<meta property=\"og:type\" content=\"article\" \/>\n<meta property=\"og:title\" content=\"Videoasistence | O\u010dn\u00ed Centrum Vidum, Opava\" \/>\n<meta property=\"og:description\" content=\"Optika Vidum nab\u00edz\u00ed slu\u017eba Videoasistence, kter\u00e1 pom\u00e1h\u00e1 z\u00e1kazn\u00edk\u016f, kte\u0159\u00ed maj\u00ed v\u011bt\u0161\u00ed po\u010det dioptri\u00ed a bez sv\u00fdch br\u00fdl\u00ed se p\u0159i v\u00fdb\u011bru nov\u00fdch velmi \u0161patn\u011b vid\u00ed\" \/>\n<meta property=\"og:url\" content=\"https:\/\/www.vidum.cz\/index.php\/videoasistence\/\" \/>\n<meta property=\"og:site_name\" content=\"Vidum\" \/>\n<meta property=\"article:modified_time\" content=\"2018-06-15T07:51:31+00:00\" \/>\n<meta name=\"twitter:label1\" content=\"Odhadovan\u00e1 doba \u010dten\u00ed\" \/>\n\t<meta name=\"twitter:data1\" content=\"1 minuta\" \/>\n<script type=\"application\/ld+json\" class=\"yoast-schema-graph\">{\"@context\":\"https:\\\/\\\/schema.org\",\"@graph\":[{\"@type\":\"WebPage\",\"@id\":\"https:\\\/\\\/www.vidum.cz\\\/index.php\\\/videoasistence\\\/\",\"url\":\"https:\\\/\\\/www.vidum.cz\\\/index.php\\\/videoasistence\\\/\",\"name\":\"Videoasistence | O\u010dn\u00ed Centrum Vidum, Opava\",\"isPartOf\":{\"@id\":\"https:\\\/\\\/www.vidum.cz\\\/#website\"},\"datePublished\":\"2014-10-02T09:14:49+00:00\",\"dateModified\":\"2018-06-15T07:51:31+00:00\",\"description\":\"Optika Vidum nab\u00edz\u00ed slu\u017eba Videoasistence, kter\u00e1 pom\u00e1h\u00e1 z\u00e1kazn\u00edk\u016f, kte\u0159\u00ed maj\u00ed v\u011bt\u0161\u00ed po\u010det dioptri\u00ed a bez sv\u00fdch br\u00fdl\u00ed se p\u0159i v\u00fdb\u011bru nov\u00fdch velmi \u0161patn\u011b vid\u00ed\",\"breadcrumb\":{\"@id\":\"https:\\\/\\\/www.vidum.cz\\\/index.php\\\/videoasistence\\\/#breadcrumb\"},\"inLanguage\":\"cs\",\"potentialAction\":[{\"@type\":\"ReadAction\",\"target\":[\"https:\\\/\\\/www.vidum.cz\\\/index.php\\\/videoasistence\\\/\"]}]},{\"@type\":\"BreadcrumbList\",\"@id\":\"https:\\\/\\\/www.vidum.cz\\\/index.php\\\/videoasistence\\\/#breadcrumb\",\"itemListElement\":[{\"@type\":\"ListItem\",\"position\":1,\"name\":\"Dom\u016f\",\"item\":\"https:\\\/\\\/www.vidum.cz\\\/\"},{\"@type\":\"ListItem\",\"position\":2,\"name\":\"Videoasistence\"}]},{\"@type\":\"WebSite\",\"@id\":\"https:\\\/\\\/www.vidum.cz\\\/#website\",\"url\":\"https:\\\/\\\/www.vidum.cz\\\/\",\"name\":\"Vidum\",\"description\":\"O\u010dn\u00ed centrum Vidum\",\"potentialAction\":[{\"@type\":\"SearchAction\",\"target\":{\"@type\":\"EntryPoint\",\"urlTemplate\":\"https:\\\/\\\/www.vidum.cz\\\/?s={search_term_string}\"},\"query-input\":{\"@type\":\"PropertyValueSpecification\",\"valueRequired\":true,\"valueName\":\"search_term_string\"}}],\"inLanguage\":\"cs\"}]}<\/script>\n<!-- \/ Yoast SEO plugin. -->","yoast_head_json":{"title":"Videoasistence | O\u010dn\u00ed Centrum Vidum, Opava","description":"Optika Vidum nab\u00edz\u00ed slu\u017eba Videoasistence, kter\u00e1 pom\u00e1h\u00e1 z\u00e1kazn\u00edk\u016f, kte\u0159\u00ed maj\u00ed v\u011bt\u0161\u00ed po\u010det dioptri\u00ed a bez sv\u00fdch br\u00fdl\u00ed se p\u0159i v\u00fdb\u011bru nov\u00fdch velmi \u0161patn\u011b vid\u00ed","robots":{"index":"index","follow":"follow","max-snippet":"max-snippet:-1","max-image-preview":"max-image-preview:large","max-video-preview":"max-video-preview:-1"},"canonical":"https:\/\/www.vidum.cz\/index.php\/videoasistence\/","og_locale":"cs_CZ","og_type":"article","og_title":"Videoasistence | O\u010dn\u00ed Centrum Vidum, Opava","og_description":"Optika Vidum nab\u00edz\u00ed slu\u017eba Videoasistence, kter\u00e1 pom\u00e1h\u00e1 z\u00e1kazn\u00edk\u016f, kte\u0159\u00ed maj\u00ed v\u011bt\u0161\u00ed po\u010det dioptri\u00ed a bez sv\u00fdch br\u00fdl\u00ed se p\u0159i v\u00fdb\u011bru nov\u00fdch velmi \u0161patn\u011b vid\u00ed","og_url":"https:\/\/www.vidum.cz\/index.php\/videoasistence\/","og_site_name":"Vidum","article_modified_time":"2018-06-15T07:51:31+00:00","twitter_misc":{"Odhadovan\u00e1 doba \u010dten\u00ed":"1 minuta"},"schema":{"@context":"https:\/\/schema.org","@graph":[{"@type":"WebPage","@id":"https:\/\/www.vidum.cz\/index.php\/videoasistence\/","url":"https:\/\/www.vidum.cz\/index.php\/videoasistence\/","name":"Videoasistence | O\u010dn\u00ed Centrum Vidum, Opava","isPartOf":{"@id":"https:\/\/www.vidum.cz\/#website"},"datePublished":"2014-10-02T09:14:49+00:00","dateModified":"2018-06-15T07:51:31+00:00","description":"Optika Vidum nab\u00edz\u00ed slu\u017eba Videoasistence, kter\u00e1 pom\u00e1h\u00e1 z\u00e1kazn\u00edk\u016f, kte\u0159\u00ed maj\u00ed v\u011bt\u0161\u00ed po\u010det dioptri\u00ed a bez sv\u00fdch br\u00fdl\u00ed se p\u0159i v\u00fdb\u011bru nov\u00fdch velmi \u0161patn\u011b vid\u00ed","breadcrumb":{"@id":"https:\/\/www.vidum.cz\/index.php\/videoasistence\/#breadcrumb"},"inLanguage":"cs","potentialAction":[{"@type":"ReadAction","target":["https:\/\/www.vidum.cz\/index.php\/videoasistence\/"]}]},{"@type":"BreadcrumbList","@id":"https:\/\/www.vidum.cz\/index.php\/videoasistence\/#breadcrumb","itemListElement":[{"@type":"ListItem","position":1,"name":"Dom\u016f","item":"https:\/\/www.vidum.cz\/"},{"@type":"ListItem","position":2,"name":"Videoasistence"}]},{"@type":"WebSite","@id":"https:\/\/www.vidum.cz\/#website","url":"https:\/\/www.vidum.cz\/","name":"Vidum","description":"O\u010dn\u00ed centrum Vidum","potentialAction":[{"@type":"SearchAction","target":{"@type":"EntryPoint","urlTemplate":"https:\/\/www.vidum.cz\/?s={search_term_string}"},"query-input":{"@type":"PropertyValueSpecification","valueRequired":true,"valueName":"search_term_string"}}],"inLanguage":"cs"}]}},"_links":{"self":[{"href":"https:\/\/www.vidum.cz\/index.php\/wp-json\/wp\/v2\/pages\/435","targetHints":{"allow":["GET"]}}],"collection":[{"href":"https:\/\/www.vidum.cz\/index.php\/wp-json\/wp\/v2\/pages"}],"about":[{"href":"https:\/\/www.vidum.cz\/index.php\/wp-json\/wp\/v2\/types\/page"}],"author":[{"embeddable":true,"href":"https:\/\/www.vidum.cz\/index.php\/wp-json\/wp\/v2\/users\/1"}],"replies":[{"embeddable":true,"href":"https:\/\/www.vidum.cz\/index.php\/wp-json\/wp\/v2\/comments?post=435"}],"version-history":[{"count":4,"href":"https:\/\/www.vidum.cz\/index.php\/wp-json\/wp\/v2\/pages\/435\/revisions"}],"predecessor-version":[{"id":579,"href":"https:\/\/www.vidum.cz\/index.php\/wp-json\/wp\/v2\/pages\/435\/revisions\/579"}],"wp:attachment":[{"href":"https:\/\/www.vidum.cz\/index.php\/wp-json\/wp\/v2\/media?parent=435"}],"curies":[{"name":"wp","href":"https:\/\/api.w.org\/{rel}","templated":true}]}}