{"id":5,"date":"2014-09-11T19:59:44","date_gmt":"2014-09-11T19:59:44","guid":{"rendered":"\/?page_id=5"},"modified":"2024-10-02T16:14:25","modified_gmt":"2024-10-02T15:14:25","slug":"samba-homepage","status":"publish","type":"page","link":"https:\/\/www.vidum.cz\/","title":{"rendered":"vidum domu"},"content":{"rendered":"<div class=\"wpb-content-wrapper\"><p>[vc_row][vc_column width=&#8220;1\/1&#8243;][\/vc_column][\/vc_row]<\/p>\n<\/div>","protected":false},"excerpt":{"rendered":"<p>[vc_row][vc_column width=&#8220;1\/1&#8243;][\/vc_column][\/vc_row]<\/p>\n","protected":false},"author":1,"featured_media":0,"parent":0,"menu_order":0,"comment_status":"closed","ping_status":"closed","template":"template_full_slider.php","meta":{"_monsterinsights_skip_tracking":false,"_monsterinsights_sitenote_active":false,"_monsterinsights_sitenote_note":"","_monsterinsights_sitenote_category":0,"footnotes":""},"class_list":["post-5","page","type-page","status-publish","hentry"],"yoast_head":"<!-- This site is optimized with the Yoast SEO plugin v27.3 - https:\/\/yoast.com\/product\/yoast-seo-wordpress\/ -->\n<title>O\u010dn\u00ed Centrum A Optika V Opav\u011b | O\u010dn\u00ed Centrum Vidum<\/title>\n<meta name=\"description\" content=\"O\u010dn\u00ed Centrum Vidum nab\u00edz\u00ed nejkvalitn\u011bj\u0161\u00ed p\u00e9\u010di o zrak v Opav\u011b. Nab\u00edz\u00edme br\u00fdlov\u00e9 obruby a skla vyroben\u00e9 z kvalitn\u00edch materi\u00e1l\u016f. Ofici\u00e1ln\u00ed str\u00e1nka.\" \/>\n<meta name=\"robots\" content=\"index, follow, max-snippet:-1, max-image-preview:large, max-video-preview:-1\" \/>\n<link rel=\"canonical\" href=\"https:\/\/www.vidum.cz\/\" \/>\n<meta property=\"og:locale\" content=\"cs_CZ\" \/>\n<meta property=\"og:type\" content=\"article\" \/>\n<meta property=\"og:title\" content=\"O\u010dn\u00ed Centrum A Optika V Opav\u011b | O\u010dn\u00ed Centrum Vidum\" \/>\n<meta property=\"og:description\" content=\"O\u010dn\u00ed Centrum Vidum nab\u00edz\u00ed nejkvalitn\u011bj\u0161\u00ed p\u00e9\u010di o zrak v Opav\u011b. Nab\u00edz\u00edme br\u00fdlov\u00e9 obruby a skla vyroben\u00e9 z kvalitn\u00edch materi\u00e1l\u016f. Ofici\u00e1ln\u00ed str\u00e1nka.\" \/>\n<meta property=\"og:url\" content=\"https:\/\/www.vidum.cz\/\" \/>\n<meta property=\"og:site_name\" content=\"Vidum\" \/>\n<meta property=\"article:modified_time\" content=\"2024-10-02T15:14:25+00:00\" \/>\n<meta name=\"twitter:label1\" content=\"Odhadovan\u00e1 doba \u010dten\u00ed\" \/>\n\t<meta name=\"twitter:data1\" content=\"1 minuta\" \/>\n<script type=\"application\/ld+json\" class=\"yoast-schema-graph\">{\"@context\":\"https:\\\/\\\/schema.org\",\"@graph\":[{\"@type\":\"WebPage\",\"@id\":\"https:\\\/\\\/www.vidum.cz\\\/\",\"url\":\"https:\\\/\\\/www.vidum.cz\\\/\",\"name\":\"O\u010dn\u00ed Centrum A Optika V Opav\u011b | O\u010dn\u00ed Centrum Vidum\",\"isPartOf\":{\"@id\":\"https:\\\/\\\/www.vidum.cz\\\/#website\"},\"datePublished\":\"2014-09-11T19:59:44+00:00\",\"dateModified\":\"2024-10-02T15:14:25+00:00\",\"description\":\"O\u010dn\u00ed Centrum Vidum nab\u00edz\u00ed nejkvalitn\u011bj\u0161\u00ed p\u00e9\u010di o zrak v Opav\u011b. Nab\u00edz\u00edme br\u00fdlov\u00e9 obruby a skla vyroben\u00e9 z kvalitn\u00edch materi\u00e1l\u016f. Ofici\u00e1ln\u00ed str\u00e1nka.\",\"breadcrumb\":{\"@id\":\"https:\\\/\\\/www.vidum.cz\\\/#breadcrumb\"},\"inLanguage\":\"cs\",\"potentialAction\":[{\"@type\":\"ReadAction\",\"target\":[\"https:\\\/\\\/www.vidum.cz\\\/\"]}]},{\"@type\":\"BreadcrumbList\",\"@id\":\"https:\\\/\\\/www.vidum.cz\\\/#breadcrumb\",\"itemListElement\":[{\"@type\":\"ListItem\",\"position\":1,\"name\":\"Dom\u016f\",\"item\":\"https:\\\/\\\/www.vidum.cz\\\/\"},{\"@type\":\"ListItem\",\"position\":2,\"name\":\"vidum domu\"}]},{\"@type\":\"WebSite\",\"@id\":\"https:\\\/\\\/www.vidum.cz\\\/#website\",\"url\":\"https:\\\/\\\/www.vidum.cz\\\/\",\"name\":\"Vidum\",\"description\":\"O\u010dn\u00ed centrum Vidum\",\"potentialAction\":[{\"@type\":\"SearchAction\",\"target\":{\"@type\":\"EntryPoint\",\"urlTemplate\":\"https:\\\/\\\/www.vidum.cz\\\/?s={search_term_string}\"},\"query-input\":{\"@type\":\"PropertyValueSpecification\",\"valueRequired\":true,\"valueName\":\"search_term_string\"}}],\"inLanguage\":\"cs\"}]}<\/script>\n<!-- \/ Yoast SEO plugin. -->","yoast_head_json":{"title":"O\u010dn\u00ed Centrum A Optika V Opav\u011b | O\u010dn\u00ed Centrum Vidum","description":"O\u010dn\u00ed Centrum Vidum nab\u00edz\u00ed nejkvalitn\u011bj\u0161\u00ed p\u00e9\u010di o zrak v Opav\u011b. Nab\u00edz\u00edme br\u00fdlov\u00e9 obruby a skla vyroben\u00e9 z kvalitn\u00edch materi\u00e1l\u016f. Ofici\u00e1ln\u00ed str\u00e1nka.","robots":{"index":"index","follow":"follow","max-snippet":"max-snippet:-1","max-image-preview":"max-image-preview:large","max-video-preview":"max-video-preview:-1"},"canonical":"https:\/\/www.vidum.cz\/","og_locale":"cs_CZ","og_type":"article","og_title":"O\u010dn\u00ed Centrum A Optika V Opav\u011b | O\u010dn\u00ed Centrum Vidum","og_description":"O\u010dn\u00ed Centrum Vidum nab\u00edz\u00ed nejkvalitn\u011bj\u0161\u00ed p\u00e9\u010di o zrak v Opav\u011b. Nab\u00edz\u00edme br\u00fdlov\u00e9 obruby a skla vyroben\u00e9 z kvalitn\u00edch materi\u00e1l\u016f. Ofici\u00e1ln\u00ed str\u00e1nka.","og_url":"https:\/\/www.vidum.cz\/","og_site_name":"Vidum","article_modified_time":"2024-10-02T15:14:25+00:00","twitter_misc":{"Odhadovan\u00e1 doba \u010dten\u00ed":"1 minuta"},"schema":{"@context":"https:\/\/schema.org","@graph":[{"@type":"WebPage","@id":"https:\/\/www.vidum.cz\/","url":"https:\/\/www.vidum.cz\/","name":"O\u010dn\u00ed Centrum A Optika V Opav\u011b | O\u010dn\u00ed Centrum Vidum","isPartOf":{"@id":"https:\/\/www.vidum.cz\/#website"},"datePublished":"2014-09-11T19:59:44+00:00","dateModified":"2024-10-02T15:14:25+00:00","description":"O\u010dn\u00ed Centrum Vidum nab\u00edz\u00ed nejkvalitn\u011bj\u0161\u00ed p\u00e9\u010di o zrak v Opav\u011b. Nab\u00edz\u00edme br\u00fdlov\u00e9 obruby a skla vyroben\u00e9 z kvalitn\u00edch materi\u00e1l\u016f. Ofici\u00e1ln\u00ed str\u00e1nka.","breadcrumb":{"@id":"https:\/\/www.vidum.cz\/#breadcrumb"},"inLanguage":"cs","potentialAction":[{"@type":"ReadAction","target":["https:\/\/www.vidum.cz\/"]}]},{"@type":"BreadcrumbList","@id":"https:\/\/www.vidum.cz\/#breadcrumb","itemListElement":[{"@type":"ListItem","position":1,"name":"Dom\u016f","item":"https:\/\/www.vidum.cz\/"},{"@type":"ListItem","position":2,"name":"vidum domu"}]},{"@type":"WebSite","@id":"https:\/\/www.vidum.cz\/#website","url":"https:\/\/www.vidum.cz\/","name":"Vidum","description":"O\u010dn\u00ed centrum Vidum","potentialAction":[{"@type":"SearchAction","target":{"@type":"EntryPoint","urlTemplate":"https:\/\/www.vidum.cz\/?s={search_term_string}"},"query-input":{"@type":"PropertyValueSpecification","valueRequired":true,"valueName":"search_term_string"}}],"inLanguage":"cs"}]}},"_links":{"self":[{"href":"https:\/\/www.vidum.cz\/index.php\/wp-json\/wp\/v2\/pages\/5","targetHints":{"allow":["GET"]}}],"collection":[{"href":"https:\/\/www.vidum.cz\/index.php\/wp-json\/wp\/v2\/pages"}],"about":[{"href":"https:\/\/www.vidum.cz\/index.php\/wp-json\/wp\/v2\/types\/page"}],"author":[{"embeddable":true,"href":"https:\/\/www.vidum.cz\/index.php\/wp-json\/wp\/v2\/users\/1"}],"replies":[{"embeddable":true,"href":"https:\/\/www.vidum.cz\/index.php\/wp-json\/wp\/v2\/comments?post=5"}],"version-history":[{"count":10,"href":"https:\/\/www.vidum.cz\/index.php\/wp-json\/wp\/v2\/pages\/5\/revisions"}],"predecessor-version":[{"id":1327,"href":"https:\/\/www.vidum.cz\/index.php\/wp-json\/wp\/v2\/pages\/5\/revisions\/1327"}],"wp:attachment":[{"href":"https:\/\/www.vidum.cz\/index.php\/wp-json\/wp\/v2\/media?parent=5"}],"curies":[{"name":"wp","href":"https:\/\/api.w.org\/{rel}","templated":true}]}}