{"id":612,"date":"2014-10-17T13:07:36","date_gmt":"2014-10-17T13:07:36","guid":{"rendered":"\/?page_id=612"},"modified":"2018-06-15T08:33:41","modified_gmt":"2018-06-15T07:33:41","slug":"trvale-akce-a-slevy-zpusoby-plateb","status":"publish","type":"page","link":"https:\/\/www.vidum.cz\/index.php\/trvale-akce-a-slevy-zpusoby-plateb\/","title":{"rendered":"Dlouhodob\u00e9 slevy"},"content":{"rendered":"<p>Pro v\u0161echny poji\u0161t\u011bnce zdravotn\u00edch poji\u0161\u0165oven 111 a 205\u00a0 <strong>sleva 5%\u00a0<\/strong>na ve\u0161ker\u00fd sortiment\u00a0<strong>p\u0159i platb\u011b v\u00a0hotovosti !<\/strong><\/p>\n<p>&nbsp;<\/p>\n<p><a href=\"http:\/\/www.vidum.cz\/wp-content\/uploads\/2014\/11\/index.png\">\u00a0<img loading=\"lazy\" decoding=\"async\" class=\"alignnone wp-image-637\" src=\"http:\/\/www.vidum.cz\/wp-content\/uploads\/2014\/11\/index.png\" alt=\"index\" width=\"67\" height=\"34\" \/><\/a><a href=\"http:\/\/www.vidum.cz\/wp-content\/uploads\/2014\/11\/index.jpg\">\u00a0\u00a0\u00a0 <img loading=\"lazy\" decoding=\"async\" class=\"alignnone wp-image-636\" src=\"http:\/\/www.vidum.cz\/wp-content\/uploads\/2014\/11\/index.jpg\" alt=\"index\" width=\"138\" height=\"37\" srcset=\"https:\/\/www.vidum.cz\/wp-content\/uploads\/2014\/11\/index.jpg 437w, https:\/\/www.vidum.cz\/wp-content\/uploads\/2014\/11\/index-300x78.jpg 300w\" sizes=\"auto, (max-width: 138px) 100vw, 138px\" \/>\u00a0\u00a0\u00a0 <\/a><a href=\"http:\/\/www.vidum.cz\/wp-content\/uploads\/2014\/11\/dd.jpg\"><img loading=\"lazy\" decoding=\"async\" class=\"alignnone wp-image-633\" src=\"http:\/\/www.vidum.cz\/wp-content\/uploads\/2014\/11\/dd.jpg\" alt=\"dd\" width=\"109\" height=\"43\" srcset=\"https:\/\/www.vidum.cz\/wp-content\/uploads\/2014\/11\/dd.jpg 361w, https:\/\/www.vidum.cz\/wp-content\/uploads\/2014\/11\/dd-300x115.jpg 300w\" sizes=\"auto, (max-width: 109px) 100vw, 109px\" \/><\/a><a href=\"http:\/\/www.vidum.cz\/wp-content\/uploads\/2014\/11\/index.jpg\">\u00a0\u00a0\u00a0 <\/a><a href=\"http:\/\/www.vidum.cz\/wp-content\/uploads\/2014\/11\/vs.jpg\"><img loading=\"lazy\" decoding=\"async\" class=\"alignnone wp-image-629\" src=\"http:\/\/www.vidum.cz\/wp-content\/uploads\/2014\/11\/vs.jpg\" alt=\"vs\" width=\"85\" height=\"41\" srcset=\"https:\/\/www.vidum.cz\/wp-content\/uploads\/2014\/11\/vs.jpg 324w, https:\/\/www.vidum.cz\/wp-content\/uploads\/2014\/11\/vs-300x144.jpg 300w\" sizes=\"auto, (max-width: 85px) 100vw, 85px\" \/><\/a><a href=\"http:\/\/www.vidum.cz\/wp-content\/uploads\/2014\/11\/index.jpg\"><br \/>\n<\/a><\/p>\n<p>Dr\u017eitel\u00e9 karet s logem SPHERE mohou nakupovat z kompletn\u00ed nab\u00eddky za <strong>5 % slevu p\u0159i platb\u011b v\u00a0hotovosti !<\/strong><\/p>\n<p>&nbsp;<\/p>\n<p><a href=\"http:\/\/www.vidum.cz\/wp-content\/uploads\/2014\/11\/sphere.png\"><img loading=\"lazy\" decoding=\"async\" class=\"alignnone size-full wp-image-626\" src=\"http:\/\/www.vidum.cz\/wp-content\/uploads\/2014\/11\/sphere.png\" alt=\"sphere\" width=\"139\" height=\"60\" \/><\/a><\/p>\n<p><strong><br \/>\n<\/strong>Pro \u010dleny Klubu pevn\u00e9ho zdrav\u00ed VZP\u00a0<strong>sleva 10% <\/strong>na ve\u0161ker\u00fd sortiment <strong>p\u0159i platb\u011b v\u00a0hotovosti !<\/strong><\/p>\n<p><a href=\"http:\/\/www.vidum.cz\/wp-content\/uploads\/2014\/11\/kkk.jpg\"><img loading=\"lazy\" decoding=\"async\" class=\"alignnone size-full wp-image-625\" src=\"http:\/\/www.vidum.cz\/wp-content\/uploads\/2014\/11\/kkk.jpg\" alt=\"kkk\" width=\"111\" height=\"111\" srcset=\"https:\/\/www.vidum.cz\/wp-content\/uploads\/2014\/11\/kkk.jpg 111w, https:\/\/www.vidum.cz\/wp-content\/uploads\/2014\/11\/kkk-150x150.jpg 150w\" sizes=\"auto, (max-width: 111px) 100vw, 111px\" \/><\/a><\/p>\n<p>K platb\u011b za zbo\u017e\u00ed p\u0159ij\u00edm\u00e1me v\u0161echny druhy zam\u011bstnaneck\u00fdch pouk\u00e1zek a benefit\u016f.\u00a0Pat\u0159\u00ed mezi n\u011b nap\u0159. Vital Pass, Flexi Pass, D\u00e1rkov\u00fd Pass, Uni\u0161ek, Cadhoc, Accor Medica, Accor Multi, Compliments D\u00e1rkov\u00fd, Benefity Plus.<\/p>\n<p>&nbsp;<\/p>\n<p><a href=\"http:\/\/www.vidum.cz\/wp-content\/uploads\/2014\/11\/f.png\"><img loading=\"lazy\" decoding=\"async\" class=\"alignnone wp-image-634\" src=\"http:\/\/www.vidum.cz\/wp-content\/uploads\/2014\/11\/f.png\" alt=\"f\" width=\"79\" height=\"44\" \/><\/a> \u00a0\u00a0 <a href=\"http:\/\/www.vidum.cz\/wp-content\/uploads\/2014\/10\/pas.jpg\"><img loading=\"lazy\" decoding=\"async\" class=\"alignnone wp-image-639\" src=\"http:\/\/www.vidum.cz\/wp-content\/uploads\/2014\/10\/pas.jpg\" alt=\"pas\" width=\"101\" height=\"44\" \/><\/a>\u00a0 <a href=\"http:\/\/www.vidum.cz\/wp-content\/uploads\/2014\/10\/pas2.jpg\"><img loading=\"lazy\" decoding=\"async\" class=\"alignnone wp-image-640\" src=\"http:\/\/www.vidum.cz\/wp-content\/uploads\/2014\/10\/pas2.jpg\" alt=\"pas2\" width=\"108\" height=\"40\" \/><\/a>\u00a0 <a href=\"http:\/\/www.vidum.cz\/wp-content\/uploads\/2014\/11\/unnamed.png\"><img loading=\"lazy\" decoding=\"async\" class=\"alignnone size-full wp-image-628\" src=\"http:\/\/www.vidum.cz\/wp-content\/uploads\/2014\/11\/unnamed.png\" alt=\"unnamed\" width=\"156\" height=\"54\" \/><\/a><\/p>\n<p>&nbsp;<\/p>\n<p><a href=\"http:\/\/www.vidum.cz\/wp-content\/uploads\/2014\/11\/be.png\"><img loading=\"lazy\" decoding=\"async\" class=\"alignnone wp-image-630\" src=\"http:\/\/www.vidum.cz\/wp-content\/uploads\/2014\/11\/be.png\" alt=\"be\" width=\"101\" height=\"27\" \/><\/a> \u00a0\u00a0 <a href=\"http:\/\/www.vidum.cz\/wp-content\/uploads\/2014\/11\/bv.png\"><img loading=\"lazy\" decoding=\"async\" class=\"alignnone wp-image-631\" src=\"http:\/\/www.vidum.cz\/wp-content\/uploads\/2014\/11\/bv.png\" alt=\"bv\" width=\"108\" height=\"27\" \/><\/a>\u00a0 <a href=\"http:\/\/www.vidum.cz\/wp-content\/uploads\/2014\/11\/unnamed.jpg\"><img loading=\"lazy\" decoding=\"async\" class=\"alignnone wp-image-627\" src=\"http:\/\/www.vidum.cz\/wp-content\/uploads\/2014\/11\/unnamed.jpg\" alt=\"unnamed\" width=\"120\" height=\"37\" \/><\/a>\u00a0 <a href=\"http:\/\/www.vidum.cz\/wp-content\/uploads\/2014\/11\/ff.jpg\"><img loading=\"lazy\" decoding=\"async\" class=\"alignnone wp-image-635\" src=\"http:\/\/www.vidum.cz\/wp-content\/uploads\/2014\/11\/ff.jpg\" alt=\"ff\" width=\"114\" height=\"42\" \/><\/a><\/p>\n<hr \/>\n<p><strong>Slevy nelze s\u010d\u00edtat, m\u016f\u017eete si p\u0159i sou\u010dasn\u00e9 platnosti n\u011bkolika slev vybrat pro V\u00e1s tu nejv\u00fdhodn\u011bj\u0161\u00ed !<\/strong><\/p>\n","protected":false},"excerpt":{"rendered":"<p>Pro v\u0161echny poji\u0161t\u011bnce zdravotn\u00edch poji\u0161\u0165oven 111 a 205\u00a0 sleva 5%\u00a0na ve\u0161ker\u00fd sortiment\u00a0p\u0159i platb\u011b v\u00a0hotovosti ! &nbsp; \u00a0\u00a0\u00a0\u00a0 \u00a0\u00a0\u00a0 \u00a0\u00a0\u00a0 Dr\u017eitel\u00e9 karet s logem SPHERE mohou nakupovat z kompletn\u00ed nab\u00eddky za 5 % slevu p\u0159i platb\u011b v\u00a0hotovosti ! &nbsp; Pro \u010dleny Klubu pevn\u00e9ho zdrav\u00ed VZP\u00a0sleva 10% na ve\u0161ker\u00fd sortiment p\u0159i platb\u011b v\u00a0hotovosti ! K platb\u011b za [&hellip;]<\/p>\n","protected":false},"author":1,"featured_media":0,"parent":0,"menu_order":0,"comment_status":"open","ping_status":"open","template":"","meta":{"_monsterinsights_skip_tracking":false,"_monsterinsights_sitenote_active":false,"_monsterinsights_sitenote_note":"","_monsterinsights_sitenote_category":0,"footnotes":""},"class_list":["post-612","page","type-page","status-publish","hentry"],"yoast_head":"<!-- This site is optimized with the Yoast SEO plugin v27.3 - https:\/\/yoast.com\/product\/yoast-seo-wordpress\/ -->\n<title>dlouhodob\u00e9 slevy - vidum<\/title>\n<meta name=\"description\" content=\"O\u010dn\u00ed Centrum Vidum nab\u00edz\u00ed dlouhodob\u00e9 slevy a\u017e 10% pro poji\u0161t\u011bnce zdravotn\u00edch poji\u0161\u0165oven 111 a 205, Dr\u017eitel\u00e9 karet SPHERE a pro \u010dleny Klubu VZP.\" \/>\n<meta name=\"robots\" content=\"index, follow, max-snippet:-1, max-image-preview:large, max-video-preview:-1\" \/>\n<link rel=\"canonical\" href=\"https:\/\/www.vidum.cz\/index.php\/trvale-akce-a-slevy-zpusoby-plateb\/\" \/>\n<meta property=\"og:locale\" content=\"cs_CZ\" \/>\n<meta property=\"og:type\" content=\"article\" \/>\n<meta property=\"og:title\" content=\"dlouhodob\u00e9 slevy - vidum\" \/>\n<meta property=\"og:description\" content=\"O\u010dn\u00ed Centrum Vidum nab\u00edz\u00ed dlouhodob\u00e9 slevy a\u017e 10% pro poji\u0161t\u011bnce zdravotn\u00edch poji\u0161\u0165oven 111 a 205, Dr\u017eitel\u00e9 karet SPHERE a pro \u010dleny Klubu VZP.\" \/>\n<meta property=\"og:url\" content=\"https:\/\/www.vidum.cz\/index.php\/trvale-akce-a-slevy-zpusoby-plateb\/\" \/>\n<meta property=\"og:site_name\" content=\"Vidum\" \/>\n<meta property=\"article:modified_time\" content=\"2018-06-15T07:33:41+00:00\" \/>\n<meta property=\"og:image\" content=\"http:\/\/www.vidum.cz\/wp-content\/uploads\/2014\/11\/index.png\" \/>\n<meta name=\"twitter:label1\" content=\"Odhadovan\u00e1 doba \u010dten\u00ed\" \/>\n\t<meta name=\"twitter:data1\" content=\"1 minuta\" \/>\n<script type=\"application\/ld+json\" class=\"yoast-schema-graph\">{\"@context\":\"https:\\\/\\\/schema.org\",\"@graph\":[{\"@type\":\"WebPage\",\"@id\":\"https:\\\/\\\/www.vidum.cz\\\/index.php\\\/trvale-akce-a-slevy-zpusoby-plateb\\\/\",\"url\":\"https:\\\/\\\/www.vidum.cz\\\/index.php\\\/trvale-akce-a-slevy-zpusoby-plateb\\\/\",\"name\":\"dlouhodob\u00e9 slevy - vidum\",\"isPartOf\":{\"@id\":\"https:\\\/\\\/www.vidum.cz\\\/#website\"},\"primaryImageOfPage\":{\"@id\":\"https:\\\/\\\/www.vidum.cz\\\/index.php\\\/trvale-akce-a-slevy-zpusoby-plateb\\\/#primaryimage\"},\"image\":{\"@id\":\"https:\\\/\\\/www.vidum.cz\\\/index.php\\\/trvale-akce-a-slevy-zpusoby-plateb\\\/#primaryimage\"},\"thumbnailUrl\":\"http:\\\/\\\/www.vidum.cz\\\/wp-content\\\/uploads\\\/2014\\\/11\\\/index.png\",\"datePublished\":\"2014-10-17T13:07:36+00:00\",\"dateModified\":\"2018-06-15T07:33:41+00:00\",\"description\":\"O\u010dn\u00ed Centrum Vidum nab\u00edz\u00ed dlouhodob\u00e9 slevy a\u017e 10% pro poji\u0161t\u011bnce zdravotn\u00edch poji\u0161\u0165oven 111 a 205, Dr\u017eitel\u00e9 karet SPHERE a pro \u010dleny Klubu VZP.\",\"breadcrumb\":{\"@id\":\"https:\\\/\\\/www.vidum.cz\\\/index.php\\\/trvale-akce-a-slevy-zpusoby-plateb\\\/#breadcrumb\"},\"inLanguage\":\"cs\",\"potentialAction\":[{\"@type\":\"ReadAction\",\"target\":[\"https:\\\/\\\/www.vidum.cz\\\/index.php\\\/trvale-akce-a-slevy-zpusoby-plateb\\\/\"]}]},{\"@type\":\"ImageObject\",\"inLanguage\":\"cs\",\"@id\":\"https:\\\/\\\/www.vidum.cz\\\/index.php\\\/trvale-akce-a-slevy-zpusoby-plateb\\\/#primaryimage\",\"url\":\"http:\\\/\\\/www.vidum.cz\\\/wp-content\\\/uploads\\\/2014\\\/11\\\/index.png\",\"contentUrl\":\"http:\\\/\\\/www.vidum.cz\\\/wp-content\\\/uploads\\\/2014\\\/11\\\/index.png\"},{\"@type\":\"BreadcrumbList\",\"@id\":\"https:\\\/\\\/www.vidum.cz\\\/index.php\\\/trvale-akce-a-slevy-zpusoby-plateb\\\/#breadcrumb\",\"itemListElement\":[{\"@type\":\"ListItem\",\"position\":1,\"name\":\"Dom\u016f\",\"item\":\"https:\\\/\\\/www.vidum.cz\\\/\"},{\"@type\":\"ListItem\",\"position\":2,\"name\":\"Dlouhodob\u00e9 slevy\"}]},{\"@type\":\"WebSite\",\"@id\":\"https:\\\/\\\/www.vidum.cz\\\/#website\",\"url\":\"https:\\\/\\\/www.vidum.cz\\\/\",\"name\":\"Vidum\",\"description\":\"O\u010dn\u00ed centrum Vidum\",\"potentialAction\":[{\"@type\":\"SearchAction\",\"target\":{\"@type\":\"EntryPoint\",\"urlTemplate\":\"https:\\\/\\\/www.vidum.cz\\\/?s={search_term_string}\"},\"query-input\":{\"@type\":\"PropertyValueSpecification\",\"valueRequired\":true,\"valueName\":\"search_term_string\"}}],\"inLanguage\":\"cs\"}]}<\/script>\n<!-- \/ Yoast SEO plugin. -->","yoast_head_json":{"title":"dlouhodob\u00e9 slevy - vidum","description":"O\u010dn\u00ed Centrum Vidum nab\u00edz\u00ed dlouhodob\u00e9 slevy a\u017e 10% pro poji\u0161t\u011bnce zdravotn\u00edch poji\u0161\u0165oven 111 a 205, Dr\u017eitel\u00e9 karet SPHERE a pro \u010dleny Klubu VZP.","robots":{"index":"index","follow":"follow","max-snippet":"max-snippet:-1","max-image-preview":"max-image-preview:large","max-video-preview":"max-video-preview:-1"},"canonical":"https:\/\/www.vidum.cz\/index.php\/trvale-akce-a-slevy-zpusoby-plateb\/","og_locale":"cs_CZ","og_type":"article","og_title":"dlouhodob\u00e9 slevy - vidum","og_description":"O\u010dn\u00ed Centrum Vidum nab\u00edz\u00ed dlouhodob\u00e9 slevy a\u017e 10% pro poji\u0161t\u011bnce zdravotn\u00edch poji\u0161\u0165oven 111 a 205, Dr\u017eitel\u00e9 karet SPHERE a pro \u010dleny Klubu VZP.","og_url":"https:\/\/www.vidum.cz\/index.php\/trvale-akce-a-slevy-zpusoby-plateb\/","og_site_name":"Vidum","article_modified_time":"2018-06-15T07:33:41+00:00","og_image":[{"url":"http:\/\/www.vidum.cz\/wp-content\/uploads\/2014\/11\/index.png","type":"","width":"","height":""}],"twitter_misc":{"Odhadovan\u00e1 doba \u010dten\u00ed":"1 minuta"},"schema":{"@context":"https:\/\/schema.org","@graph":[{"@type":"WebPage","@id":"https:\/\/www.vidum.cz\/index.php\/trvale-akce-a-slevy-zpusoby-plateb\/","url":"https:\/\/www.vidum.cz\/index.php\/trvale-akce-a-slevy-zpusoby-plateb\/","name":"dlouhodob\u00e9 slevy - vidum","isPartOf":{"@id":"https:\/\/www.vidum.cz\/#website"},"primaryImageOfPage":{"@id":"https:\/\/www.vidum.cz\/index.php\/trvale-akce-a-slevy-zpusoby-plateb\/#primaryimage"},"image":{"@id":"https:\/\/www.vidum.cz\/index.php\/trvale-akce-a-slevy-zpusoby-plateb\/#primaryimage"},"thumbnailUrl":"http:\/\/www.vidum.cz\/wp-content\/uploads\/2014\/11\/index.png","datePublished":"2014-10-17T13:07:36+00:00","dateModified":"2018-06-15T07:33:41+00:00","description":"O\u010dn\u00ed Centrum Vidum nab\u00edz\u00ed dlouhodob\u00e9 slevy a\u017e 10% pro poji\u0161t\u011bnce zdravotn\u00edch poji\u0161\u0165oven 111 a 205, Dr\u017eitel\u00e9 karet SPHERE a pro \u010dleny Klubu VZP.","breadcrumb":{"@id":"https:\/\/www.vidum.cz\/index.php\/trvale-akce-a-slevy-zpusoby-plateb\/#breadcrumb"},"inLanguage":"cs","potentialAction":[{"@type":"ReadAction","target":["https:\/\/www.vidum.cz\/index.php\/trvale-akce-a-slevy-zpusoby-plateb\/"]}]},{"@type":"ImageObject","inLanguage":"cs","@id":"https:\/\/www.vidum.cz\/index.php\/trvale-akce-a-slevy-zpusoby-plateb\/#primaryimage","url":"http:\/\/www.vidum.cz\/wp-content\/uploads\/2014\/11\/index.png","contentUrl":"http:\/\/www.vidum.cz\/wp-content\/uploads\/2014\/11\/index.png"},{"@type":"BreadcrumbList","@id":"https:\/\/www.vidum.cz\/index.php\/trvale-akce-a-slevy-zpusoby-plateb\/#breadcrumb","itemListElement":[{"@type":"ListItem","position":1,"name":"Dom\u016f","item":"https:\/\/www.vidum.cz\/"},{"@type":"ListItem","position":2,"name":"Dlouhodob\u00e9 slevy"}]},{"@type":"WebSite","@id":"https:\/\/www.vidum.cz\/#website","url":"https:\/\/www.vidum.cz\/","name":"Vidum","description":"O\u010dn\u00ed centrum Vidum","potentialAction":[{"@type":"SearchAction","target":{"@type":"EntryPoint","urlTemplate":"https:\/\/www.vidum.cz\/?s={search_term_string}"},"query-input":{"@type":"PropertyValueSpecification","valueRequired":true,"valueName":"search_term_string"}}],"inLanguage":"cs"}]}},"_links":{"self":[{"href":"https:\/\/www.vidum.cz\/index.php\/wp-json\/wp\/v2\/pages\/612","targetHints":{"allow":["GET"]}}],"collection":[{"href":"https:\/\/www.vidum.cz\/index.php\/wp-json\/wp\/v2\/pages"}],"about":[{"href":"https:\/\/www.vidum.cz\/index.php\/wp-json\/wp\/v2\/types\/page"}],"author":[{"embeddable":true,"href":"https:\/\/www.vidum.cz\/index.php\/wp-json\/wp\/v2\/users\/1"}],"replies":[{"embeddable":true,"href":"https:\/\/www.vidum.cz\/index.php\/wp-json\/wp\/v2\/comments?post=612"}],"version-history":[{"count":6,"href":"https:\/\/www.vidum.cz\/index.php\/wp-json\/wp\/v2\/pages\/612\/revisions"}],"predecessor-version":[{"id":643,"href":"https:\/\/www.vidum.cz\/index.php\/wp-json\/wp\/v2\/pages\/612\/revisions\/643"}],"wp:attachment":[{"href":"https:\/\/www.vidum.cz\/index.php\/wp-json\/wp\/v2\/media?parent=612"}],"curies":[{"name":"wp","href":"https:\/\/api.w.org\/{rel}","templated":true}]}}