{"id":670,"date":"2014-11-19T00:28:09","date_gmt":"2014-11-18T23:28:09","guid":{"rendered":"http:\/\/www.vidum.cz\/?page_id=670"},"modified":"2018-06-15T08:52:27","modified_gmt":"2018-06-15T07:52:27","slug":"virtualni-prohlidka","status":"publish","type":"page","link":"https:\/\/www.vidum.cz\/index.php\/virtualni-prohlidka\/","title":{"rendered":"Virtu\u00e1ln\u00ed prohl\u00eddka"},"content":{"rendered":"<p><code><iframe loading=\"lazy\" width=\"900\" height=\"594\" frameborder=\"0\" scrolling=\"no\" marginheight=\"0\" marginwidth=\"0\" src=\"https:\/\/maps.google.com\/maps?q=O%C4%8Dn%C3%AD+Centrum+Vidum+-+Optika,+Ordinace,+Optometrie,+Zrakov%C3%A1+Terapie,+Doln%C3%AD+n%C3%A1m%C4%9Bst%C3%AD+17,+Opava,+%C4%8Cesk%C3%A1+republika&amp;layer=c&amp;sll=49.939830,17.905398&amp;cid=9009101734877092316&amp;panoid=ixYNDcN_DXYAAAQYfeN0-g&amp;cbp=13,11.18,,0,0&amp;hl=cs&amp;ie=UTF8&amp;hq=&amp;hnear=&amp;t=m&amp;cbll=49.93983,17.905398&amp;source=embed&amp;ll=49.937318,17.906792&amp;spn=0.005441,0.01502&amp;z=16&amp;output=svembed\"><\/iframe><br \/>\n<small><a style=\"color: #0000ff; text-align: left;\" href=\"https:\/\/maps.google.com\/maps?q=O%C4%8Dn%C3%AD+Centrum+Vidum+-+Optika,+Ordinace,+Optometrie,+Zrakov%C3%A1+Terapie,+Doln%C3%AD+n%C3%A1m%C4%9Bst%C3%AD+17,+Opava,+%C4%8Cesk%C3%A1+republika&amp;layer=c&amp;sll=49.939830,17.905398&amp;cid=9009101734877092316&amp;panoid=ixYNDcN_DXYAAAQYfeN0-g&amp;cbp=13,11.18,,0,0&amp;hl=cs&amp;ie=UTF8&amp;hq=&amp;hnear=&amp;t=m&amp;cbll=49.93983,17.905398&amp;source=embed&amp;ll=49.937318,17.906792&amp;spn=0.005441,0.01502&amp;z=16\">Zv\u011bt\u0161it mapu<\/a><\/small><\/code><\/p>\n","protected":false},"excerpt":{"rendered":"<p>Zv\u011bt\u0161it mapu<\/p>\n","protected":false},"author":1,"featured_media":0,"parent":0,"menu_order":0,"comment_status":"open","ping_status":"open","template":"","meta":{"_monsterinsights_skip_tracking":false,"_monsterinsights_sitenote_active":false,"_monsterinsights_sitenote_note":"","_monsterinsights_sitenote_category":0,"footnotes":""},"class_list":["post-670","page","type-page","status-publish","hentry"],"yoast_head":"<!-- This site is optimized with the Yoast SEO plugin v27.3 - https:\/\/yoast.com\/product\/yoast-seo-wordpress\/ -->\n<title>Virtu\u00e1ln\u00ed Prohl\u00eddka | O\u010dn\u00ed Centrum Vidum, Opava<\/title>\n<meta name=\"description\" content=\"Prohl\u00e9dn\u011bte si na\u0161i prodejnu i ordinaci.\" \/>\n<meta name=\"robots\" content=\"index, follow, max-snippet:-1, max-image-preview:large, max-video-preview:-1\" \/>\n<link rel=\"canonical\" href=\"https:\/\/www.vidum.cz\/index.php\/virtualni-prohlidka\/\" \/>\n<meta property=\"og:locale\" content=\"cs_CZ\" \/>\n<meta property=\"og:type\" content=\"article\" \/>\n<meta property=\"og:title\" content=\"Virtu\u00e1ln\u00ed Prohl\u00eddka | O\u010dn\u00ed Centrum Vidum, Opava\" \/>\n<meta property=\"og:description\" content=\"Prohl\u00e9dn\u011bte si na\u0161i prodejnu i ordinaci.\" \/>\n<meta property=\"og:url\" content=\"https:\/\/www.vidum.cz\/index.php\/virtualni-prohlidka\/\" \/>\n<meta property=\"og:site_name\" content=\"Vidum\" \/>\n<meta property=\"article:modified_time\" content=\"2018-06-15T07:52:27+00:00\" \/>\n<script type=\"application\/ld+json\" class=\"yoast-schema-graph\">{\"@context\":\"https:\\\/\\\/schema.org\",\"@graph\":[{\"@type\":\"WebPage\",\"@id\":\"https:\\\/\\\/www.vidum.cz\\\/index.php\\\/virtualni-prohlidka\\\/\",\"url\":\"https:\\\/\\\/www.vidum.cz\\\/index.php\\\/virtualni-prohlidka\\\/\",\"name\":\"Virtu\u00e1ln\u00ed Prohl\u00eddka | O\u010dn\u00ed Centrum Vidum, Opava\",\"isPartOf\":{\"@id\":\"https:\\\/\\\/www.vidum.cz\\\/#website\"},\"datePublished\":\"2014-11-18T23:28:09+00:00\",\"dateModified\":\"2018-06-15T07:52:27+00:00\",\"description\":\"Prohl\u00e9dn\u011bte si na\u0161i prodejnu i ordinaci.\",\"breadcrumb\":{\"@id\":\"https:\\\/\\\/www.vidum.cz\\\/index.php\\\/virtualni-prohlidka\\\/#breadcrumb\"},\"inLanguage\":\"cs\",\"potentialAction\":[{\"@type\":\"ReadAction\",\"target\":[\"https:\\\/\\\/www.vidum.cz\\\/index.php\\\/virtualni-prohlidka\\\/\"]}]},{\"@type\":\"BreadcrumbList\",\"@id\":\"https:\\\/\\\/www.vidum.cz\\\/index.php\\\/virtualni-prohlidka\\\/#breadcrumb\",\"itemListElement\":[{\"@type\":\"ListItem\",\"position\":1,\"name\":\"Dom\u016f\",\"item\":\"https:\\\/\\\/www.vidum.cz\\\/\"},{\"@type\":\"ListItem\",\"position\":2,\"name\":\"Virtu\u00e1ln\u00ed prohl\u00eddka\"}]},{\"@type\":\"WebSite\",\"@id\":\"https:\\\/\\\/www.vidum.cz\\\/#website\",\"url\":\"https:\\\/\\\/www.vidum.cz\\\/\",\"name\":\"Vidum\",\"description\":\"O\u010dn\u00ed centrum Vidum\",\"potentialAction\":[{\"@type\":\"SearchAction\",\"target\":{\"@type\":\"EntryPoint\",\"urlTemplate\":\"https:\\\/\\\/www.vidum.cz\\\/?s={search_term_string}\"},\"query-input\":{\"@type\":\"PropertyValueSpecification\",\"valueRequired\":true,\"valueName\":\"search_term_string\"}}],\"inLanguage\":\"cs\"}]}<\/script>\n<!-- \/ Yoast SEO plugin. -->","yoast_head_json":{"title":"Virtu\u00e1ln\u00ed Prohl\u00eddka | O\u010dn\u00ed Centrum Vidum, Opava","description":"Prohl\u00e9dn\u011bte si na\u0161i prodejnu i ordinaci.","robots":{"index":"index","follow":"follow","max-snippet":"max-snippet:-1","max-image-preview":"max-image-preview:large","max-video-preview":"max-video-preview:-1"},"canonical":"https:\/\/www.vidum.cz\/index.php\/virtualni-prohlidka\/","og_locale":"cs_CZ","og_type":"article","og_title":"Virtu\u00e1ln\u00ed Prohl\u00eddka | O\u010dn\u00ed Centrum Vidum, Opava","og_description":"Prohl\u00e9dn\u011bte si na\u0161i prodejnu i ordinaci.","og_url":"https:\/\/www.vidum.cz\/index.php\/virtualni-prohlidka\/","og_site_name":"Vidum","article_modified_time":"2018-06-15T07:52:27+00:00","schema":{"@context":"https:\/\/schema.org","@graph":[{"@type":"WebPage","@id":"https:\/\/www.vidum.cz\/index.php\/virtualni-prohlidka\/","url":"https:\/\/www.vidum.cz\/index.php\/virtualni-prohlidka\/","name":"Virtu\u00e1ln\u00ed Prohl\u00eddka | O\u010dn\u00ed Centrum Vidum, Opava","isPartOf":{"@id":"https:\/\/www.vidum.cz\/#website"},"datePublished":"2014-11-18T23:28:09+00:00","dateModified":"2018-06-15T07:52:27+00:00","description":"Prohl\u00e9dn\u011bte si na\u0161i prodejnu i ordinaci.","breadcrumb":{"@id":"https:\/\/www.vidum.cz\/index.php\/virtualni-prohlidka\/#breadcrumb"},"inLanguage":"cs","potentialAction":[{"@type":"ReadAction","target":["https:\/\/www.vidum.cz\/index.php\/virtualni-prohlidka\/"]}]},{"@type":"BreadcrumbList","@id":"https:\/\/www.vidum.cz\/index.php\/virtualni-prohlidka\/#breadcrumb","itemListElement":[{"@type":"ListItem","position":1,"name":"Dom\u016f","item":"https:\/\/www.vidum.cz\/"},{"@type":"ListItem","position":2,"name":"Virtu\u00e1ln\u00ed prohl\u00eddka"}]},{"@type":"WebSite","@id":"https:\/\/www.vidum.cz\/#website","url":"https:\/\/www.vidum.cz\/","name":"Vidum","description":"O\u010dn\u00ed centrum Vidum","potentialAction":[{"@type":"SearchAction","target":{"@type":"EntryPoint","urlTemplate":"https:\/\/www.vidum.cz\/?s={search_term_string}"},"query-input":{"@type":"PropertyValueSpecification","valueRequired":true,"valueName":"search_term_string"}}],"inLanguage":"cs"}]}},"_links":{"self":[{"href":"https:\/\/www.vidum.cz\/index.php\/wp-json\/wp\/v2\/pages\/670","targetHints":{"allow":["GET"]}}],"collection":[{"href":"https:\/\/www.vidum.cz\/index.php\/wp-json\/wp\/v2\/pages"}],"about":[{"href":"https:\/\/www.vidum.cz\/index.php\/wp-json\/wp\/v2\/types\/page"}],"author":[{"embeddable":true,"href":"https:\/\/www.vidum.cz\/index.php\/wp-json\/wp\/v2\/users\/1"}],"replies":[{"embeddable":true,"href":"https:\/\/www.vidum.cz\/index.php\/wp-json\/wp\/v2\/comments?post=670"}],"version-history":[{"count":7,"href":"https:\/\/www.vidum.cz\/index.php\/wp-json\/wp\/v2\/pages\/670\/revisions"}],"predecessor-version":[{"id":972,"href":"https:\/\/www.vidum.cz\/index.php\/wp-json\/wp\/v2\/pages\/670\/revisions\/972"}],"wp:attachment":[{"href":"https:\/\/www.vidum.cz\/index.php\/wp-json\/wp\/v2\/media?parent=670"}],"curies":[{"name":"wp","href":"https:\/\/api.w.org\/{rel}","templated":true}]}}