{"id":927,"date":"2016-10-24T13:33:22","date_gmt":"2016-10-24T12:33:22","guid":{"rendered":"http:\/\/www.vidum.cz\/?page_id=927"},"modified":"2018-06-15T09:15:06","modified_gmt":"2018-06-15T08:15:06","slug":"opticke-pomucky-a-lupy","status":"publish","type":"page","link":"https:\/\/www.vidum.cz\/index.php\/opticke-pomucky-a-lupy\/","title":{"rendered":"Optick\u00e9 pom\u016fcky a lupy"},"content":{"rendered":"<p>Zrakov\u00e1 nedostate\u010dnost nebo slabozrakost zp\u016fsobuje omezenou schopnost z\u00edskat pot\u0159ebnou informaci. Proto v\u0161echny kompenza\u010dn\u00ed pom\u016fcky pro u\u017eivatele s t\u011b\u017ek\u00fdm zrakov\u00fdm posti\u017een\u00edm slou\u017e\u00ed ke zp\u0159\u00edstupn\u011bn\u00ed nebo poskytnut\u00ed informace. Kompenza\u010dn\u00ed pom\u016fcky pro zrakov\u011b posti\u017een\u00e9 jsou koncipov\u00e1ny tak, aby umo\u017e\u0148ovaly zv\u011bt\u0161en\u00ed p\u0159edlohy, zlep\u0161en\u00ed kontrastu, p\u0159\u00edpadn\u011b nastaven\u00ed barev a\u00a0 poskytovaly po\u017eadovan\u00e9 informace alternativn\u00edm zp\u016fsobem s vyu\u017eit\u00edm dvou dal\u0161\u00edch smysl\u016f \u2013 hmatu a sluchu. Pom\u016fcky pro zrakov\u011b posti\u017een\u00e9 lze tedy \u010dlenit na pom\u016fcky optick\u00e9, optoelektronick\u00e9, pom\u016fcky poskytuj\u00edc\u00ed hmatov\u00fd, hlasov\u00fd, zvukov\u00fd \u010di akustick\u00fd vjem. Podle zp\u016fsobu pou\u017eit\u00ed rozli\u0161ujeme pom\u016fcky samostatn\u00e9 nebo p\u0159\u00eddavn\u00e9, p\u0159enosn\u00e9 a nep\u0159enosn\u00e9.<\/p>\n<p>Kompenza\u010dn\u00ed pom\u016fcky samy o sob\u011b v\u0161ak sv\u00e9mu u\u017eivateli nebudou dob\u0159e slou\u017eit, pokud se jejich u\u017eivatel\u00e9 nenau\u010d\u00ed v pln\u00e9 m\u00ed\u0159e vyu\u017e\u00edvat v\u0161echny funkce, kter\u00e9 pom\u016fcky umo\u017e\u0148uj\u00ed a nab\u00edzej\u00ed, a nepoznaj\u00ed \u00fa\u010del, ke kter\u00e9mu byly sestaveny. Ned\u00edlnou a velmi d\u016fle\u017eitou sou\u010d\u00e1st\u00ed mnoha kompenza\u010dn\u00edch pom\u016fcek je nejen sezn\u00e1men\u00ed, odzkou\u0161en\u00ed a p\u0159\u00edpadn\u00fd n\u00e1cvik pr\u00e1ce s pom\u016fckou, ale tak\u00e9 osvojen\u00ed si speci\u00e1ln\u00edch postup\u016f, p\u0159i kter\u00fdch se pom\u016fcky vyu\u017e\u00edvaj\u00ed. Tyto postupy lze s\u00a0u\u017eivatelem v\u00a0na\u0161em O\u010dn\u00edm centru VIDUM vyzkou\u0161et a nacvi\u010dit.<\/p>\n<p>Na optick\u00e9 pom\u016fcky p\u0159isp\u00edvaj\u00ed ur\u010ditou \u010d\u00e1st jak zdravotn\u00ed poji\u0161\u0165ovny, tak i soci\u00e1ln\u00ed \u00fa\u0159ady.<\/p>\n<p>Nab\u00edz\u00edme<\/p>\n<ul>\n<li>Lupy<\/li>\n<li>Optick\u00e9 syst\u00e9my<\/li>\n<li>Filtrov\u00e9 br\u00fdle<\/li>\n<li>Kamerov\u00e9 lupy p\u0159enosn\u00e9 i nep\u0159enosn\u00e9<\/li>\n<li>Speci\u00e1ln\u00ed v\u00fdpo\u010detn\u00ed techniku a telefony pro slabozrak\u00e9<\/li>\n<\/ul>\n<p><a href=\"http:\/\/vidum.cz\/wp-content\/uploads\/katalog_lupy.pdf\">St\u00e1hn\u011bte si katalog Vidum Lupy 2016 ve form\u00e1tu PDF<\/a><\/p>\n<p>&nbsp;<\/p>\n<p>&nbsp;<\/p>\n<p><a href=\"http:\/\/www.vidum.cz\/wp-content\/uploads\/2016\/10\/lupy1.jpg\"><img loading=\"lazy\" decoding=\"async\" class=\" wp-image-945 alignleft\" src=\"http:\/\/www.vidum.cz\/wp-content\/uploads\/2016\/10\/lupy1.jpg\" alt=\"lupy1\" width=\"139\" height=\"191\" srcset=\"https:\/\/www.vidum.cz\/wp-content\/uploads\/2016\/10\/lupy1.jpg 224w, https:\/\/www.vidum.cz\/wp-content\/uploads\/2016\/10\/lupy1-218x300.jpg 218w\" sizes=\"auto, (max-width: 139px) 100vw, 139px\" \/><\/a> <a href=\"http:\/\/www.vidum.cz\/wp-content\/uploads\/2016\/10\/lupy2.jpg\"><img loading=\"lazy\" decoding=\"async\" class=\"size-full wp-image-946 alignleft\" src=\"http:\/\/www.vidum.cz\/wp-content\/uploads\/2016\/10\/lupy2.jpg\" alt=\"lupy2\" width=\"232\" height=\"170\" \/><\/a> <a href=\"http:\/\/www.vidum.cz\/wp-content\/uploads\/2016\/10\/lupy3.jpg\"><img loading=\"lazy\" decoding=\"async\" class=\"size-full wp-image-947 alignleft\" src=\"http:\/\/www.vidum.cz\/wp-content\/uploads\/2016\/10\/lupy3.jpg\" alt=\"lupy3\" width=\"338\" height=\"225\" srcset=\"https:\/\/www.vidum.cz\/wp-content\/uploads\/2016\/10\/lupy3.jpg 338w, https:\/\/www.vidum.cz\/wp-content\/uploads\/2016\/10\/lupy3-300x200.jpg 300w\" sizes=\"auto, (max-width: 338px) 100vw, 338px\" \/><\/a> <a href=\"http:\/\/www.vidum.cz\/wp-content\/uploads\/2016\/10\/lupy4.jpg\"><img loading=\"lazy\" decoding=\"async\" class=\" wp-image-948 alignleft\" src=\"http:\/\/www.vidum.cz\/wp-content\/uploads\/2016\/10\/lupy4.jpg\" alt=\"lupy4\" width=\"156\" height=\"208\" \/><\/a><\/p>\n<p>&nbsp;<\/p>\n<p>&nbsp;<\/p>\n<p>&nbsp;<\/p>\n<p>&nbsp;<\/p>\n<p>&nbsp;<\/p>\n<p>&nbsp;<\/p>\n<p>&nbsp;<\/p>\n<p>&nbsp;<\/p>\n<p>&nbsp;<\/p>\n<p>&nbsp;<\/p>\n","protected":false},"excerpt":{"rendered":"<p>Zrakov\u00e1 nedostate\u010dnost nebo slabozrakost zp\u016fsobuje omezenou schopnost z\u00edskat pot\u0159ebnou informaci. Proto v\u0161echny kompenza\u010dn\u00ed pom\u016fcky pro u\u017eivatele s t\u011b\u017ek\u00fdm zrakov\u00fdm posti\u017een\u00edm slou\u017e\u00ed ke zp\u0159\u00edstupn\u011bn\u00ed nebo poskytnut\u00ed informace. Kompenza\u010dn\u00ed pom\u016fcky pro zrakov\u011b posti\u017een\u00e9 jsou koncipov\u00e1ny tak, aby umo\u017e\u0148ovaly zv\u011bt\u0161en\u00ed p\u0159edlohy, zlep\u0161en\u00ed kontrastu, p\u0159\u00edpadn\u011b nastaven\u00ed barev a\u00a0 poskytovaly po\u017eadovan\u00e9 informace alternativn\u00edm zp\u016fsobem s vyu\u017eit\u00edm dvou dal\u0161\u00edch smysl\u016f \u2013 [&hellip;]<\/p>\n","protected":false},"author":1,"featured_media":0,"parent":0,"menu_order":5,"comment_status":"closed","ping_status":"closed","template":"","meta":{"_monsterinsights_skip_tracking":false,"_monsterinsights_sitenote_active":false,"_monsterinsights_sitenote_note":"","_monsterinsights_sitenote_category":0,"footnotes":""},"class_list":["post-927","page","type-page","status-publish","hentry"],"yoast_head":"<!-- This site is optimized with the Yoast SEO plugin v27.3 - https:\/\/yoast.com\/product\/yoast-seo-wordpress\/ -->\n<title>Optick\u00e9 Pom\u016fcky A Lupy V Opav\u011b | O\u010dn\u00ed Centrum Vidum<\/title>\n<meta name=\"description\" content=\"Kompenza\u010dn\u00ed pom\u016fcky pro zrakov\u011b posti\u017een\u00e9 jsou koncipov\u00e1ny tak, aby umo\u017e\u0148ovaly zv\u011bt\u0161en\u00ed p\u0159edlohy, zlep\u0161en\u00ed kontrastu, a p\u0159\u00edpadn\u011b nastaven\u00ed barev.\" \/>\n<meta name=\"robots\" content=\"index, follow, max-snippet:-1, max-image-preview:large, max-video-preview:-1\" \/>\n<link rel=\"canonical\" href=\"https:\/\/www.vidum.cz\/index.php\/opticke-pomucky-a-lupy\/\" \/>\n<meta property=\"og:locale\" content=\"cs_CZ\" \/>\n<meta property=\"og:type\" content=\"article\" \/>\n<meta property=\"og:title\" content=\"Optick\u00e9 Pom\u016fcky A Lupy V Opav\u011b | O\u010dn\u00ed Centrum Vidum\" \/>\n<meta property=\"og:description\" content=\"Kompenza\u010dn\u00ed pom\u016fcky pro zrakov\u011b posti\u017een\u00e9 jsou koncipov\u00e1ny tak, aby umo\u017e\u0148ovaly zv\u011bt\u0161en\u00ed p\u0159edlohy, zlep\u0161en\u00ed kontrastu, a p\u0159\u00edpadn\u011b nastaven\u00ed barev.\" \/>\n<meta property=\"og:url\" content=\"https:\/\/www.vidum.cz\/index.php\/opticke-pomucky-a-lupy\/\" \/>\n<meta property=\"og:site_name\" content=\"Vidum\" \/>\n<meta property=\"article:modified_time\" content=\"2018-06-15T08:15:06+00:00\" \/>\n<meta property=\"og:image\" content=\"http:\/\/www.vidum.cz\/wp-content\/uploads\/2016\/10\/lupy1.jpg\" \/>\n<meta name=\"twitter:label1\" content=\"Odhadovan\u00e1 doba \u010dten\u00ed\" \/>\n\t<meta name=\"twitter:data1\" content=\"2 minuty\" \/>\n<script type=\"application\/ld+json\" class=\"yoast-schema-graph\">{\"@context\":\"https:\\\/\\\/schema.org\",\"@graph\":[{\"@type\":\"WebPage\",\"@id\":\"https:\\\/\\\/www.vidum.cz\\\/index.php\\\/opticke-pomucky-a-lupy\\\/\",\"url\":\"https:\\\/\\\/www.vidum.cz\\\/index.php\\\/opticke-pomucky-a-lupy\\\/\",\"name\":\"Optick\u00e9 Pom\u016fcky A Lupy V Opav\u011b | O\u010dn\u00ed Centrum Vidum\",\"isPartOf\":{\"@id\":\"https:\\\/\\\/www.vidum.cz\\\/#website\"},\"primaryImageOfPage\":{\"@id\":\"https:\\\/\\\/www.vidum.cz\\\/index.php\\\/opticke-pomucky-a-lupy\\\/#primaryimage\"},\"image\":{\"@id\":\"https:\\\/\\\/www.vidum.cz\\\/index.php\\\/opticke-pomucky-a-lupy\\\/#primaryimage\"},\"thumbnailUrl\":\"http:\\\/\\\/www.vidum.cz\\\/wp-content\\\/uploads\\\/2016\\\/10\\\/lupy1.jpg\",\"datePublished\":\"2016-10-24T12:33:22+00:00\",\"dateModified\":\"2018-06-15T08:15:06+00:00\",\"description\":\"Kompenza\u010dn\u00ed pom\u016fcky pro zrakov\u011b posti\u017een\u00e9 jsou koncipov\u00e1ny tak, aby umo\u017e\u0148ovaly zv\u011bt\u0161en\u00ed p\u0159edlohy, zlep\u0161en\u00ed kontrastu, a p\u0159\u00edpadn\u011b nastaven\u00ed barev.\",\"breadcrumb\":{\"@id\":\"https:\\\/\\\/www.vidum.cz\\\/index.php\\\/opticke-pomucky-a-lupy\\\/#breadcrumb\"},\"inLanguage\":\"cs\",\"potentialAction\":[{\"@type\":\"ReadAction\",\"target\":[\"https:\\\/\\\/www.vidum.cz\\\/index.php\\\/opticke-pomucky-a-lupy\\\/\"]}]},{\"@type\":\"ImageObject\",\"inLanguage\":\"cs\",\"@id\":\"https:\\\/\\\/www.vidum.cz\\\/index.php\\\/opticke-pomucky-a-lupy\\\/#primaryimage\",\"url\":\"http:\\\/\\\/www.vidum.cz\\\/wp-content\\\/uploads\\\/2016\\\/10\\\/lupy1.jpg\",\"contentUrl\":\"http:\\\/\\\/www.vidum.cz\\\/wp-content\\\/uploads\\\/2016\\\/10\\\/lupy1.jpg\"},{\"@type\":\"BreadcrumbList\",\"@id\":\"https:\\\/\\\/www.vidum.cz\\\/index.php\\\/opticke-pomucky-a-lupy\\\/#breadcrumb\",\"itemListElement\":[{\"@type\":\"ListItem\",\"position\":1,\"name\":\"Dom\u016f\",\"item\":\"https:\\\/\\\/www.vidum.cz\\\/\"},{\"@type\":\"ListItem\",\"position\":2,\"name\":\"Optick\u00e9 pom\u016fcky a lupy\"}]},{\"@type\":\"WebSite\",\"@id\":\"https:\\\/\\\/www.vidum.cz\\\/#website\",\"url\":\"https:\\\/\\\/www.vidum.cz\\\/\",\"name\":\"Vidum\",\"description\":\"O\u010dn\u00ed centrum Vidum\",\"potentialAction\":[{\"@type\":\"SearchAction\",\"target\":{\"@type\":\"EntryPoint\",\"urlTemplate\":\"https:\\\/\\\/www.vidum.cz\\\/?s={search_term_string}\"},\"query-input\":{\"@type\":\"PropertyValueSpecification\",\"valueRequired\":true,\"valueName\":\"search_term_string\"}}],\"inLanguage\":\"cs\"}]}<\/script>\n<!-- \/ Yoast SEO plugin. -->","yoast_head_json":{"title":"Optick\u00e9 Pom\u016fcky A Lupy V Opav\u011b | O\u010dn\u00ed Centrum Vidum","description":"Kompenza\u010dn\u00ed pom\u016fcky pro zrakov\u011b posti\u017een\u00e9 jsou koncipov\u00e1ny tak, aby umo\u017e\u0148ovaly zv\u011bt\u0161en\u00ed p\u0159edlohy, zlep\u0161en\u00ed kontrastu, a p\u0159\u00edpadn\u011b nastaven\u00ed barev.","robots":{"index":"index","follow":"follow","max-snippet":"max-snippet:-1","max-image-preview":"max-image-preview:large","max-video-preview":"max-video-preview:-1"},"canonical":"https:\/\/www.vidum.cz\/index.php\/opticke-pomucky-a-lupy\/","og_locale":"cs_CZ","og_type":"article","og_title":"Optick\u00e9 Pom\u016fcky A Lupy V Opav\u011b | O\u010dn\u00ed Centrum Vidum","og_description":"Kompenza\u010dn\u00ed pom\u016fcky pro zrakov\u011b posti\u017een\u00e9 jsou koncipov\u00e1ny tak, aby umo\u017e\u0148ovaly zv\u011bt\u0161en\u00ed p\u0159edlohy, zlep\u0161en\u00ed kontrastu, a p\u0159\u00edpadn\u011b nastaven\u00ed barev.","og_url":"https:\/\/www.vidum.cz\/index.php\/opticke-pomucky-a-lupy\/","og_site_name":"Vidum","article_modified_time":"2018-06-15T08:15:06+00:00","og_image":[{"url":"http:\/\/www.vidum.cz\/wp-content\/uploads\/2016\/10\/lupy1.jpg","type":"","width":"","height":""}],"twitter_misc":{"Odhadovan\u00e1 doba \u010dten\u00ed":"2 minuty"},"schema":{"@context":"https:\/\/schema.org","@graph":[{"@type":"WebPage","@id":"https:\/\/www.vidum.cz\/index.php\/opticke-pomucky-a-lupy\/","url":"https:\/\/www.vidum.cz\/index.php\/opticke-pomucky-a-lupy\/","name":"Optick\u00e9 Pom\u016fcky A Lupy V Opav\u011b | O\u010dn\u00ed Centrum Vidum","isPartOf":{"@id":"https:\/\/www.vidum.cz\/#website"},"primaryImageOfPage":{"@id":"https:\/\/www.vidum.cz\/index.php\/opticke-pomucky-a-lupy\/#primaryimage"},"image":{"@id":"https:\/\/www.vidum.cz\/index.php\/opticke-pomucky-a-lupy\/#primaryimage"},"thumbnailUrl":"http:\/\/www.vidum.cz\/wp-content\/uploads\/2016\/10\/lupy1.jpg","datePublished":"2016-10-24T12:33:22+00:00","dateModified":"2018-06-15T08:15:06+00:00","description":"Kompenza\u010dn\u00ed pom\u016fcky pro zrakov\u011b posti\u017een\u00e9 jsou koncipov\u00e1ny tak, aby umo\u017e\u0148ovaly zv\u011bt\u0161en\u00ed p\u0159edlohy, zlep\u0161en\u00ed kontrastu, a p\u0159\u00edpadn\u011b nastaven\u00ed barev.","breadcrumb":{"@id":"https:\/\/www.vidum.cz\/index.php\/opticke-pomucky-a-lupy\/#breadcrumb"},"inLanguage":"cs","potentialAction":[{"@type":"ReadAction","target":["https:\/\/www.vidum.cz\/index.php\/opticke-pomucky-a-lupy\/"]}]},{"@type":"ImageObject","inLanguage":"cs","@id":"https:\/\/www.vidum.cz\/index.php\/opticke-pomucky-a-lupy\/#primaryimage","url":"http:\/\/www.vidum.cz\/wp-content\/uploads\/2016\/10\/lupy1.jpg","contentUrl":"http:\/\/www.vidum.cz\/wp-content\/uploads\/2016\/10\/lupy1.jpg"},{"@type":"BreadcrumbList","@id":"https:\/\/www.vidum.cz\/index.php\/opticke-pomucky-a-lupy\/#breadcrumb","itemListElement":[{"@type":"ListItem","position":1,"name":"Dom\u016f","item":"https:\/\/www.vidum.cz\/"},{"@type":"ListItem","position":2,"name":"Optick\u00e9 pom\u016fcky a lupy"}]},{"@type":"WebSite","@id":"https:\/\/www.vidum.cz\/#website","url":"https:\/\/www.vidum.cz\/","name":"Vidum","description":"O\u010dn\u00ed centrum Vidum","potentialAction":[{"@type":"SearchAction","target":{"@type":"EntryPoint","urlTemplate":"https:\/\/www.vidum.cz\/?s={search_term_string}"},"query-input":{"@type":"PropertyValueSpecification","valueRequired":true,"valueName":"search_term_string"}}],"inLanguage":"cs"}]}},"_links":{"self":[{"href":"https:\/\/www.vidum.cz\/index.php\/wp-json\/wp\/v2\/pages\/927","targetHints":{"allow":["GET"]}}],"collection":[{"href":"https:\/\/www.vidum.cz\/index.php\/wp-json\/wp\/v2\/pages"}],"about":[{"href":"https:\/\/www.vidum.cz\/index.php\/wp-json\/wp\/v2\/types\/page"}],"author":[{"embeddable":true,"href":"https:\/\/www.vidum.cz\/index.php\/wp-json\/wp\/v2\/users\/1"}],"replies":[{"embeddable":true,"href":"https:\/\/www.vidum.cz\/index.php\/wp-json\/wp\/v2\/comments?post=927"}],"version-history":[{"count":6,"href":"https:\/\/www.vidum.cz\/index.php\/wp-json\/wp\/v2\/pages\/927\/revisions"}],"predecessor-version":[{"id":959,"href":"https:\/\/www.vidum.cz\/index.php\/wp-json\/wp\/v2\/pages\/927\/revisions\/959"}],"wp:attachment":[{"href":"https:\/\/www.vidum.cz\/index.php\/wp-json\/wp\/v2\/media?parent=927"}],"curies":[{"name":"wp","href":"https:\/\/api.w.org\/{rel}","templated":true}]}}