{"id":933,"date":"2016-10-26T13:19:55","date_gmt":"2016-10-26T12:19:55","guid":{"rendered":"http:\/\/www.vidum.cz\/?page_id=933"},"modified":"2018-06-15T08:34:26","modified_gmt":"2018-06-15T07:34:26","slug":"dneye-scanner","status":"publish","type":"page","link":"https:\/\/www.vidum.cz\/index.php\/dneye-scanner\/","title":{"rendered":"DNEye Scanner"},"content":{"rendered":"<p>Sou\u010dasn\u00e1 doba je charakteristick\u00e1 vysokou zrakovou z\u00e1t\u011b\u017e\u00ed. To sebou p\u0159in\u00e1\u0161\u00ed stoupaj\u00edc\u00ed n\u00e1roky na dobrou diagnostiku a p\u0159esnou korekci.<\/p>\n<p>DNEye Scanner p\u0159edstavuje sou\u010dasn\u00fd vrchol v mo\u017enostech diagnostiky optick\u00e9ho syst\u00e9mu oka a n\u00e1sledn\u011b i v\u00fdroby individu\u00e1ln\u011b p\u0159izp\u016fsoben\u00fdch br\u00fdlov\u00fdch \u010do\u010dek. Data z\u00edskan\u00e1 t\u00edmto p\u0159\u00edstrojem jsme schopni jako jedin\u00ed ve spolupr\u00e1ci s n\u011bmeckou firmou Rodenstock zapracovat do v\u00fdpo\u010dtu br\u00fdlov\u00fdch \u010do\u010dek tak, aby v ka\u017ed\u00e9m, i okrajov\u00e9m m\u00edst\u011b br\u00fdlov\u00e9 \u010do\u010dky bylo maxim\u00e1ln\u011b mo\u017en\u00e9 ostr\u00e9 a kvalitn\u00ed zobrazen\u00ed odpov\u00eddaj\u00edc\u00ed nam\u011b\u0159en\u00fdm hodnot\u00e1m. V\u00fdhody se na\u0161im z\u00e1kazn\u00edk\u016fm projev\u00ed jak v jednoohniskov\u00fdch \u010do\u010dk\u00e1ch na jednu vzd\u00e1lenost, tak hlavn\u011b u\u017eivatel\u016fm multifok\u00e1ln\u00edch (progresivn\u00edch) \u010do\u010dek, kter\u00fdm se maxim\u00e1ln\u011b roz\u0161\u00ed\u0159\u00ed perifern\u00ed z\u00f3na vid\u011bn\u00ed a t\u00edm zv\u00fd\u0161\u00ed i komfort ka\u017edodenn\u00edho u\u017e\u00edv\u00e1n\u00ed. Na rozd\u00edl od b\u011b\u017en\u00fdch m\u011b\u0159ic\u00edch p\u0159\u00edstroj\u016f zaznamen\u00e1v\u00e1 DNEye<sup>\u00ae<\/sup>\u00a0Scanner nejenom aberace ni\u017e\u0161\u00edho \u0159\u00e1du, jako sf\u00e9rickou, cylindrickou a\u00a0osovou, dok\u00e1\u017ee zm\u011b\u0159it rovn\u011b\u017e aberace vy\u0161\u0161\u00edho \u0159\u00e1du, kter\u00e9 jsou nap\u0159\u00edklad p\u0159\u00ed\u010dinou ni\u017e\u0161\u00edho kontrastu a\u00a0\u0161patn\u00e9ho vid\u011bn\u00ed za \u0161era.<\/p>\n<p>&nbsp;<\/p>\n<p><a href=\"http:\/\/www.vidum.cz\/wp-content\/uploads\/2016\/10\/Text-DNEye.jpg\" target=\"_blank\"><img loading=\"lazy\" decoding=\"async\" class=\"aligncenter wp-image-939\" src=\"http:\/\/www.vidum.cz\/wp-content\/uploads\/2016\/10\/Text-DNEye.jpg\" alt=\"text-dneye\" width=\"513\" height=\"342\" srcset=\"https:\/\/www.vidum.cz\/wp-content\/uploads\/2016\/10\/Text-DNEye.jpg 1047w, https:\/\/www.vidum.cz\/wp-content\/uploads\/2016\/10\/Text-DNEye-300x200.jpg 300w, https:\/\/www.vidum.cz\/wp-content\/uploads\/2016\/10\/Text-DNEye-768x512.jpg 768w, https:\/\/www.vidum.cz\/wp-content\/uploads\/2016\/10\/Text-DNEye-1024x683.jpg 1024w\" sizes=\"auto, (max-width: 513px) 100vw, 513px\" \/><\/a><\/p>\n<p>&nbsp;<\/p>\n<p>Na z\u00e1klad\u011b v\u00fdstup\u016f z\u00a0m\u011b\u0159ic\u00edho syst\u00e9mu spole\u010dn\u011b s\u00a0informac\u00ed o\u00a0subjektivn\u00edm testu zrakov\u00e9 ostrosti vyrob\u00edme dokonal\u00e9 br\u00fdle, kter\u00e9 budou ide\u00e1ln\u011b ve v\u0161ech ohledech vyhovovat va\u0161im o\u010d\u00edm. D\u00edky technologii DNEye<sup>\u00ae<\/sup>\u00a0v\u00e1m takov\u00e9 br\u00fdle umo\u017en\u00ed vyu\u017e\u00edt potenci\u00e1l va\u0161eho zraku na 100\u00a0%. V\u00fdsledkem jsou nejrozs\u00e1hlej\u0161\u00ed oblasti ostr\u00e9ho vid\u011bn\u00ed a\u00a0vysok\u00fd zrakov\u00fd kontrast i\u00a0za \u0161patn\u00fdch sv\u011bteln\u00fdch podm\u00ednek.<\/p>\n<p>Lze \u0159\u00edci, \u017ee jde o\u00a0zcela nov\u00fd zrakov\u00fd vjem, jak\u00fd nikdy d\u0159\u00edve neexistoval.<\/p>\n<p>&nbsp;<\/p>\n<p>Shrnuto:<\/p>\n<ul>\n<li>Individu\u00e1ln\u011b optimalizov\u00e1no pro 100 % vyu\u017eit\u00ed Va\u0161eho zraku<\/li>\n<li>zaji\u0161t\u011bna maxim\u00e1ln\u00ed ostrost a kontrast, zvl\u00e1\u0161t\u011b za \u0161era<\/li>\n<li>maxim\u00e1ln\u00ed pohodl\u00ed a\u00a0okam\u017eit\u00e1 adaptace na nov\u00e9 br\u00fdle<\/li>\n<li>neoceniteln\u00fd p\u0159\u00ednos pro u\u017eivatele multifok\u00e1ln\u00edch, ale i jednoohniskov\u00fdch br\u00fdl\u00ed<\/li>\n<\/ul>\n","protected":false},"excerpt":{"rendered":"<p>Sou\u010dasn\u00e1 doba je charakteristick\u00e1 vysokou zrakovou z\u00e1t\u011b\u017e\u00ed. To sebou p\u0159in\u00e1\u0161\u00ed stoupaj\u00edc\u00ed n\u00e1roky na dobrou diagnostiku a p\u0159esnou korekci. DNEye Scanner p\u0159edstavuje sou\u010dasn\u00fd vrchol v mo\u017enostech diagnostiky optick\u00e9ho syst\u00e9mu oka a n\u00e1sledn\u011b i v\u00fdroby individu\u00e1ln\u011b p\u0159izp\u016fsoben\u00fdch br\u00fdlov\u00fdch \u010do\u010dek. Data z\u00edskan\u00e1 t\u00edmto p\u0159\u00edstrojem jsme schopni jako jedin\u00ed ve spolupr\u00e1ci s n\u011bmeckou firmou Rodenstock zapracovat do v\u00fdpo\u010dtu br\u00fdlov\u00fdch [&hellip;]<\/p>\n","protected":false},"author":1,"featured_media":0,"parent":0,"menu_order":0,"comment_status":"closed","ping_status":"closed","template":"","meta":{"_monsterinsights_skip_tracking":false,"_monsterinsights_sitenote_active":false,"_monsterinsights_sitenote_note":"","_monsterinsights_sitenote_category":0,"footnotes":""},"class_list":["post-933","page","type-page","status-publish","hentry"],"yoast_head":"<!-- This site is optimized with the Yoast SEO plugin v27.3 - https:\/\/yoast.com\/product\/yoast-seo-wordpress\/ -->\n<title>Dneye Scanner | O\u010dn\u00ed Centrum Vidum, Opava<\/title>\n<meta name=\"description\" content=\"O\u010dn\u00ed Centrum Vidum nab\u00edz\u00ed DNEye Scanner, kter\u00fd p\u0159edstavuje sou\u010dasn\u00fd vrchol diagnostiky optick\u00e9ho syst\u00e9mu oka a n\u00e1sledn\u011b i v\u00fdroby br\u00fdlov\u00fdch \u010do\u010dek.\" \/>\n<meta name=\"robots\" content=\"index, follow, max-snippet:-1, max-image-preview:large, max-video-preview:-1\" \/>\n<link rel=\"canonical\" href=\"https:\/\/www.vidum.cz\/index.php\/dneye-scanner\/\" \/>\n<meta property=\"og:locale\" content=\"cs_CZ\" \/>\n<meta property=\"og:type\" content=\"article\" \/>\n<meta property=\"og:title\" content=\"Dneye Scanner | O\u010dn\u00ed Centrum Vidum, Opava\" \/>\n<meta property=\"og:description\" content=\"O\u010dn\u00ed Centrum Vidum nab\u00edz\u00ed DNEye Scanner, kter\u00fd p\u0159edstavuje sou\u010dasn\u00fd vrchol diagnostiky optick\u00e9ho syst\u00e9mu oka a n\u00e1sledn\u011b i v\u00fdroby br\u00fdlov\u00fdch \u010do\u010dek.\" \/>\n<meta property=\"og:url\" content=\"https:\/\/www.vidum.cz\/index.php\/dneye-scanner\/\" \/>\n<meta property=\"og:site_name\" content=\"Vidum\" \/>\n<meta property=\"article:modified_time\" content=\"2018-06-15T07:34:26+00:00\" \/>\n<meta property=\"og:image\" content=\"http:\/\/www.vidum.cz\/wp-content\/uploads\/2016\/10\/Text-DNEye.jpg\" \/>\n<meta name=\"twitter:label1\" content=\"Odhadovan\u00e1 doba \u010dten\u00ed\" \/>\n\t<meta name=\"twitter:data1\" content=\"2 minuty\" \/>\n<script type=\"application\/ld+json\" class=\"yoast-schema-graph\">{\"@context\":\"https:\\\/\\\/schema.org\",\"@graph\":[{\"@type\":\"WebPage\",\"@id\":\"https:\\\/\\\/www.vidum.cz\\\/index.php\\\/dneye-scanner\\\/\",\"url\":\"https:\\\/\\\/www.vidum.cz\\\/index.php\\\/dneye-scanner\\\/\",\"name\":\"Dneye Scanner | O\u010dn\u00ed Centrum Vidum, Opava\",\"isPartOf\":{\"@id\":\"https:\\\/\\\/www.vidum.cz\\\/#website\"},\"primaryImageOfPage\":{\"@id\":\"https:\\\/\\\/www.vidum.cz\\\/index.php\\\/dneye-scanner\\\/#primaryimage\"},\"image\":{\"@id\":\"https:\\\/\\\/www.vidum.cz\\\/index.php\\\/dneye-scanner\\\/#primaryimage\"},\"thumbnailUrl\":\"http:\\\/\\\/www.vidum.cz\\\/wp-content\\\/uploads\\\/2016\\\/10\\\/Text-DNEye.jpg\",\"datePublished\":\"2016-10-26T12:19:55+00:00\",\"dateModified\":\"2018-06-15T07:34:26+00:00\",\"description\":\"O\u010dn\u00ed Centrum Vidum nab\u00edz\u00ed DNEye Scanner, kter\u00fd p\u0159edstavuje sou\u010dasn\u00fd vrchol diagnostiky optick\u00e9ho syst\u00e9mu oka a n\u00e1sledn\u011b i v\u00fdroby br\u00fdlov\u00fdch \u010do\u010dek.\",\"breadcrumb\":{\"@id\":\"https:\\\/\\\/www.vidum.cz\\\/index.php\\\/dneye-scanner\\\/#breadcrumb\"},\"inLanguage\":\"cs\",\"potentialAction\":[{\"@type\":\"ReadAction\",\"target\":[\"https:\\\/\\\/www.vidum.cz\\\/index.php\\\/dneye-scanner\\\/\"]}]},{\"@type\":\"ImageObject\",\"inLanguage\":\"cs\",\"@id\":\"https:\\\/\\\/www.vidum.cz\\\/index.php\\\/dneye-scanner\\\/#primaryimage\",\"url\":\"http:\\\/\\\/www.vidum.cz\\\/wp-content\\\/uploads\\\/2016\\\/10\\\/Text-DNEye.jpg\",\"contentUrl\":\"http:\\\/\\\/www.vidum.cz\\\/wp-content\\\/uploads\\\/2016\\\/10\\\/Text-DNEye.jpg\"},{\"@type\":\"BreadcrumbList\",\"@id\":\"https:\\\/\\\/www.vidum.cz\\\/index.php\\\/dneye-scanner\\\/#breadcrumb\",\"itemListElement\":[{\"@type\":\"ListItem\",\"position\":1,\"name\":\"Dom\u016f\",\"item\":\"https:\\\/\\\/www.vidum.cz\\\/\"},{\"@type\":\"ListItem\",\"position\":2,\"name\":\"DNEye Scanner\"}]},{\"@type\":\"WebSite\",\"@id\":\"https:\\\/\\\/www.vidum.cz\\\/#website\",\"url\":\"https:\\\/\\\/www.vidum.cz\\\/\",\"name\":\"Vidum\",\"description\":\"O\u010dn\u00ed centrum Vidum\",\"potentialAction\":[{\"@type\":\"SearchAction\",\"target\":{\"@type\":\"EntryPoint\",\"urlTemplate\":\"https:\\\/\\\/www.vidum.cz\\\/?s={search_term_string}\"},\"query-input\":{\"@type\":\"PropertyValueSpecification\",\"valueRequired\":true,\"valueName\":\"search_term_string\"}}],\"inLanguage\":\"cs\"}]}<\/script>\n<!-- \/ Yoast SEO plugin. -->","yoast_head_json":{"title":"Dneye Scanner | O\u010dn\u00ed Centrum Vidum, Opava","description":"O\u010dn\u00ed Centrum Vidum nab\u00edz\u00ed DNEye Scanner, kter\u00fd p\u0159edstavuje sou\u010dasn\u00fd vrchol diagnostiky optick\u00e9ho syst\u00e9mu oka a n\u00e1sledn\u011b i v\u00fdroby br\u00fdlov\u00fdch \u010do\u010dek.","robots":{"index":"index","follow":"follow","max-snippet":"max-snippet:-1","max-image-preview":"max-image-preview:large","max-video-preview":"max-video-preview:-1"},"canonical":"https:\/\/www.vidum.cz\/index.php\/dneye-scanner\/","og_locale":"cs_CZ","og_type":"article","og_title":"Dneye Scanner | O\u010dn\u00ed Centrum Vidum, Opava","og_description":"O\u010dn\u00ed Centrum Vidum nab\u00edz\u00ed DNEye Scanner, kter\u00fd p\u0159edstavuje sou\u010dasn\u00fd vrchol diagnostiky optick\u00e9ho syst\u00e9mu oka a n\u00e1sledn\u011b i v\u00fdroby br\u00fdlov\u00fdch \u010do\u010dek.","og_url":"https:\/\/www.vidum.cz\/index.php\/dneye-scanner\/","og_site_name":"Vidum","article_modified_time":"2018-06-15T07:34:26+00:00","og_image":[{"url":"http:\/\/www.vidum.cz\/wp-content\/uploads\/2016\/10\/Text-DNEye.jpg","type":"","width":"","height":""}],"twitter_misc":{"Odhadovan\u00e1 doba \u010dten\u00ed":"2 minuty"},"schema":{"@context":"https:\/\/schema.org","@graph":[{"@type":"WebPage","@id":"https:\/\/www.vidum.cz\/index.php\/dneye-scanner\/","url":"https:\/\/www.vidum.cz\/index.php\/dneye-scanner\/","name":"Dneye Scanner | O\u010dn\u00ed Centrum Vidum, Opava","isPartOf":{"@id":"https:\/\/www.vidum.cz\/#website"},"primaryImageOfPage":{"@id":"https:\/\/www.vidum.cz\/index.php\/dneye-scanner\/#primaryimage"},"image":{"@id":"https:\/\/www.vidum.cz\/index.php\/dneye-scanner\/#primaryimage"},"thumbnailUrl":"http:\/\/www.vidum.cz\/wp-content\/uploads\/2016\/10\/Text-DNEye.jpg","datePublished":"2016-10-26T12:19:55+00:00","dateModified":"2018-06-15T07:34:26+00:00","description":"O\u010dn\u00ed Centrum Vidum nab\u00edz\u00ed DNEye Scanner, kter\u00fd p\u0159edstavuje sou\u010dasn\u00fd vrchol diagnostiky optick\u00e9ho syst\u00e9mu oka a n\u00e1sledn\u011b i v\u00fdroby br\u00fdlov\u00fdch \u010do\u010dek.","breadcrumb":{"@id":"https:\/\/www.vidum.cz\/index.php\/dneye-scanner\/#breadcrumb"},"inLanguage":"cs","potentialAction":[{"@type":"ReadAction","target":["https:\/\/www.vidum.cz\/index.php\/dneye-scanner\/"]}]},{"@type":"ImageObject","inLanguage":"cs","@id":"https:\/\/www.vidum.cz\/index.php\/dneye-scanner\/#primaryimage","url":"http:\/\/www.vidum.cz\/wp-content\/uploads\/2016\/10\/Text-DNEye.jpg","contentUrl":"http:\/\/www.vidum.cz\/wp-content\/uploads\/2016\/10\/Text-DNEye.jpg"},{"@type":"BreadcrumbList","@id":"https:\/\/www.vidum.cz\/index.php\/dneye-scanner\/#breadcrumb","itemListElement":[{"@type":"ListItem","position":1,"name":"Dom\u016f","item":"https:\/\/www.vidum.cz\/"},{"@type":"ListItem","position":2,"name":"DNEye Scanner"}]},{"@type":"WebSite","@id":"https:\/\/www.vidum.cz\/#website","url":"https:\/\/www.vidum.cz\/","name":"Vidum","description":"O\u010dn\u00ed centrum Vidum","potentialAction":[{"@type":"SearchAction","target":{"@type":"EntryPoint","urlTemplate":"https:\/\/www.vidum.cz\/?s={search_term_string}"},"query-input":{"@type":"PropertyValueSpecification","valueRequired":true,"valueName":"search_term_string"}}],"inLanguage":"cs"}]}},"_links":{"self":[{"href":"https:\/\/www.vidum.cz\/index.php\/wp-json\/wp\/v2\/pages\/933","targetHints":{"allow":["GET"]}}],"collection":[{"href":"https:\/\/www.vidum.cz\/index.php\/wp-json\/wp\/v2\/pages"}],"about":[{"href":"https:\/\/www.vidum.cz\/index.php\/wp-json\/wp\/v2\/types\/page"}],"author":[{"embeddable":true,"href":"https:\/\/www.vidum.cz\/index.php\/wp-json\/wp\/v2\/users\/1"}],"replies":[{"embeddable":true,"href":"https:\/\/www.vidum.cz\/index.php\/wp-json\/wp\/v2\/comments?post=933"}],"version-history":[{"count":5,"href":"https:\/\/www.vidum.cz\/index.php\/wp-json\/wp\/v2\/pages\/933\/revisions"}],"predecessor-version":[{"id":941,"href":"https:\/\/www.vidum.cz\/index.php\/wp-json\/wp\/v2\/pages\/933\/revisions\/941"}],"wp:attachment":[{"href":"https:\/\/www.vidum.cz\/index.php\/wp-json\/wp\/v2\/media?parent=933"}],"curies":[{"name":"wp","href":"https:\/\/api.w.org\/{rel}","templated":true}]}}